{"id":74443,"date":"2024-09-24T05:03:23","date_gmt":"2024-09-24T05:03:23","guid":{"rendered":"https:\/\/onlinehardwareshop.de\/index.php\/produkt\/playseat-trophy-2\/"},"modified":"2025-05-14T04:37:57","modified_gmt":"2025-05-14T04:37:57","slug":"playseat-trophy","status":"publish","type":"product","link":"https:\/\/onlinehardwareshop.de\/index.php\/produkt\/playseat-trophy\/","title":{"rendered":"Playseat Trophy"},"content":{"rendered":"<p>Nimm Platz auf dem Playseat Trophy und nimm komfortabel am Rennen um einen Platz auf dem Podium teil. Durch die K\u00f6rperhaltung, die du auf diesem Stuhl einnimmst, sitzt du wie ein echter Formel-1-Pilot. Die Konstruktion der R\u00fcckenlehne sorgt daf\u00fcr, dass du auch in der Hitze des Gefechts fest auf deinem Platz sitzen bleibst. Der Stuhl besteht aus Metall und h\u00e4lt daher einiges aus. Du kannst so gut wie jedes Lenkrad und Pedalset an diesen Playseat anschlie\u00dfen, sodass du deinen Rennwagen pr\u00e4zise steuern kannst. Au\u00dferdem lassen sich die Pedalplatte und die Lenkradplattform einfach wunschgem\u00e4\u00df verstellen.<\/p>\n","protected":false},"excerpt":{"rendered":"<p>Nimm Platz auf dem Playseat Trophy und nimm komfortabel am Rennen um einen Platz auf dem Podium teil. Durch die K\u00f6rperhaltung, die du auf diesem Stuhl einnimmst, sitzt du wie ein echter Formel-1-Pilot. Die Konstruktion der R\u00fcckenlehne sorgt daf\u00fcr, dass du auch in der Hitze des Gefechts fest auf deinem Platz sitzen bleibst. Der Stuhl besteht aus Metall und h\u00e4lt daher einiges aus. Du kannst so gut wie jedes Lenkrad und Pedalset an diesen Playseat anschlie\u00dfen, sodass du deinen Rennwagen pr\u00e4zise steuern kannst. Au\u00dferdem lassen sich die Pedalplatte und die Lenkradplattform einfach wunschgem\u00e4\u00df verstellen.<\/p>\n","protected":false},"featured_media":0,"comment_status":"closed","ping_status":"open","template":"","meta":{"_acf_changed":false},"brand":[362],"product_brand":[],"product_cat":[363],"product_tag":[364],"class_list":{"0":"post-74443","1":"product","2":"type-product","3":"status-publish","5":"brand-playseat","6":"product_cat-gaming-sthle","7":"product_tag-race-stoelen","8":"pa_condition-new","9":"pa_coolblue-de-verzending-morgen-gratis-geliefert","10":"pa_ean-9116","11":"pa_mpn-rap-00304","13":"first","14":"instock","15":"product-type-external"},"acf":[],"_links":{"self":[{"href":"https:\/\/onlinehardwareshop.de\/index.php\/wp-json\/wp\/v2\/product\/74443","targetHints":{"allow":["GET"]}}],"collection":[{"href":"https:\/\/onlinehardwareshop.de\/index.php\/wp-json\/wp\/v2\/product"}],"about":[{"href":"https:\/\/onlinehardwareshop.de\/index.php\/wp-json\/wp\/v2\/types\/product"}],"replies":[{"embeddable":true,"href":"https:\/\/onlinehardwareshop.de\/index.php\/wp-json\/wp\/v2\/comments?post=74443"}],"wp:attachment":[{"href":"https:\/\/onlinehardwareshop.de\/index.php\/wp-json\/wp\/v2\/media?parent=74443"}],"wp:term":[{"taxonomy":"brand","embeddable":true,"href":"https:\/\/onlinehardwareshop.de\/index.php\/wp-json\/wp\/v2\/brand?post=74443"},{"taxonomy":"product_brand","embeddable":true,"href":"https:\/\/onlinehardwareshop.de\/index.php\/wp-json\/wp\/v2\/product_brand?post=74443"},{"taxonomy":"product_cat","embeddable":true,"href":"https:\/\/onlinehardwareshop.de\/index.php\/wp-json\/wp\/v2\/product_cat?post=74443"},{"taxonomy":"product_tag","embeddable":true,"href":"https:\/\/onlinehardwareshop.de\/index.php\/wp-json\/wp\/v2\/product_tag?post=74443"}],"curies":[{"name":"wp","href":"https:\/\/api.w.org\/{rel}","templated":true}]}}