{"id":74442,"date":"2025-02-04T01:56:57","date_gmt":"2025-02-04T01:56:57","guid":{"rendered":"https:\/\/onlinehardwareshop.de\/index.php\/produkt\/razer-basilisk-v3-gaming-maus-2\/"},"modified":"2025-05-14T04:37:52","modified_gmt":"2025-05-14T04:37:52","slug":"razer-basilisk-v3-gaming-maus","status":"publish","type":"product","link":"https:\/\/onlinehardwareshop.de\/index.php\/produkt\/razer-basilisk-v3-gaming-maus\/","title":{"rendered":"Razer Basilisk V3 Gaming-Maus"},"content":{"rendered":"<p>Mit der pr\u00e4zisen Razer Basilisk Gaming-Maus macht Razer das Gaming-Setup von kompetitiven Spielern von Shootern komplett. Die dpi l\u00e4sst sich bei vielen Gaming-M\u00e4usen anpassen, aber mit der Razer Basilisk geht das dank der DPI-Umschalttaste noch um einiges pr\u00e4ziser. Solange du diese Taste gedr\u00fcckt h\u00e4ltst, verf\u00fcgst du \u00fcber all deine eingestellten dpi-Werte. So schie\u00dft du zum Beispiel bei einer niedrigen Aufl\u00f6sung, w\u00e4hrend du eine h\u00f6here Aufl\u00f6sung verwendest, um eine 180-Grad-Drehung hinzulegen. Programmiere f\u00fcnf Tasten nach Wunsch und profitiere von extra Komfort sowie Vorteilen beim Gaming. Au\u00dferdem verf\u00fcgt die Maus \u00fcber Beleuchtungszonen, mit denen du dein Gaming-Setup in tollen Farben erstrahlen l\u00e4sst. Der neue optische Sensor f\u00fcr pixelpr\u00e4zises Tracking sorgt daf\u00fcr, dass du deine Gegner mit einem zielgerichteten Schuss zur Strecke bringst. Die mechanischen Tastenschalter in den Maustasten registrieren au\u00dferdem jeden Klick, sodass du nie wieder aus Frust auf Spray&#8217;n&#8217;Pray zur\u00fcckgreifen musst.<\/p>\n","protected":false},"excerpt":{"rendered":"<p>Mit der pr\u00e4zisen Razer Basilisk Gaming-Maus macht Razer das Gaming-Setup von kompetitiven Spielern von Shootern komplett. Die dpi l\u00e4sst sich bei vielen Gaming-M\u00e4usen anpassen, aber mit der Razer Basilisk geht das dank der DPI-Umschalttaste noch um einiges pr\u00e4ziser. Solange du diese Taste gedr\u00fcckt h\u00e4ltst, verf\u00fcgst du \u00fcber all deine eingestellten dpi-Werte. So schie\u00dft du zum Beispiel bei einer niedrigen Aufl\u00f6sung, w\u00e4hrend du eine h\u00f6here Aufl\u00f6sung verwendest, um eine 180-Grad-Drehung hinzulegen. Programmiere f\u00fcnf Tasten nach Wunsch und profitiere von extra Komfort sowie Vorteilen beim Gaming. Au\u00dferdem verf\u00fcgt die Maus \u00fcber Beleuchtungszonen, mit denen du dein Gaming-Setup in tollen Farben erstrahlen l\u00e4sst. Der neue optische Sensor f\u00fcr pixelpr\u00e4zises Tracking sorgt daf\u00fcr, dass du deine Gegner mit einem zielgerichteten Schuss zur Strecke bringst. Die mechanischen Tastenschalter in den Maustasten registrieren au\u00dferdem jeden Klick, sodass du nie wieder aus Frust auf Spray&#8217;n&#8217;Pray zur\u00fcckgreifen musst.<\/p>\n","protected":false},"featured_media":0,"comment_status":"closed","ping_status":"open","template":"","meta":{"_acf_changed":false},"brand":[3451],"product_brand":[],"product_cat":[33],"product_tag":[3752],"class_list":{"0":"post-74442","1":"product","2":"type-product","3":"status-publish","5":"brand-razer","6":"product_cat-muse","7":"product_tag-gaming-muizen","8":"pa_condition-new","9":"pa_coolblue-de-verzending-morgen-gratis-geliefert","10":"pa_ean-9114","11":"pa_mpn-rz01-04000100-r3m1","13":"first","14":"instock","15":"product-type-external"},"acf":[],"_links":{"self":[{"href":"https:\/\/onlinehardwareshop.de\/index.php\/wp-json\/wp\/v2\/product\/74442","targetHints":{"allow":["GET"]}}],"collection":[{"href":"https:\/\/onlinehardwareshop.de\/index.php\/wp-json\/wp\/v2\/product"}],"about":[{"href":"https:\/\/onlinehardwareshop.de\/index.php\/wp-json\/wp\/v2\/types\/product"}],"replies":[{"embeddable":true,"href":"https:\/\/onlinehardwareshop.de\/index.php\/wp-json\/wp\/v2\/comments?post=74442"}],"wp:attachment":[{"href":"https:\/\/onlinehardwareshop.de\/index.php\/wp-json\/wp\/v2\/media?parent=74442"}],"wp:term":[{"taxonomy":"brand","embeddable":true,"href":"https:\/\/onlinehardwareshop.de\/index.php\/wp-json\/wp\/v2\/brand?post=74442"},{"taxonomy":"product_brand","embeddable":true,"href":"https:\/\/onlinehardwareshop.de\/index.php\/wp-json\/wp\/v2\/product_brand?post=74442"},{"taxonomy":"product_cat","embeddable":true,"href":"https:\/\/onlinehardwareshop.de\/index.php\/wp-json\/wp\/v2\/product_cat?post=74442"},{"taxonomy":"product_tag","embeddable":true,"href":"https:\/\/onlinehardwareshop.de\/index.php\/wp-json\/wp\/v2\/product_tag?post=74442"}],"curies":[{"name":"wp","href":"https:\/\/api.w.org\/{rel}","templated":true}]}}