{"id":74423,"date":"2024-12-04T23:33:46","date_gmt":"2024-12-04T23:33:46","guid":{"rendered":"https:\/\/onlinehardwareshop.de\/index.php\/produkt\/kingston-kc3000-ssd-512gb-2\/"},"modified":"2025-05-14T04:36:13","modified_gmt":"2025-05-14T04:36:13","slug":"kingston-kc3000-ssd-512gb","status":"publish","type":"product","link":"https:\/\/onlinehardwareshop.de\/index.php\/produkt\/kingston-kc3000-ssd-512gb\/","title":{"rendered":"Kingston KC3000 SSD 512&#xA0;GB"},"content":{"rendered":"<p>Die Kingston KC3000 SSD 512\u00a0GB mit PCIe 4.0 NVMe M.2 Key erbringt Leistung auf hohem Niveau. Die SSD enth\u00e4lt den neuesten Gen 4&#215;4 NVMe Controller sowie 3D TLC NAND. Genau das Richtige also f\u00fcr ein Upgrade in Sachen Speicherplatz und Zuverl\u00e4ssigkeit deines PCs, damit dieser mit anspruchsvollen Workloads fertig wird. Mit einer Speicherkapazit\u00e4t von 512 Gigabyte speicherst du mehr als 50.000 Fotos oder 50 Full-HD-Filme \u00e0 2 Stunden Dauer. Erlebe die erh\u00f6hte Leistung in Programmen, etwa bei 3D-Renderings und Filmen von 4K+-Inhalten. Mit einer Lese- sowie Schreibgeschwindigkeit von bis zu 7.000\u00a0MB\/s erm\u00f6glicht die Kingston KC3000 SSD einen angenehmeren Workflow auf performanten PCs wie Laptops. Die SSD ist optimal f\u00fcr eine Steigerung bis in h\u00f6chste Geschwindigkeiten des PCs geeignet. Mit M.2 2280 als Design passt die SSD kinderleicht an Motherboards. Profitiere mit dieser SSD von einem schnellen Reaktionsverm\u00f6gen und flotten Ladezeiten deines PC oder Laptops.<\/p>\n","protected":false},"excerpt":{"rendered":"<p>Die Kingston KC3000 SSD 512\u00a0GB mit PCIe 4.0 NVMe M.2 Key erbringt Leistung auf hohem Niveau. Die SSD enth\u00e4lt den neuesten Gen 4&#215;4 NVMe Controller sowie 3D TLC NAND. Genau das Richtige also f\u00fcr ein Upgrade in Sachen Speicherplatz und Zuverl\u00e4ssigkeit deines PCs, damit dieser mit anspruchsvollen Workloads fertig wird. Mit einer Speicherkapazit\u00e4t von 512 Gigabyte speicherst du mehr als 50.000 Fotos oder 50 Full-HD-Filme \u00e0 2 Stunden Dauer. Erlebe die erh\u00f6hte Leistung in Programmen, etwa bei 3D-Renderings und Filmen von 4K+-Inhalten. Mit einer Lese- sowie Schreibgeschwindigkeit von bis zu 7.000\u00a0MB\/s erm\u00f6glicht die Kingston KC3000 SSD einen angenehmeren Workflow auf performanten PCs wie Laptops. Die SSD ist optimal f\u00fcr eine Steigerung bis in h\u00f6chste Geschwindigkeiten des PCs geeignet. Mit M.2 2280 als Design passt die SSD kinderleicht an Motherboards. Profitiere mit dieser SSD von einem schnellen Reaktionsverm\u00f6gen und flotten Ladezeiten deines PC oder Laptops.<\/p>\n","protected":false},"featured_media":0,"comment_status":"closed","ping_status":"open","template":"","meta":{"_acf_changed":false},"brand":[2956],"product_brand":[],"product_cat":[2957],"product_tag":[7168],"class_list":{"0":"post-74423","1":"product","2":"type-product","3":"status-publish","5":"brand-kingston","6":"product_cat-solid-state-drives-ssd","7":"product_tag-m-2-ssd","8":"pa_condition-new","9":"pa_coolblue-de-verzending-morgen-gratis-geliefert","10":"pa_ean-9064","11":"pa_mpn-skc3000s-512g","13":"first","14":"instock","15":"product-type-external"},"acf":[],"_links":{"self":[{"href":"https:\/\/onlinehardwareshop.de\/index.php\/wp-json\/wp\/v2\/product\/74423","targetHints":{"allow":["GET"]}}],"collection":[{"href":"https:\/\/onlinehardwareshop.de\/index.php\/wp-json\/wp\/v2\/product"}],"about":[{"href":"https:\/\/onlinehardwareshop.de\/index.php\/wp-json\/wp\/v2\/types\/product"}],"replies":[{"embeddable":true,"href":"https:\/\/onlinehardwareshop.de\/index.php\/wp-json\/wp\/v2\/comments?post=74423"}],"wp:attachment":[{"href":"https:\/\/onlinehardwareshop.de\/index.php\/wp-json\/wp\/v2\/media?parent=74423"}],"wp:term":[{"taxonomy":"brand","embeddable":true,"href":"https:\/\/onlinehardwareshop.de\/index.php\/wp-json\/wp\/v2\/brand?post=74423"},{"taxonomy":"product_brand","embeddable":true,"href":"https:\/\/onlinehardwareshop.de\/index.php\/wp-json\/wp\/v2\/product_brand?post=74423"},{"taxonomy":"product_cat","embeddable":true,"href":"https:\/\/onlinehardwareshop.de\/index.php\/wp-json\/wp\/v2\/product_cat?post=74423"},{"taxonomy":"product_tag","embeddable":true,"href":"https:\/\/onlinehardwareshop.de\/index.php\/wp-json\/wp\/v2\/product_tag?post=74423"}],"curies":[{"name":"wp","href":"https:\/\/api.w.org\/{rel}","templated":true}]}}