{"id":74422,"date":"2024-10-07T01:35:45","date_gmt":"2024-10-07T01:35:45","guid":{"rendered":"https:\/\/onlinehardwareshop.de\/index.php\/produkt\/kingston-fury-renegade-ssd-2tb-2\/"},"modified":"2025-05-14T04:36:08","modified_gmt":"2025-05-14T04:36:08","slug":"kingston-fury-renegade-ssd-2tb","status":"publish","type":"product","link":"https:\/\/onlinehardwareshop.de\/index.php\/produkt\/kingston-fury-renegade-ssd-2tb\/","title":{"rendered":"Kingston FURY Renegade SSD 2TB"},"content":{"rendered":"<p>Die Kingston FURY Renegade SSD 2\u00a0TB bietet Gaming- und Hardware-Fans eine hohe Leistung. Suchst du extreme Leistung f\u00fcr deinen PC? Dann ist diese SSD-Karte goldrichtig f\u00fcr dich. Mit dem neuesten Gen 4&#215;4 NVMe Controller und 3D TLC NAND bietet die SSD-Karte Geschwindigkeiten von bis zu 7.300 MB\/s beim Lesen und Schreiben. Dar\u00fcber hinaus erreicht die SSD-Karte 1.000.000 IOPS f\u00fcr beste Konsistenz und ein au\u00dfergew\u00f6hnliches Gaming-Erlebnis. Verbessere die Reaktionszeit deines PCs, die Ladezeiten von Spielen und die Qualit\u00e4t von Streaming und Gamecaptures. Die SSD-Karte ist f\u00fcr den intensiven Einsatz in PCs, Laptops und der PlayStation 5 optimiert. Die Kapazit\u00e4t dieser SSD-Karte betr\u00e4gt 2\u00a0TB.<\/p>\n","protected":false},"excerpt":{"rendered":"<p>Die Kingston FURY Renegade SSD 2\u00a0TB bietet Gaming- und Hardware-Fans eine hohe Leistung. Suchst du extreme Leistung f\u00fcr deinen PC? Dann ist diese SSD-Karte goldrichtig f\u00fcr dich. Mit dem neuesten Gen 4&#215;4 NVMe Controller und 3D TLC NAND bietet die SSD-Karte Geschwindigkeiten von bis zu 7.300 MB\/s beim Lesen und Schreiben. Dar\u00fcber hinaus erreicht die SSD-Karte 1.000.000 IOPS f\u00fcr beste Konsistenz und ein au\u00dfergew\u00f6hnliches Gaming-Erlebnis. Verbessere die Reaktionszeit deines PCs, die Ladezeiten von Spielen und die Qualit\u00e4t von Streaming und Gamecaptures. Die SSD-Karte ist f\u00fcr den intensiven Einsatz in PCs, Laptops und der PlayStation 5 optimiert. Die Kapazit\u00e4t dieser SSD-Karte betr\u00e4gt 2\u00a0TB.<\/p>\n","protected":false},"featured_media":0,"comment_status":"closed","ping_status":"open","template":"","meta":{"_acf_changed":false},"brand":[2956],"product_brand":[],"product_cat":[2957],"product_tag":[7168],"class_list":{"0":"post-74422","1":"product","2":"type-product","3":"status-publish","5":"brand-kingston","6":"product_cat-solid-state-drives-ssd","7":"product_tag-m-2-ssd","8":"pa_condition-new","9":"pa_coolblue-de-verzending-morgen-gratis-geliefert","10":"pa_ean-9062","11":"pa_mpn-sfyrd-2000g","13":"first","14":"instock","15":"product-type-external"},"acf":[],"_links":{"self":[{"href":"https:\/\/onlinehardwareshop.de\/index.php\/wp-json\/wp\/v2\/product\/74422","targetHints":{"allow":["GET"]}}],"collection":[{"href":"https:\/\/onlinehardwareshop.de\/index.php\/wp-json\/wp\/v2\/product"}],"about":[{"href":"https:\/\/onlinehardwareshop.de\/index.php\/wp-json\/wp\/v2\/types\/product"}],"replies":[{"embeddable":true,"href":"https:\/\/onlinehardwareshop.de\/index.php\/wp-json\/wp\/v2\/comments?post=74422"}],"wp:attachment":[{"href":"https:\/\/onlinehardwareshop.de\/index.php\/wp-json\/wp\/v2\/media?parent=74422"}],"wp:term":[{"taxonomy":"brand","embeddable":true,"href":"https:\/\/onlinehardwareshop.de\/index.php\/wp-json\/wp\/v2\/brand?post=74422"},{"taxonomy":"product_brand","embeddable":true,"href":"https:\/\/onlinehardwareshop.de\/index.php\/wp-json\/wp\/v2\/product_brand?post=74422"},{"taxonomy":"product_cat","embeddable":true,"href":"https:\/\/onlinehardwareshop.de\/index.php\/wp-json\/wp\/v2\/product_cat?post=74422"},{"taxonomy":"product_tag","embeddable":true,"href":"https:\/\/onlinehardwareshop.de\/index.php\/wp-json\/wp\/v2\/product_tag?post=74422"}],"curies":[{"name":"wp","href":"https:\/\/api.w.org\/{rel}","templated":true}]}}