{"id":74412,"date":"2024-10-22T17:04:56","date_gmt":"2024-10-22T17:04:56","guid":{"rendered":"https:\/\/onlinehardwareshop.de\/index.php\/produkt\/netatmo-kohlenmonoxidmelder-74-055-2\/"},"modified":"2025-05-14T04:35:17","modified_gmt":"2025-05-14T04:35:17","slug":"netatmo-kohlenmonoxidmelder-74-055","status":"publish","type":"product","link":"https:\/\/onlinehardwareshop.de\/index.php\/produkt\/netatmo-kohlenmonoxidmelder-74-055\/","title":{"rendered":"Netatmo Kohlenmonoxidmelder 74-055"},"content":{"rendered":"<p>Der Netatmo Kohlenmonoxidmelder 74-055 erkennt den genauen Kohlenstoffmonoxidgehalt im Haus. Kohlenmonoxid ist ein geruchloses und gef\u00e4hrliches Gas. Du verbindest das smarte Messger\u00e4t mit der Netatmo-App auf deinem Smartphone. So bist du immer informiert, wenn an einer Stelle gef\u00e4hrliche Mengen von Kohlenstoffmonoxid entstehen. Der Melder l\u00e4uft mit einer Batterie, sodass du ihn nicht in der N\u00e4he einer Steckdose anbringen musst. Es ist jedoch wichtig, dass der Melder ein gutes WLAN-Signal empfangen kann, damit die Benachrichtigungen auch auf deinem Smartphone ankommen. Der Melder kann zudem einen Alarm ausl\u00f6sen, der auch ohne WLAN funktioniert. Au\u00dferdem verbindest du bis zu acht weitere Melder mit diesem Kohlenmonoxidmelder. So wei\u00dft du immer Bescheid, wenn Kohlenstoffmonoxid in deinem Haus gemessen wird.<\/p>\n","protected":false},"excerpt":{"rendered":"<p>Der Netatmo Kohlenmonoxidmelder 74-055 erkennt den genauen Kohlenstoffmonoxidgehalt im Haus. Kohlenmonoxid ist ein geruchloses und gef\u00e4hrliches Gas. Du verbindest das smarte Messger\u00e4t mit der Netatmo-App auf deinem Smartphone. So bist du immer informiert, wenn an einer Stelle gef\u00e4hrliche Mengen von Kohlenstoffmonoxid entstehen. Der Melder l\u00e4uft mit einer Batterie, sodass du ihn nicht in der N\u00e4he einer Steckdose anbringen musst. Es ist jedoch wichtig, dass der Melder ein gutes WLAN-Signal empfangen kann, damit die Benachrichtigungen auch auf deinem Smartphone ankommen. Der Melder kann zudem einen Alarm ausl\u00f6sen, der auch ohne WLAN funktioniert. Au\u00dferdem verbindest du bis zu acht weitere Melder mit diesem Kohlenmonoxidmelder. So wei\u00dft du immer Bescheid, wenn Kohlenstoffmonoxid in deinem Haus gemessen wird.<\/p>\n","protected":false},"featured_media":0,"comment_status":"closed","ping_status":"open","template":"","meta":{"_acf_changed":false},"brand":[845],"product_brand":[],"product_cat":[5529],"product_tag":[5530],"class_list":{"0":"post-74412","1":"product","2":"type-product","3":"status-publish","5":"brand-netatmo","6":"product_cat-kohlenmonoxidmelder","7":"product_tag-koolmonoxidemelders","8":"pa_condition-new","9":"pa_coolblue-de-verzending-morgen-gratis-geliefert","10":"pa_ean-9042","11":"pa_mpn-na-74-055","13":"first","14":"instock","15":"product-type-external"},"acf":[],"_links":{"self":[{"href":"https:\/\/onlinehardwareshop.de\/index.php\/wp-json\/wp\/v2\/product\/74412","targetHints":{"allow":["GET"]}}],"collection":[{"href":"https:\/\/onlinehardwareshop.de\/index.php\/wp-json\/wp\/v2\/product"}],"about":[{"href":"https:\/\/onlinehardwareshop.de\/index.php\/wp-json\/wp\/v2\/types\/product"}],"replies":[{"embeddable":true,"href":"https:\/\/onlinehardwareshop.de\/index.php\/wp-json\/wp\/v2\/comments?post=74412"}],"wp:attachment":[{"href":"https:\/\/onlinehardwareshop.de\/index.php\/wp-json\/wp\/v2\/media?parent=74412"}],"wp:term":[{"taxonomy":"brand","embeddable":true,"href":"https:\/\/onlinehardwareshop.de\/index.php\/wp-json\/wp\/v2\/brand?post=74412"},{"taxonomy":"product_brand","embeddable":true,"href":"https:\/\/onlinehardwareshop.de\/index.php\/wp-json\/wp\/v2\/product_brand?post=74412"},{"taxonomy":"product_cat","embeddable":true,"href":"https:\/\/onlinehardwareshop.de\/index.php\/wp-json\/wp\/v2\/product_cat?post=74412"},{"taxonomy":"product_tag","embeddable":true,"href":"https:\/\/onlinehardwareshop.de\/index.php\/wp-json\/wp\/v2\/product_tag?post=74412"}],"curies":[{"name":"wp","href":"https:\/\/api.w.org\/{rel}","templated":true}]}}