{"id":74381,"date":"2024-10-02T00:59:45","date_gmt":"2024-10-02T00:59:45","guid":{"rendered":"https:\/\/onlinehardwareshop.de\/index.php\/produkt\/brabantia-bo-touch-bin-2-x-30-liter-platin-mllscke-120-stck-2\/"},"modified":"2025-05-14T04:32:32","modified_gmt":"2025-05-14T04:32:32","slug":"brabantia-bo-touch-bin-2-x-30-liter-platin-mllscke-120-stck","status":"publish","type":"product","link":"https:\/\/onlinehardwareshop.de\/index.php\/produkt\/brabantia-bo-touch-bin-2-x-30-liter-platin-mllscke-120-stck\/","title":{"rendered":"Brabantia Bo Touch Bin 2 x 30 Liter Platin + M&#xFC;lls&#xE4;cke (120 St&#xFC;ck)"},"content":{"rendered":"<p>Mit dem Brabantia Bo Touch Bin 2 x 30 Liter Platinum + M\u00fcllbeutel (120 St\u00fcck) ist dein M\u00fclleimer dank der mitgelieferten M\u00fcllbeutel sofort einsatzbereit. Dieser M\u00fclleimer macht die M\u00fclltrennung dank der zwei Inneneimer sehr einfach. Durch die Gesamtkapazit\u00e4t von 60 Litern ist der M\u00fclleimer f\u00fcr eine gro\u00dfe Familie geeignet. Die zwei Inneneimer f\u00fcr je 30 Liter k\u00f6nnen getrennt voneinander entnommen werden. Dadurch kannst du die M\u00fcllbeutel separat austauschen und den M\u00fclleimer leicht reinigen. Mit dem Soft-Touch-System von Brabantia \u00f6ffnest du den M\u00fclleimer mit einem leichten Druck auf den Deckel. Durch die rechteckige Form stellst du den M\u00fclleimer an die Wand oder in eine Ecke, damit er nicht im Weg ist.<\/p>\n","protected":false},"excerpt":{"rendered":"<p>Mit dem Brabantia Bo Touch Bin 2 x 30 Liter Platinum + M\u00fcllbeutel (120 St\u00fcck) ist dein M\u00fclleimer dank der mitgelieferten M\u00fcllbeutel sofort einsatzbereit. Dieser M\u00fclleimer macht die M\u00fclltrennung dank der zwei Inneneimer sehr einfach. Durch die Gesamtkapazit\u00e4t von 60 Litern ist der M\u00fclleimer f\u00fcr eine gro\u00dfe Familie geeignet. Die zwei Inneneimer f\u00fcr je 30 Liter k\u00f6nnen getrennt voneinander entnommen werden. Dadurch kannst du die M\u00fcllbeutel separat austauschen und den M\u00fclleimer leicht reinigen. Mit dem Soft-Touch-System von Brabantia \u00f6ffnest du den M\u00fclleimer mit einem leichten Druck auf den Deckel. Durch die rechteckige Form stellst du den M\u00fclleimer an die Wand oder in eine Ecke, damit er nicht im Weg ist.<\/p>\n","protected":false},"featured_media":0,"comment_status":"closed","ping_status":"open","template":"","meta":{"_acf_changed":false},"brand":[66],"product_brand":[],"product_cat":[653],"product_tag":[654],"class_list":{"0":"post-74381","1":"product","2":"type-product","3":"status-publish","5":"brand-brabantia","6":"product_cat-mlleimer","7":"product_tag-prullenbakken-keuken-met-afvalscheiding","8":"pa_condition-new","9":"pa_coolblue-de-verzending-morgen-gratis-geliefert","10":"pa_ean-8986","12":"first","13":"instock","14":"product-type-external"},"acf":[],"_links":{"self":[{"href":"https:\/\/onlinehardwareshop.de\/index.php\/wp-json\/wp\/v2\/product\/74381","targetHints":{"allow":["GET"]}}],"collection":[{"href":"https:\/\/onlinehardwareshop.de\/index.php\/wp-json\/wp\/v2\/product"}],"about":[{"href":"https:\/\/onlinehardwareshop.de\/index.php\/wp-json\/wp\/v2\/types\/product"}],"replies":[{"embeddable":true,"href":"https:\/\/onlinehardwareshop.de\/index.php\/wp-json\/wp\/v2\/comments?post=74381"}],"wp:attachment":[{"href":"https:\/\/onlinehardwareshop.de\/index.php\/wp-json\/wp\/v2\/media?parent=74381"}],"wp:term":[{"taxonomy":"brand","embeddable":true,"href":"https:\/\/onlinehardwareshop.de\/index.php\/wp-json\/wp\/v2\/brand?post=74381"},{"taxonomy":"product_brand","embeddable":true,"href":"https:\/\/onlinehardwareshop.de\/index.php\/wp-json\/wp\/v2\/product_brand?post=74381"},{"taxonomy":"product_cat","embeddable":true,"href":"https:\/\/onlinehardwareshop.de\/index.php\/wp-json\/wp\/v2\/product_cat?post=74381"},{"taxonomy":"product_tag","embeddable":true,"href":"https:\/\/onlinehardwareshop.de\/index.php\/wp-json\/wp\/v2\/product_tag?post=74381"}],"curies":[{"name":"wp","href":"https:\/\/api.w.org\/{rel}","templated":true}]}}