{"id":74378,"date":"2024-04-21T07:29:14","date_gmt":"2024-04-21T07:29:14","guid":{"rendered":"https:\/\/onlinehardwareshop.de\/index.php\/produkt\/brabantia-bo-touch-bin-2-x-30liter-edelstahl-fingerprint-proof-mllbeutel-120stck-2\/"},"modified":"2025-05-14T04:32:17","modified_gmt":"2025-05-14T04:32:17","slug":"brabantia-bo-touch-bin-2-x-30liter-edelstahl-fingerprint-proof-mllbeutel-120stck","status":"publish","type":"product","link":"https:\/\/onlinehardwareshop.de\/index.php\/produkt\/brabantia-bo-touch-bin-2-x-30liter-edelstahl-fingerprint-proof-mllbeutel-120stck\/","title":{"rendered":"Brabantia Bo Touch Bin 2 x 30&#xA0;Liter Edelstahl Fingerprint Proof + M&#xFC;llbeutel (120&#xA0;St&#xFC;ck)"},"content":{"rendered":"<p>Mit dem Brabantia Bo Touch Bin 2 x 30\u00a0Liter Edelstahl Fingerprint Proof + M\u00fcllbeutel (120\u00a0St\u00fcck) ist dein M\u00fclleimer dank der mitgelieferten M\u00fcllbeutel sofort einsatzbereit. Dank der beiden Inneneimer macht dieser M\u00fclleimer die M\u00fclltrennung kinderleicht. Durch das Fassungsverm\u00f6gen von 60\u00a0Litern ist der M\u00fclleimer f\u00fcr eine gro\u00dfe Familie geeignet. Die zwei Inneneimer zu je 30\u00a0Liter k\u00f6nnen getrennt voneinander entnommen werden. Dadurch kannst du die M\u00fcllbeutel separat austauschen und den M\u00fclleimer leicht reinigen. Mit dem Soft-Touch-System von Brabantia \u00f6ffnest du den M\u00fclleimer mit einem leichten Druck auf den Deckel. Aufgrund der rechteckigen Form l\u00e4sst sich der M\u00fclleimer an die Wand oder in eine Ecke stellen, damit er nicht im Weg steht.<\/p>\n","protected":false},"excerpt":{"rendered":"<p>Mit dem Brabantia Bo Touch Bin 2 x 30\u00a0Liter Edelstahl Fingerprint Proof + M\u00fcllbeutel (120\u00a0St\u00fcck) ist dein M\u00fclleimer dank der mitgelieferten M\u00fcllbeutel sofort einsatzbereit. Dank der beiden Inneneimer macht dieser M\u00fclleimer die M\u00fclltrennung kinderleicht. Durch das Fassungsverm\u00f6gen von 60\u00a0Litern ist der M\u00fclleimer f\u00fcr eine gro\u00dfe Familie geeignet. Die zwei Inneneimer zu je 30\u00a0Liter k\u00f6nnen getrennt voneinander entnommen werden. Dadurch kannst du die M\u00fcllbeutel separat austauschen und den M\u00fclleimer leicht reinigen. Mit dem Soft-Touch-System von Brabantia \u00f6ffnest du den M\u00fclleimer mit einem leichten Druck auf den Deckel. Aufgrund der rechteckigen Form l\u00e4sst sich der M\u00fclleimer an die Wand oder in eine Ecke stellen, damit er nicht im Weg steht.<\/p>\n","protected":false},"featured_media":0,"comment_status":"closed","ping_status":"open","template":"","meta":{"_acf_changed":false},"brand":[66],"product_brand":[],"product_cat":[653],"product_tag":[654],"class_list":{"0":"post-74378","1":"product","2":"type-product","3":"status-publish","5":"brand-brabantia","6":"product_cat-mlleimer","7":"product_tag-prullenbakken-keuken-met-afvalscheiding","8":"pa_condition-new","9":"pa_coolblue-de-verzending-morgen-gratis-geliefert","10":"pa_ean-8984","12":"first","13":"instock","14":"product-type-external"},"acf":[],"_links":{"self":[{"href":"https:\/\/onlinehardwareshop.de\/index.php\/wp-json\/wp\/v2\/product\/74378","targetHints":{"allow":["GET"]}}],"collection":[{"href":"https:\/\/onlinehardwareshop.de\/index.php\/wp-json\/wp\/v2\/product"}],"about":[{"href":"https:\/\/onlinehardwareshop.de\/index.php\/wp-json\/wp\/v2\/types\/product"}],"replies":[{"embeddable":true,"href":"https:\/\/onlinehardwareshop.de\/index.php\/wp-json\/wp\/v2\/comments?post=74378"}],"wp:attachment":[{"href":"https:\/\/onlinehardwareshop.de\/index.php\/wp-json\/wp\/v2\/media?parent=74378"}],"wp:term":[{"taxonomy":"brand","embeddable":true,"href":"https:\/\/onlinehardwareshop.de\/index.php\/wp-json\/wp\/v2\/brand?post=74378"},{"taxonomy":"product_brand","embeddable":true,"href":"https:\/\/onlinehardwareshop.de\/index.php\/wp-json\/wp\/v2\/product_brand?post=74378"},{"taxonomy":"product_cat","embeddable":true,"href":"https:\/\/onlinehardwareshop.de\/index.php\/wp-json\/wp\/v2\/product_cat?post=74378"},{"taxonomy":"product_tag","embeddable":true,"href":"https:\/\/onlinehardwareshop.de\/index.php\/wp-json\/wp\/v2\/product_tag?post=74378"}],"curies":[{"name":"wp","href":"https:\/\/api.w.org\/{rel}","templated":true}]}}