{"id":74376,"date":"2025-03-30T12:53:43","date_gmt":"2025-03-30T12:53:43","guid":{"rendered":"https:\/\/onlinehardwareshop.de\/index.php\/produkt\/brabantia-bo-pedal-bin-2-x-30-liter-wei-mllbeutel-120-stck-2\/"},"modified":"2025-05-14T04:32:08","modified_gmt":"2025-05-14T04:32:08","slug":"brabantia-bo-pedal-bin-2-x-30-liter-wei-mllbeutel-120-stck","status":"publish","type":"product","link":"https:\/\/onlinehardwareshop.de\/index.php\/produkt\/brabantia-bo-pedal-bin-2-x-30-liter-wei-mllbeutel-120-stck\/","title":{"rendered":"Brabantia Bo Pedal Bin 2 x 30 Liter Wei&#xDF; + M&#xFC;llbeutel (120 St&#xFC;ck)"},"content":{"rendered":"<p>Mit dem Brabantia Bo Treteimer 2 x 30 Liter Wei\u00df + M\u00fcllbeutel (120 St\u00fcck) ist dein M\u00fclleimer dank der beiliegenden M\u00fcllbeutel sofort einsatzbereit. Dank der zwei Inneneimer kannst du Plastik- oder Biom\u00fcll leicht vom Restm\u00fcll trennen. Die Inneneimer sind herausnehmbar, sodass du die M\u00fcllbeutel schnell wechselst und den M\u00fclleimer einfach reinigst. Das ist praktisch, wenn der eine Beutel schneller voll ist als der andere oder in einem Eimer etwas ausgelaufen ist. An den Seiten des M\u00fclleimers sind zwei Griffe, womit du den M\u00fclleimer m\u00fchelos umsetzt. Du \u00f6ffnest den M\u00fclleimer mit dem Fu\u00df, sodass du die H\u00e4nde f\u00fcr den Abfall frei hast. Der Deckel bleibt dabei sauber, da du ihn beim \u00d6ffnen nicht ber\u00fchrst.<\/p>\n","protected":false},"excerpt":{"rendered":"<p>Mit dem Brabantia Bo Treteimer 2 x 30 Liter Wei\u00df + M\u00fcllbeutel (120 St\u00fcck) ist dein M\u00fclleimer dank der beiliegenden M\u00fcllbeutel sofort einsatzbereit. Dank der zwei Inneneimer kannst du Plastik- oder Biom\u00fcll leicht vom Restm\u00fcll trennen. Die Inneneimer sind herausnehmbar, sodass du die M\u00fcllbeutel schnell wechselst und den M\u00fclleimer einfach reinigst. Das ist praktisch, wenn der eine Beutel schneller voll ist als der andere oder in einem Eimer etwas ausgelaufen ist. An den Seiten des M\u00fclleimers sind zwei Griffe, womit du den M\u00fclleimer m\u00fchelos umsetzt. Du \u00f6ffnest den M\u00fclleimer mit dem Fu\u00df, sodass du die H\u00e4nde f\u00fcr den Abfall frei hast. Der Deckel bleibt dabei sauber, da du ihn beim \u00d6ffnen nicht ber\u00fchrst.<\/p>\n","protected":false},"featured_media":0,"comment_status":"closed","ping_status":"open","template":"","meta":{"_acf_changed":false},"brand":[66],"product_brand":[],"product_cat":[653],"product_tag":[654],"class_list":{"0":"post-74376","1":"product","2":"type-product","3":"status-publish","5":"brand-brabantia","6":"product_cat-mlleimer","7":"product_tag-prullenbakken-keuken-met-afvalscheiding","8":"pa_condition-new","9":"pa_coolblue-de-verzending-morgen-gratis-geliefert","10":"pa_ean-8983","12":"first","13":"instock","14":"product-type-external"},"acf":[],"_links":{"self":[{"href":"https:\/\/onlinehardwareshop.de\/index.php\/wp-json\/wp\/v2\/product\/74376","targetHints":{"allow":["GET"]}}],"collection":[{"href":"https:\/\/onlinehardwareshop.de\/index.php\/wp-json\/wp\/v2\/product"}],"about":[{"href":"https:\/\/onlinehardwareshop.de\/index.php\/wp-json\/wp\/v2\/types\/product"}],"replies":[{"embeddable":true,"href":"https:\/\/onlinehardwareshop.de\/index.php\/wp-json\/wp\/v2\/comments?post=74376"}],"wp:attachment":[{"href":"https:\/\/onlinehardwareshop.de\/index.php\/wp-json\/wp\/v2\/media?parent=74376"}],"wp:term":[{"taxonomy":"brand","embeddable":true,"href":"https:\/\/onlinehardwareshop.de\/index.php\/wp-json\/wp\/v2\/brand?post=74376"},{"taxonomy":"product_brand","embeddable":true,"href":"https:\/\/onlinehardwareshop.de\/index.php\/wp-json\/wp\/v2\/product_brand?post=74376"},{"taxonomy":"product_cat","embeddable":true,"href":"https:\/\/onlinehardwareshop.de\/index.php\/wp-json\/wp\/v2\/product_cat?post=74376"},{"taxonomy":"product_tag","embeddable":true,"href":"https:\/\/onlinehardwareshop.de\/index.php\/wp-json\/wp\/v2\/product_tag?post=74376"}],"curies":[{"name":"wp","href":"https:\/\/api.w.org\/{rel}","templated":true}]}}