{"id":74362,"date":"2024-10-16T15:40:23","date_gmt":"2024-10-16T15:40:23","guid":{"rendered":"https:\/\/onlinehardwareshop.de\/index.php\/produkt\/pocketbook-inkpad-lite-2\/"},"modified":"2025-05-14T04:30:58","modified_gmt":"2025-05-14T04:30:58","slug":"pocketbook-inkpad-lite","status":"publish","type":"product","link":"https:\/\/onlinehardwareshop.de\/index.php\/produkt\/pocketbook-inkpad-lite\/","title":{"rendered":"PocketBook InkPad Lite"},"content":{"rendered":"<p>Du liest deine Lieblingsb\u00fccher bequem auf dem gro\u00dfen 9,7-Zoll-Bildschirm des PocketBook InkPad Lite. Dank der SMARTlight-Bildschirmtechnologie kannst du nicht nur die Helligkeit, sondern auch die Farbtemperatur des Bildschirms einstellen. Auf diese Weise kannst du deine B\u00fccher immer lesen, egal wie viel Licht im Raum ist. Der Bildschirm ist auch leiser f\u00fcr deine Augen, was das Einschlafen in der Nacht erleichtert. Du kannst ganz einfach \u00fcber den Touchscreen oder die physischen Tasten zur n\u00e4chsten Seite bl\u00e4ttern. Auf dem 8-GB-Speicher ist genug Platz f\u00fcr 6.000 E-Books im Standardformat. Hast du eine gro\u00dfe digitale B\u00fcchersammlung? Erweitere den Speicher mit einer Speicherkarte von bis zu 32 GB.<\/p>\n","protected":false},"excerpt":{"rendered":"<p>Du liest deine Lieblingsb\u00fccher bequem auf dem gro\u00dfen 9,7-Zoll-Bildschirm des PocketBook InkPad Lite. Dank der SMARTlight-Bildschirmtechnologie kannst du nicht nur die Helligkeit, sondern auch die Farbtemperatur des Bildschirms einstellen. Auf diese Weise kannst du deine B\u00fccher immer lesen, egal wie viel Licht im Raum ist. Der Bildschirm ist auch leiser f\u00fcr deine Augen, was das Einschlafen in der Nacht erleichtert. Du kannst ganz einfach \u00fcber den Touchscreen oder die physischen Tasten zur n\u00e4chsten Seite bl\u00e4ttern. Auf dem 8-GB-Speicher ist genug Platz f\u00fcr 6.000 E-Books im Standardformat. Hast du eine gro\u00dfe digitale B\u00fcchersammlung? Erweitere den Speicher mit einer Speicherkarte von bis zu 32 GB.<\/p>\n","protected":false},"featured_media":0,"comment_status":"closed","ping_status":"open","template":"","meta":{"_acf_changed":false},"brand":[8955],"product_brand":[],"product_cat":[8609],"product_tag":[8610],"class_list":{"0":"post-74362","1":"product","2":"type-product","3":"status-publish","5":"brand-pocketbook","6":"product_cat-ebook-reader","7":"product_tag-e-readers","8":"pa_condition-new","9":"pa_coolblue-de-verzending-morgen-gratis-geliefert","10":"pa_ean-8953","11":"pa_mpn-pb970-m-ww","13":"first","14":"instock","15":"product-type-external"},"acf":[],"_links":{"self":[{"href":"https:\/\/onlinehardwareshop.de\/index.php\/wp-json\/wp\/v2\/product\/74362","targetHints":{"allow":["GET"]}}],"collection":[{"href":"https:\/\/onlinehardwareshop.de\/index.php\/wp-json\/wp\/v2\/product"}],"about":[{"href":"https:\/\/onlinehardwareshop.de\/index.php\/wp-json\/wp\/v2\/types\/product"}],"replies":[{"embeddable":true,"href":"https:\/\/onlinehardwareshop.de\/index.php\/wp-json\/wp\/v2\/comments?post=74362"}],"wp:attachment":[{"href":"https:\/\/onlinehardwareshop.de\/index.php\/wp-json\/wp\/v2\/media?parent=74362"}],"wp:term":[{"taxonomy":"brand","embeddable":true,"href":"https:\/\/onlinehardwareshop.de\/index.php\/wp-json\/wp\/v2\/brand?post=74362"},{"taxonomy":"product_brand","embeddable":true,"href":"https:\/\/onlinehardwareshop.de\/index.php\/wp-json\/wp\/v2\/product_brand?post=74362"},{"taxonomy":"product_cat","embeddable":true,"href":"https:\/\/onlinehardwareshop.de\/index.php\/wp-json\/wp\/v2\/product_cat?post=74362"},{"taxonomy":"product_tag","embeddable":true,"href":"https:\/\/onlinehardwareshop.de\/index.php\/wp-json\/wp\/v2\/product_tag?post=74362"}],"curies":[{"name":"wp","href":"https:\/\/api.w.org\/{rel}","templated":true}]}}