{"id":74321,"date":"2024-12-21T10:04:59","date_gmt":"2024-12-21T10:04:59","guid":{"rendered":"https:\/\/onlinehardwareshop.de\/index.php\/produkt\/wacom-cintiq-pro-16-2021-2\/"},"modified":"2025-05-14T04:27:07","modified_gmt":"2025-05-14T04:27:07","slug":"wacom-cintiq-pro-16-2021","status":"publish","type":"product","link":"https:\/\/onlinehardwareshop.de\/index.php\/produkt\/wacom-cintiq-pro-16-2021\/","title":{"rendered":"Wacom Cintiq Pro 16 (2021)"},"content":{"rendered":"<p>Mit dem Wacom Cintiq Pro\u00a016 (2021) zeichnest du direkt auf dem Bildschirm und ben\u00f6tigst dadurch nicht viel Platz auf deinem Schreibtisch. Dieses 15,6-Zoll-Grafiktablett ist n\u00e4mlich sch\u00f6n kompakt und hat einen eingebauten St\u00e4nder. Mit dem neigungsempfindlichen Wacom Pro Pen\u00a02 mit 8.192 Druckstufen zeichnest du scharfe Linien und arbeitest sehr pr\u00e4zise an deinem Entwurf. Hierbei ist auch die Bewegungsaufl\u00f6sung von 5.080\u00a0LPI wichtig. Auf dem Bildschirm mit 4K-Aufl\u00f6sung siehst du jedes noch so kleine Detail deiner Kreation. Du schlie\u00dft das Cintiq Pro\u00a016 (2021) \u00fcber den USB-C-Anschluss an einen Computer an.   Bitte beachte: Da dieses Grafiktablett kein Stand-Alone-Modell ist, schlie\u00dft du es an deinen PC oder Laptop an.<\/p>\n","protected":false},"excerpt":{"rendered":"<p>Mit dem Wacom Cintiq Pro\u00a016 (2021) zeichnest du direkt auf dem Bildschirm und ben\u00f6tigst dadurch nicht viel Platz auf deinem Schreibtisch. Dieses 15,6-Zoll-Grafiktablett ist n\u00e4mlich sch\u00f6n kompakt und hat einen eingebauten St\u00e4nder. Mit dem neigungsempfindlichen Wacom Pro Pen\u00a02 mit 8.192 Druckstufen zeichnest du scharfe Linien und arbeitest sehr pr\u00e4zise an deinem Entwurf. Hierbei ist auch die Bewegungsaufl\u00f6sung von 5.080\u00a0LPI wichtig. Auf dem Bildschirm mit 4K-Aufl\u00f6sung siehst du jedes noch so kleine Detail deiner Kreation. Du schlie\u00dft das Cintiq Pro\u00a016 (2021) \u00fcber den USB-C-Anschluss an einen Computer an.   Bitte beachte: Da dieses Grafiktablett kein Stand-Alone-Modell ist, schlie\u00dft du es an deinen PC oder Laptop an.<\/p>\n","protected":false},"featured_media":0,"comment_status":"closed","ping_status":"open","template":"","meta":{"_acf_changed":false},"brand":[556],"product_brand":[],"product_cat":[2653],"product_tag":[3571],"class_list":{"0":"post-74321","1":"product","2":"type-product","3":"status-publish","5":"brand-wacom","6":"product_cat-grafiktabletts","7":"product_tag-tekentablets-met-scherm","8":"pa_condition-new","9":"pa_coolblue-de-verzending-morgen-gratis-geliefert","10":"pa_ean-8876","11":"pa_mpn-dth167k0b","13":"first","14":"instock","15":"product-type-external"},"acf":[],"_links":{"self":[{"href":"https:\/\/onlinehardwareshop.de\/index.php\/wp-json\/wp\/v2\/product\/74321","targetHints":{"allow":["GET"]}}],"collection":[{"href":"https:\/\/onlinehardwareshop.de\/index.php\/wp-json\/wp\/v2\/product"}],"about":[{"href":"https:\/\/onlinehardwareshop.de\/index.php\/wp-json\/wp\/v2\/types\/product"}],"replies":[{"embeddable":true,"href":"https:\/\/onlinehardwareshop.de\/index.php\/wp-json\/wp\/v2\/comments?post=74321"}],"wp:attachment":[{"href":"https:\/\/onlinehardwareshop.de\/index.php\/wp-json\/wp\/v2\/media?parent=74321"}],"wp:term":[{"taxonomy":"brand","embeddable":true,"href":"https:\/\/onlinehardwareshop.de\/index.php\/wp-json\/wp\/v2\/brand?post=74321"},{"taxonomy":"product_brand","embeddable":true,"href":"https:\/\/onlinehardwareshop.de\/index.php\/wp-json\/wp\/v2\/product_brand?post=74321"},{"taxonomy":"product_cat","embeddable":true,"href":"https:\/\/onlinehardwareshop.de\/index.php\/wp-json\/wp\/v2\/product_cat?post=74321"},{"taxonomy":"product_tag","embeddable":true,"href":"https:\/\/onlinehardwareshop.de\/index.php\/wp-json\/wp\/v2\/product_tag?post=74321"}],"curies":[{"name":"wp","href":"https:\/\/api.w.org\/{rel}","templated":true}]}}