{"id":74278,"date":"2024-12-13T11:46:19","date_gmt":"2024-12-13T11:46:19","guid":{"rendered":"https:\/\/onlinehardwareshop.de\/index.php\/produkt\/kobo-sage-kobo-sleep-cover-schwarz-2\/"},"modified":"2025-05-14T04:23:17","modified_gmt":"2025-05-14T04:23:17","slug":"kobo-sage-kobo-sleep-cover-schwarz","status":"publish","type":"product","link":"https:\/\/onlinehardwareshop.de\/index.php\/produkt\/kobo-sage-kobo-sleep-cover-schwarz\/","title":{"rendered":"Kobo Sage + Kobo Sleep Cover Schwarz"},"content":{"rendered":"<p>Mit dem Kobo Sleep Cover Schwarz verhinderst du Schmutz und Besch\u00e4digungen an deinem Kobo Sage. Die Schutzh\u00fclle hat au\u00dferdem einen eingebauten St\u00e4nder, womit du den eBook-Reader senkrecht hinstellen kannst. So kannst du deine Lieblingsb\u00fccher gem\u00fctlich durchschm\u00f6kern. Der eBook-Reader hat einen gro\u00dfen 8-Zoll-Bildschirm, sodass der Text gut lesbar ist und du weniger oft umbl\u00e4ttern musst. Zudem ist der Bildschirm angenehm f\u00fcr deine Augen. Die Comfortlight-Pro-Bildschirmtechnologie filtert Blaulicht und passt die Bildschirmbeleuchtung und Farbtemperatur automatisch basierend auf dem Umgebungslicht an. Auch im Bad oder am Strand lesen ist kein Problem, denn dein Ger\u00e4t hat ein wasserdichtes Geh\u00e4use. Dank Bluetooth-Support kannst du auf dem Kobo Sage auch Audio Books h\u00f6ren. Der eBook-Reader bietet auch Support f\u00fcr den separat erh\u00e4ltlichen Kobo Stylus. So kannst du beim Lesen Notizen machen oder einfach ein Wort anklicken, um die Bedeutung nachzuschlagen. Der 32-GB-Speicher bietet ausreichend Platz f\u00fcr eine umfassende digitale Bibliothek mit rund 30.000 B\u00fcchern.<\/p>\n","protected":false},"excerpt":{"rendered":"<p>Mit dem Kobo Sleep Cover Schwarz verhinderst du Schmutz und Besch\u00e4digungen an deinem Kobo Sage. Die Schutzh\u00fclle hat au\u00dferdem einen eingebauten St\u00e4nder, womit du den eBook-Reader senkrecht hinstellen kannst. So kannst du deine Lieblingsb\u00fccher gem\u00fctlich durchschm\u00f6kern. Der eBook-Reader hat einen gro\u00dfen 8-Zoll-Bildschirm, sodass der Text gut lesbar ist und du weniger oft umbl\u00e4ttern musst. Zudem ist der Bildschirm angenehm f\u00fcr deine Augen. Die Comfortlight-Pro-Bildschirmtechnologie filtert Blaulicht und passt die Bildschirmbeleuchtung und Farbtemperatur automatisch basierend auf dem Umgebungslicht an. Auch im Bad oder am Strand lesen ist kein Problem, denn dein Ger\u00e4t hat ein wasserdichtes Geh\u00e4use. Dank Bluetooth-Support kannst du auf dem Kobo Sage auch Audio Books h\u00f6ren. Der eBook-Reader bietet auch Support f\u00fcr den separat erh\u00e4ltlichen Kobo Stylus. So kannst du beim Lesen Notizen machen oder einfach ein Wort anklicken, um die Bedeutung nachzuschlagen. Der 32-GB-Speicher bietet ausreichend Platz f\u00fcr eine umfassende digitale Bibliothek mit rund 30.000 B\u00fcchern.<\/p>\n","protected":false},"featured_media":0,"comment_status":"closed","ping_status":"open","template":"","meta":{"_acf_changed":false},"brand":[8608],"product_brand":[],"product_cat":[8609],"product_tag":[8610],"class_list":{"0":"post-74278","1":"product","2":"type-product","3":"status-publish","5":"brand-kobo","6":"product_cat-ebook-reader","7":"product_tag-e-readers","8":"pa_condition-new","9":"pa_coolblue-de-verzending-morgen-gratis-geliefert","10":"pa_ean-8802","12":"first","13":"instock","14":"product-type-external"},"acf":[],"_links":{"self":[{"href":"https:\/\/onlinehardwareshop.de\/index.php\/wp-json\/wp\/v2\/product\/74278","targetHints":{"allow":["GET"]}}],"collection":[{"href":"https:\/\/onlinehardwareshop.de\/index.php\/wp-json\/wp\/v2\/product"}],"about":[{"href":"https:\/\/onlinehardwareshop.de\/index.php\/wp-json\/wp\/v2\/types\/product"}],"replies":[{"embeddable":true,"href":"https:\/\/onlinehardwareshop.de\/index.php\/wp-json\/wp\/v2\/comments?post=74278"}],"wp:attachment":[{"href":"https:\/\/onlinehardwareshop.de\/index.php\/wp-json\/wp\/v2\/media?parent=74278"}],"wp:term":[{"taxonomy":"brand","embeddable":true,"href":"https:\/\/onlinehardwareshop.de\/index.php\/wp-json\/wp\/v2\/brand?post=74278"},{"taxonomy":"product_brand","embeddable":true,"href":"https:\/\/onlinehardwareshop.de\/index.php\/wp-json\/wp\/v2\/product_brand?post=74278"},{"taxonomy":"product_cat","embeddable":true,"href":"https:\/\/onlinehardwareshop.de\/index.php\/wp-json\/wp\/v2\/product_cat?post=74278"},{"taxonomy":"product_tag","embeddable":true,"href":"https:\/\/onlinehardwareshop.de\/index.php\/wp-json\/wp\/v2\/product_tag?post=74278"}],"curies":[{"name":"wp","href":"https:\/\/api.w.org\/{rel}","templated":true}]}}