{"id":74267,"date":"2025-02-08T19:03:54","date_gmt":"2025-02-08T19:03:54","guid":{"rendered":"https:\/\/onlinehardwareshop.de\/index.php\/produkt\/steelseries-aerox-3-wireless-onyx-2\/"},"modified":"2025-05-14T04:22:28","modified_gmt":"2025-05-14T04:22:28","slug":"steelseries-aerox-3-wireless-onyx","status":"publish","type":"product","link":"https:\/\/onlinehardwareshop.de\/index.php\/produkt\/steelseries-aerox-3-wireless-onyx\/","title":{"rendered":"SteelSeries Aerox 3 Wireless Onyx"},"content":{"rendered":"<p>Die SteelSeries Aerox 3 kabellose Gaming-Maus kombiniert ein geringes Gewicht mit Pr\u00e4zision und Bewegungsfreiheit. Diese Gaming-Maus verbindest du \u00fcber Bluetooth mit deinem PC, sodass du in deinen Bewegungen beim Gaming nicht von Kabeln eingeschr\u00e4nkt wirst. Du kannst den optischen Sensor auf bis zu 8.500 dpi einstellen, sodass du den Mauszeiger schnell und pr\u00e4zise \u00fcber den Bildschirm bewegst. Aufgrund des Wabendesigns dieser Maus wiegt die Aerox 3 nur 66 Gramm. Das macht sie zu einer der leichtesten Gaming-M\u00e4use. Mit den zwei Daumentasten nutzt du Funktionen wie das Wechseln von Waffen in Call of Duty schneller als dein Gegner. Dadurch gewinnst du den Kampf und stehst oben auf dem Leaderboard. Auch die Beleuchtung der Maus l\u00e4sst sich einstellen. W\u00e4hle eine der 16,8 Millionen Farben aus, damit diese Maus zu deinem Set-up passt.<\/p>\n","protected":false},"excerpt":{"rendered":"<p>Die SteelSeries Aerox 3 kabellose Gaming-Maus kombiniert ein geringes Gewicht mit Pr\u00e4zision und Bewegungsfreiheit. Diese Gaming-Maus verbindest du \u00fcber Bluetooth mit deinem PC, sodass du in deinen Bewegungen beim Gaming nicht von Kabeln eingeschr\u00e4nkt wirst. Du kannst den optischen Sensor auf bis zu 8.500 dpi einstellen, sodass du den Mauszeiger schnell und pr\u00e4zise \u00fcber den Bildschirm bewegst. Aufgrund des Wabendesigns dieser Maus wiegt die Aerox 3 nur 66 Gramm. Das macht sie zu einer der leichtesten Gaming-M\u00e4use. Mit den zwei Daumentasten nutzt du Funktionen wie das Wechseln von Waffen in Call of Duty schneller als dein Gegner. Dadurch gewinnst du den Kampf und stehst oben auf dem Leaderboard. Auch die Beleuchtung der Maus l\u00e4sst sich einstellen. W\u00e4hle eine der 16,8 Millionen Farben aus, damit diese Maus zu deinem Set-up passt.<\/p>\n","protected":false},"featured_media":0,"comment_status":"closed","ping_status":"open","template":"","meta":{"_acf_changed":false},"brand":[3605],"product_brand":[],"product_cat":[33],"product_tag":[3752],"class_list":{"0":"post-74267","1":"product","2":"type-product","3":"status-publish","5":"brand-steelseries","6":"product_cat-muse","7":"product_tag-gaming-muizen","8":"pa_condition-new","9":"pa_coolblue-de-verzending-morgen-gratis-geliefert","10":"pa_ean-8780","11":"pa_mpn-8781","13":"first","14":"instock","15":"product-type-external"},"acf":[],"_links":{"self":[{"href":"https:\/\/onlinehardwareshop.de\/index.php\/wp-json\/wp\/v2\/product\/74267","targetHints":{"allow":["GET"]}}],"collection":[{"href":"https:\/\/onlinehardwareshop.de\/index.php\/wp-json\/wp\/v2\/product"}],"about":[{"href":"https:\/\/onlinehardwareshop.de\/index.php\/wp-json\/wp\/v2\/types\/product"}],"replies":[{"embeddable":true,"href":"https:\/\/onlinehardwareshop.de\/index.php\/wp-json\/wp\/v2\/comments?post=74267"}],"wp:attachment":[{"href":"https:\/\/onlinehardwareshop.de\/index.php\/wp-json\/wp\/v2\/media?parent=74267"}],"wp:term":[{"taxonomy":"brand","embeddable":true,"href":"https:\/\/onlinehardwareshop.de\/index.php\/wp-json\/wp\/v2\/brand?post=74267"},{"taxonomy":"product_brand","embeddable":true,"href":"https:\/\/onlinehardwareshop.de\/index.php\/wp-json\/wp\/v2\/product_brand?post=74267"},{"taxonomy":"product_cat","embeddable":true,"href":"https:\/\/onlinehardwareshop.de\/index.php\/wp-json\/wp\/v2\/product_cat?post=74267"},{"taxonomy":"product_tag","embeddable":true,"href":"https:\/\/onlinehardwareshop.de\/index.php\/wp-json\/wp\/v2\/product_tag?post=74267"}],"curies":[{"name":"wp","href":"https:\/\/api.w.org\/{rel}","templated":true}]}}