{"id":74253,"date":"2025-02-21T16:35:43","date_gmt":"2025-02-21T16:35:43","guid":{"rendered":"https:\/\/onlinehardwareshop.de\/index.php\/produkt\/kingston-xs2000-portable-ssd-1tb-2\/"},"modified":"2025-05-14T04:21:08","modified_gmt":"2025-05-14T04:21:08","slug":"kingston-xs2000-portable-ssd-1tb","status":"publish","type":"product","link":"https:\/\/onlinehardwareshop.de\/index.php\/produkt\/kingston-xs2000-portable-ssd-1tb\/","title":{"rendered":"Kingston XS2000 Portable SSD 1TB"},"content":{"rendered":"<p>Mit der Kingston XS2000 Portable SSD 1 TB kannst du alle deine Dateien, Filme, Fotos und Musikst\u00fccke in deine Westentasche stecken. Diese externe SSD ist keine sieben Zentimeter lang, wodurch du sie \u00fcberallhin mitnehmen kannst. Mit einer Lese- und Schreibgeschwindigkeit von zwei Gigabyte pro Sekunde \u00fcbertr\u00e4gst du auch gro\u00dfe und schwere Dateien im Nu auf die Festplatte. So \u00fcbertr\u00e4gst du einen 8K-Film mit 120 Gigabyte in etwa einer Minute. Dar\u00fcber hinaus ist die SSD wasser- und staubbest\u00e4ndig und verf\u00fcgt \u00fcber eine Gummih\u00fclle gegen St\u00f6\u00dfe. Die Festplatte ist formatiert und einsatzbereit f\u00fcr Windows, Mac und Linux.<\/p>\n","protected":false},"excerpt":{"rendered":"<p>Mit der Kingston XS2000 Portable SSD 1 TB kannst du alle deine Dateien, Filme, Fotos und Musikst\u00fccke in deine Westentasche stecken. Diese externe SSD ist keine sieben Zentimeter lang, wodurch du sie \u00fcberallhin mitnehmen kannst. Mit einer Lese- und Schreibgeschwindigkeit von zwei Gigabyte pro Sekunde \u00fcbertr\u00e4gst du auch gro\u00dfe und schwere Dateien im Nu auf die Festplatte. So \u00fcbertr\u00e4gst du einen 8K-Film mit 120 Gigabyte in etwa einer Minute. Dar\u00fcber hinaus ist die SSD wasser- und staubbest\u00e4ndig und verf\u00fcgt \u00fcber eine Gummih\u00fclle gegen St\u00f6\u00dfe. Die Festplatte ist formatiert und einsatzbereit f\u00fcr Windows, Mac und Linux.<\/p>\n","protected":false},"featured_media":0,"comment_status":"closed","ping_status":"open","template":"","meta":{"_acf_changed":false},"brand":[2956],"product_brand":[],"product_cat":[4819],"product_tag":[4820],"class_list":{"0":"post-74253","1":"product","2":"type-product","3":"status-publish","5":"brand-kingston","6":"product_cat-externe-ssds","7":"product_tag-harde-schijven-extern-ssd","8":"pa_condition-new","9":"pa_coolblue-de-verzending-morgen-gratis-geliefert","10":"pa_ean-8749","11":"pa_mpn-sxs2000-1000g","13":"first","14":"instock","15":"product-type-external"},"acf":[],"_links":{"self":[{"href":"https:\/\/onlinehardwareshop.de\/index.php\/wp-json\/wp\/v2\/product\/74253","targetHints":{"allow":["GET"]}}],"collection":[{"href":"https:\/\/onlinehardwareshop.de\/index.php\/wp-json\/wp\/v2\/product"}],"about":[{"href":"https:\/\/onlinehardwareshop.de\/index.php\/wp-json\/wp\/v2\/types\/product"}],"replies":[{"embeddable":true,"href":"https:\/\/onlinehardwareshop.de\/index.php\/wp-json\/wp\/v2\/comments?post=74253"}],"wp:attachment":[{"href":"https:\/\/onlinehardwareshop.de\/index.php\/wp-json\/wp\/v2\/media?parent=74253"}],"wp:term":[{"taxonomy":"brand","embeddable":true,"href":"https:\/\/onlinehardwareshop.de\/index.php\/wp-json\/wp\/v2\/brand?post=74253"},{"taxonomy":"product_brand","embeddable":true,"href":"https:\/\/onlinehardwareshop.de\/index.php\/wp-json\/wp\/v2\/product_brand?post=74253"},{"taxonomy":"product_cat","embeddable":true,"href":"https:\/\/onlinehardwareshop.de\/index.php\/wp-json\/wp\/v2\/product_cat?post=74253"},{"taxonomy":"product_tag","embeddable":true,"href":"https:\/\/onlinehardwareshop.de\/index.php\/wp-json\/wp\/v2\/product_tag?post=74253"}],"curies":[{"name":"wp","href":"https:\/\/api.w.org\/{rel}","templated":true}]}}