{"id":74239,"date":"2024-04-06T22:56:20","date_gmt":"2024-04-06T22:56:20","guid":{"rendered":"https:\/\/onlinehardwareshop.de\/index.php\/produkt\/kenwood-titanium-chef-baker-kvc85-124si-2\/"},"modified":"2025-05-14T04:19:58","modified_gmt":"2025-05-14T04:19:58","slug":"kenwood-titanium-chef-baker-kvc85-124si","status":"publish","type":"product","link":"https:\/\/onlinehardwareshop.de\/index.php\/produkt\/kenwood-titanium-chef-baker-kvc85-124si\/","title":{"rendered":"Kenwood Titanium Chef Baker KVC85.124SI"},"content":{"rendered":"<p>Mit der Kenwood Titanium Chef Baker KVC85.124SI wiegst du Mehl, Butter und andere Zutaten direkt in der R\u00fchrsch\u00fcssel ab, da dieses Ger\u00e4t eine eingebaute Waage hat. Praktisch, so brauchst du keine zus\u00e4tzliche K\u00fcchenwaage. Dar\u00fcber hinaus ist auch ein Mixeraufsatz beigelegt. Du bereitest somit nicht nur Kuchen und anderes Geb\u00e4ck mit dieser K\u00fcchenmaschine zu, sondern auch Smoothies oder Suppe. Mit der zus\u00e4tzlichen R\u00fchrsch\u00fcssel bereitest du m\u00fchelos mehrere Dinge nacheinander zu, ohne zuerst absp\u00fclen zu m\u00fcssen. Die Geschwindigkeit des Mixers stellst du mit dem Drehknopf sehr genau ein, wodurch du viel Kontrolle \u00fcber die Zubereitung hast. Dank des Spritzschutzdeckels fliegen die Zutaten w\u00e4hrend der Zubereitung nicht aus der Sch\u00fcssel. Nach der Nutzung reinigst du die Einzelteile einfach in der Sp\u00fclmaschine.<\/p>\n","protected":false},"excerpt":{"rendered":"<p>Mit der Kenwood Titanium Chef Baker KVC85.124SI wiegst du Mehl, Butter und andere Zutaten direkt in der R\u00fchrsch\u00fcssel ab, da dieses Ger\u00e4t eine eingebaute Waage hat. Praktisch, so brauchst du keine zus\u00e4tzliche K\u00fcchenwaage. Dar\u00fcber hinaus ist auch ein Mixeraufsatz beigelegt. Du bereitest somit nicht nur Kuchen und anderes Geb\u00e4ck mit dieser K\u00fcchenmaschine zu, sondern auch Smoothies oder Suppe. Mit der zus\u00e4tzlichen R\u00fchrsch\u00fcssel bereitest du m\u00fchelos mehrere Dinge nacheinander zu, ohne zuerst absp\u00fclen zu m\u00fcssen. Die Geschwindigkeit des Mixers stellst du mit dem Drehknopf sehr genau ein, wodurch du viel Kontrolle \u00fcber die Zubereitung hast. Dank des Spritzschutzdeckels fliegen die Zutaten w\u00e4hrend der Zubereitung nicht aus der Sch\u00fcssel. Nach der Nutzung reinigst du die Einzelteile einfach in der Sp\u00fclmaschine.<\/p>\n","protected":false},"featured_media":0,"comment_status":"closed","ping_status":"open","template":"","meta":{"_acf_changed":false},"brand":[234],"product_brand":[],"product_cat":[2306],"product_tag":[2307],"class_list":{"0":"post-74239","1":"product","2":"type-product","3":"status-publish","5":"brand-kenwood","6":"product_cat-kchenmaschinen","7":"product_tag-keukenmixers","8":"pa_condition-new","9":"pa_coolblue-de-verzending-morgen-gratis-geliefert","10":"pa_ean-8730","11":"pa_mpn-0w20011382","13":"first","14":"instock","15":"product-type-external"},"acf":[],"_links":{"self":[{"href":"https:\/\/onlinehardwareshop.de\/index.php\/wp-json\/wp\/v2\/product\/74239","targetHints":{"allow":["GET"]}}],"collection":[{"href":"https:\/\/onlinehardwareshop.de\/index.php\/wp-json\/wp\/v2\/product"}],"about":[{"href":"https:\/\/onlinehardwareshop.de\/index.php\/wp-json\/wp\/v2\/types\/product"}],"replies":[{"embeddable":true,"href":"https:\/\/onlinehardwareshop.de\/index.php\/wp-json\/wp\/v2\/comments?post=74239"}],"wp:attachment":[{"href":"https:\/\/onlinehardwareshop.de\/index.php\/wp-json\/wp\/v2\/media?parent=74239"}],"wp:term":[{"taxonomy":"brand","embeddable":true,"href":"https:\/\/onlinehardwareshop.de\/index.php\/wp-json\/wp\/v2\/brand?post=74239"},{"taxonomy":"product_brand","embeddable":true,"href":"https:\/\/onlinehardwareshop.de\/index.php\/wp-json\/wp\/v2\/product_brand?post=74239"},{"taxonomy":"product_cat","embeddable":true,"href":"https:\/\/onlinehardwareshop.de\/index.php\/wp-json\/wp\/v2\/product_cat?post=74239"},{"taxonomy":"product_tag","embeddable":true,"href":"https:\/\/onlinehardwareshop.de\/index.php\/wp-json\/wp\/v2\/product_tag?post=74239"}],"curies":[{"name":"wp","href":"https:\/\/api.w.org\/{rel}","templated":true}]}}