{"id":74237,"date":"2024-12-26T11:50:45","date_gmt":"2024-12-26T11:50:45","guid":{"rendered":"https:\/\/onlinehardwareshop.de\/index.php\/produkt\/kenwood-kmix-kmx760bl-blau-2\/"},"modified":"2025-05-14T04:19:48","modified_gmt":"2025-05-14T04:19:48","slug":"kenwood-kmix-kmx760bl-blau","status":"publish","type":"product","link":"https:\/\/onlinehardwareshop.de\/index.php\/produkt\/kenwood-kmix-kmx760bl-blau\/","title":{"rendered":"Kenwood kMix KMX760BL Blau"},"content":{"rendered":"<p>Dank seiner starken Leistung kannst du mit dem Kenwood kMix KMX760BL Blau auch von Zeit zu Zeit schweren Teig kneten. Zum Beispiel stellst du deinen eigenen Brot- oder Pizzateig her. Die K\u00fcchenmaschine besteht vollst\u00e4ndig aus Edelstahl, was sie sehr robust und langlebig macht. Die R\u00fchrsch\u00fcssel l\u00e4sst sich einfach bewegen, wenn du sie am Griff anfasst. Gro\u00dfartig, denn es ist doch schade, wenn die Sch\u00fcssel mit dem Teig dir aus den H\u00e4nden gleitet. \u00dcber die F\u00fcll\u00f6ffnung im Spritzschutzdeckel kannst du w\u00e4hrend des Mischens Zutaten hinzuf\u00fcgen. Das ist beispielsweise praktisch beim Schlagen von Eischnee, zu dem du den Zucker nach und nach hinzugeben kannst. Die R\u00fchrsch\u00fcssel hat ein Fassungsverm\u00f6gen von 5 Litern. Darin stellst du den Teig f\u00fcr zwei Kuchen gleichzeitig her. Nach der Nutzung werden die einzelnen Teile in der Sp\u00fclmaschine gereinigt.<\/p>\n","protected":false},"excerpt":{"rendered":"<p>Dank seiner starken Leistung kannst du mit dem Kenwood kMix KMX760BL Blau auch von Zeit zu Zeit schweren Teig kneten. Zum Beispiel stellst du deinen eigenen Brot- oder Pizzateig her. Die K\u00fcchenmaschine besteht vollst\u00e4ndig aus Edelstahl, was sie sehr robust und langlebig macht. Die R\u00fchrsch\u00fcssel l\u00e4sst sich einfach bewegen, wenn du sie am Griff anfasst. Gro\u00dfartig, denn es ist doch schade, wenn die Sch\u00fcssel mit dem Teig dir aus den H\u00e4nden gleitet. \u00dcber die F\u00fcll\u00f6ffnung im Spritzschutzdeckel kannst du w\u00e4hrend des Mischens Zutaten hinzuf\u00fcgen. Das ist beispielsweise praktisch beim Schlagen von Eischnee, zu dem du den Zucker nach und nach hinzugeben kannst. Die R\u00fchrsch\u00fcssel hat ein Fassungsverm\u00f6gen von 5 Litern. Darin stellst du den Teig f\u00fcr zwei Kuchen gleichzeitig her. Nach der Nutzung werden die einzelnen Teile in der Sp\u00fclmaschine gereinigt.<\/p>\n","protected":false},"featured_media":0,"comment_status":"closed","ping_status":"open","template":"","meta":{"_acf_changed":false},"brand":[234],"product_brand":[],"product_cat":[2306],"product_tag":[2307],"class_list":{"0":"post-74237","1":"product","2":"type-product","3":"status-publish","5":"brand-kenwood","6":"product_cat-kchenmaschinen","7":"product_tag-keukenmixers","8":"pa_condition-new","9":"pa_coolblue-de-verzending-morgen-gratis-geliefert","10":"pa_ean-8728","11":"pa_mpn-0w20011441","13":"first","14":"instock","15":"product-type-external"},"acf":[],"_links":{"self":[{"href":"https:\/\/onlinehardwareshop.de\/index.php\/wp-json\/wp\/v2\/product\/74237","targetHints":{"allow":["GET"]}}],"collection":[{"href":"https:\/\/onlinehardwareshop.de\/index.php\/wp-json\/wp\/v2\/product"}],"about":[{"href":"https:\/\/onlinehardwareshop.de\/index.php\/wp-json\/wp\/v2\/types\/product"}],"replies":[{"embeddable":true,"href":"https:\/\/onlinehardwareshop.de\/index.php\/wp-json\/wp\/v2\/comments?post=74237"}],"wp:attachment":[{"href":"https:\/\/onlinehardwareshop.de\/index.php\/wp-json\/wp\/v2\/media?parent=74237"}],"wp:term":[{"taxonomy":"brand","embeddable":true,"href":"https:\/\/onlinehardwareshop.de\/index.php\/wp-json\/wp\/v2\/brand?post=74237"},{"taxonomy":"product_brand","embeddable":true,"href":"https:\/\/onlinehardwareshop.de\/index.php\/wp-json\/wp\/v2\/product_brand?post=74237"},{"taxonomy":"product_cat","embeddable":true,"href":"https:\/\/onlinehardwareshop.de\/index.php\/wp-json\/wp\/v2\/product_cat?post=74237"},{"taxonomy":"product_tag","embeddable":true,"href":"https:\/\/onlinehardwareshop.de\/index.php\/wp-json\/wp\/v2\/product_tag?post=74237"}],"curies":[{"name":"wp","href":"https:\/\/api.w.org\/{rel}","templated":true}]}}