{"id":74228,"date":"2024-10-06T12:05:33","date_gmt":"2024-10-06T12:05:33","guid":{"rendered":"https:\/\/onlinehardwareshop.de\/index.php\/produkt\/hp-smart-tank-7005-multifunktionsdrucker-grau-2\/"},"modified":"2025-05-14T04:19:01","modified_gmt":"2025-05-14T04:19:01","slug":"hp-smart-tank-7005-multifunktionsdrucker-grau","status":"publish","type":"product","link":"https:\/\/onlinehardwareshop.de\/index.php\/produkt\/hp-smart-tank-7005-multifunktionsdrucker-grau\/","title":{"rendered":"HP Smart Tank 7005 Multifunktionsdrucker (Grau)"},"content":{"rendered":"<p>Mit dem HP Smart Tank 7005 Multifunktionsdrucker (Grau) und den mitgelieferten Tintenflaschen kommst du eine ganze Weile aus. Du druckst bis zu 6.000 Seiten in Schwarz-Wei\u00df und bis zu 8.000 Seiten in Farbe. Da der Drucker automatisch beidseitig druckt, geht das besonders schnell. Der Smart Tank 7005 ist ein Multifunktionsdrucker. Mit diesem Ger\u00e4t kannst du nicht nur drucken, sondern auch scannen und kopieren. Der Drucker wird \u00fcber die beleuchteten Tasten am Drucker selbst oder \u00fcber die HP Smart App gesteuert. Mit dieser App richtest du ganz einfach Tastenkombinationen ein, damit der Drucker das, was du willst, mit einem Tastendruck erledigt.<\/p>\n","protected":false},"excerpt":{"rendered":"<p>Mit dem HP Smart Tank 7005 Multifunktionsdrucker (Grau) und den mitgelieferten Tintenflaschen kommst du eine ganze Weile aus. Du druckst bis zu 6.000 Seiten in Schwarz-Wei\u00df und bis zu 8.000 Seiten in Farbe. Da der Drucker automatisch beidseitig druckt, geht das besonders schnell. Der Smart Tank 7005 ist ein Multifunktionsdrucker. Mit diesem Ger\u00e4t kannst du nicht nur drucken, sondern auch scannen und kopieren. Der Drucker wird \u00fcber die beleuchteten Tasten am Drucker selbst oder \u00fcber die HP Smart App gesteuert. Mit dieser App richtest du ganz einfach Tastenkombinationen ein, damit der Drucker das, was du willst, mit einem Tastendruck erledigt.<\/p>\n","protected":false},"featured_media":0,"comment_status":"closed","ping_status":"open","template":"","meta":{"_acf_changed":false},"brand":[90],"product_brand":[],"product_cat":[2205],"product_tag":[4745],"class_list":{"0":"post-74228","1":"product","2":"type-product","3":"status-publish","5":"brand-hp","6":"product_cat-drucker","7":"product_tag-inkttank-printers","8":"pa_condition-new","9":"pa_coolblue-de-verzending-morgen-gratis-geliefert","10":"pa_ean-8706","11":"pa_mpn-28b54a","13":"first","14":"instock","15":"product-type-external"},"acf":[],"_links":{"self":[{"href":"https:\/\/onlinehardwareshop.de\/index.php\/wp-json\/wp\/v2\/product\/74228","targetHints":{"allow":["GET"]}}],"collection":[{"href":"https:\/\/onlinehardwareshop.de\/index.php\/wp-json\/wp\/v2\/product"}],"about":[{"href":"https:\/\/onlinehardwareshop.de\/index.php\/wp-json\/wp\/v2\/types\/product"}],"replies":[{"embeddable":true,"href":"https:\/\/onlinehardwareshop.de\/index.php\/wp-json\/wp\/v2\/comments?post=74228"}],"wp:attachment":[{"href":"https:\/\/onlinehardwareshop.de\/index.php\/wp-json\/wp\/v2\/media?parent=74228"}],"wp:term":[{"taxonomy":"brand","embeddable":true,"href":"https:\/\/onlinehardwareshop.de\/index.php\/wp-json\/wp\/v2\/brand?post=74228"},{"taxonomy":"product_brand","embeddable":true,"href":"https:\/\/onlinehardwareshop.de\/index.php\/wp-json\/wp\/v2\/product_brand?post=74228"},{"taxonomy":"product_cat","embeddable":true,"href":"https:\/\/onlinehardwareshop.de\/index.php\/wp-json\/wp\/v2\/product_cat?post=74228"},{"taxonomy":"product_tag","embeddable":true,"href":"https:\/\/onlinehardwareshop.de\/index.php\/wp-json\/wp\/v2\/product_tag?post=74228"}],"curies":[{"name":"wp","href":"https:\/\/api.w.org\/{rel}","templated":true}]}}