{"id":74224,"date":"2024-11-12T07:02:20","date_gmt":"2024-11-12T07:02:20","guid":{"rendered":"https:\/\/onlinehardwareshop.de\/index.php\/produkt\/jbl-quantum-350-wireless-2\/"},"modified":"2025-05-14T04:18:42","modified_gmt":"2025-05-14T04:18:42","slug":"jbl-quantum-350-wireless","status":"publish","type":"product","link":"https:\/\/onlinehardwareshop.de\/index.php\/produkt\/jbl-quantum-350-wireless\/","title":{"rendered":"JBL Quantum 350 Wireless"},"content":{"rendered":"<p>Zocke stundenlang mit dem JBL Quantum 350 Wireless. Dieses Headset verbindest du \u00fcber einen USB-A-Dongle kabellos mit deinem PC oder deiner PlayStation. So hast du beim Zocken keinen Kabelsalat. Das Headset ist in nur 5 Minuten f\u00fcr eine weitere Stunde aufgeladen, damit du schnell wieder ins Spiel startest. Dank des Surround Sounds in 360 Grad erlebst du dein Spiel intensiver und h\u00f6rst genau, aus welcher Richtung deine Gegner kommen. Damit bist du ihnen jederzeit einen Schritt voraus. Die durchschnittliche Akkulaufzeit des Headsets betr\u00e4gt 22 Stunden. So erlebst du ausgiebigen Gaming-Spa\u00df, ohne das Headset zwischendurch zu laden. Spielst du \u00f6fter im Single-Player-Modus oder ben\u00f6tigst kein Mikrofon? Dann entferne das Mikrofon einfach vom Headset.<\/p>\n","protected":false},"excerpt":{"rendered":"<p>Zocke stundenlang mit dem JBL Quantum 350 Wireless. Dieses Headset verbindest du \u00fcber einen USB-A-Dongle kabellos mit deinem PC oder deiner PlayStation. So hast du beim Zocken keinen Kabelsalat. Das Headset ist in nur 5 Minuten f\u00fcr eine weitere Stunde aufgeladen, damit du schnell wieder ins Spiel startest. Dank des Surround Sounds in 360 Grad erlebst du dein Spiel intensiver und h\u00f6rst genau, aus welcher Richtung deine Gegner kommen. Damit bist du ihnen jederzeit einen Schritt voraus. Die durchschnittliche Akkulaufzeit des Headsets betr\u00e4gt 22 Stunden. So erlebst du ausgiebigen Gaming-Spa\u00df, ohne das Headset zwischendurch zu laden. Spielst du \u00f6fter im Single-Player-Modus oder ben\u00f6tigst kein Mikrofon? Dann entferne das Mikrofon einfach vom Headset.<\/p>\n","protected":false},"featured_media":0,"comment_status":"closed","ping_status":"open","template":"","meta":{"_acf_changed":false},"brand":[5677],"product_brand":[],"product_cat":[3435],"product_tag":[3436],"class_list":{"0":"post-74224","1":"product","2":"type-product","3":"status-publish","5":"brand-jbl","6":"product_cat-gaming-headsets","7":"product_tag-gaming-headsets","8":"pa_condition-new","9":"pa_coolblue-de-verzending-morgen-gratis-geliefert","10":"pa_ean-8695","11":"pa_mpn-jblq350wlblk","13":"first","14":"instock","15":"product-type-external"},"acf":[],"_links":{"self":[{"href":"https:\/\/onlinehardwareshop.de\/index.php\/wp-json\/wp\/v2\/product\/74224","targetHints":{"allow":["GET"]}}],"collection":[{"href":"https:\/\/onlinehardwareshop.de\/index.php\/wp-json\/wp\/v2\/product"}],"about":[{"href":"https:\/\/onlinehardwareshop.de\/index.php\/wp-json\/wp\/v2\/types\/product"}],"replies":[{"embeddable":true,"href":"https:\/\/onlinehardwareshop.de\/index.php\/wp-json\/wp\/v2\/comments?post=74224"}],"wp:attachment":[{"href":"https:\/\/onlinehardwareshop.de\/index.php\/wp-json\/wp\/v2\/media?parent=74224"}],"wp:term":[{"taxonomy":"brand","embeddable":true,"href":"https:\/\/onlinehardwareshop.de\/index.php\/wp-json\/wp\/v2\/brand?post=74224"},{"taxonomy":"product_brand","embeddable":true,"href":"https:\/\/onlinehardwareshop.de\/index.php\/wp-json\/wp\/v2\/product_brand?post=74224"},{"taxonomy":"product_cat","embeddable":true,"href":"https:\/\/onlinehardwareshop.de\/index.php\/wp-json\/wp\/v2\/product_cat?post=74224"},{"taxonomy":"product_tag","embeddable":true,"href":"https:\/\/onlinehardwareshop.de\/index.php\/wp-json\/wp\/v2\/product_tag?post=74224"}],"curies":[{"name":"wp","href":"https:\/\/api.w.org\/{rel}","templated":true}]}}