{"id":74223,"date":"2024-10-11T11:03:12","date_gmt":"2024-10-11T11:03:12","guid":{"rendered":"https:\/\/onlinehardwareshop.de\/index.php\/produkt\/bosch-easysaw-18v-70-ohne-akku-2\/"},"modified":"2025-05-14T04:18:37","modified_gmt":"2025-05-14T04:18:37","slug":"bosch-easysaw-18v-70-ohne-akku","status":"publish","type":"product","link":"https:\/\/onlinehardwareshop.de\/index.php\/produkt\/bosch-easysaw-18v-70-ohne-akku\/","title":{"rendered":"Bosch EasySaw 18V-70 (ohne Akku)"},"content":{"rendered":"<p>Mit der Bosch EasySaw 18V-70 (ohne Akku) kannst du S\u00e4gearbeiten im und um das Haus herum einfach ausf\u00fchren. Diese Stichs\u00e4ge wiegt nur 1,3 Kilogramm, sodass deine Arme beim Arbeiten nicht m\u00fcde werden. Mit nur einem Knopfdruck kannst du schon loslegen. Dank dem Softstart f\u00e4ngt das Ger\u00e4t nicht gleich auf vollen Touren an. Praktisch, weil du so sehr genau arbeiten kannst. Du hast die Wahl aus verschiedenen Stufen. Hierzu w\u00e4hlst du einfach die gew\u00fcnschte Geschwindigkeit f\u00fcr deine Arbeit. Du s\u00e4gst bis zu 70 Millimeter durch Holz. Beginnst du die Arbeit mit Metall? Dann hast du eine maximale Schnittleistung von 6 Millimetern.<\/p>\n","protected":false},"excerpt":{"rendered":"<p>Mit der Bosch EasySaw 18V-70 (ohne Akku) kannst du S\u00e4gearbeiten im und um das Haus herum einfach ausf\u00fchren. Diese Stichs\u00e4ge wiegt nur 1,3 Kilogramm, sodass deine Arme beim Arbeiten nicht m\u00fcde werden. Mit nur einem Knopfdruck kannst du schon loslegen. Dank dem Softstart f\u00e4ngt das Ger\u00e4t nicht gleich auf vollen Touren an. Praktisch, weil du so sehr genau arbeiten kannst. Du hast die Wahl aus verschiedenen Stufen. Hierzu w\u00e4hlst du einfach die gew\u00fcnschte Geschwindigkeit f\u00fcr deine Arbeit. Du s\u00e4gst bis zu 70 Millimeter durch Holz. Beginnst du die Arbeit mit Metall? Dann hast du eine maximale Schnittleistung von 6 Millimetern.<\/p>\n","protected":false},"featured_media":0,"comment_status":"closed","ping_status":"open","template":"","meta":{"_acf_changed":false},"brand":[250],"product_brand":[],"product_cat":[43],"product_tag":[2773],"class_list":{"0":"post-74223","1":"product","2":"type-product","3":"status-publish","5":"brand-bosch","6":"product_cat-stichsgen","7":"product_tag-accu-decoupeerzagen","8":"pa_condition-new","9":"pa_coolblue-de-verzending-morgen-gratis-geliefert","10":"pa_ean-8693","11":"pa_mpn-8694","13":"first","14":"instock","15":"product-type-external"},"acf":[],"_links":{"self":[{"href":"https:\/\/onlinehardwareshop.de\/index.php\/wp-json\/wp\/v2\/product\/74223","targetHints":{"allow":["GET"]}}],"collection":[{"href":"https:\/\/onlinehardwareshop.de\/index.php\/wp-json\/wp\/v2\/product"}],"about":[{"href":"https:\/\/onlinehardwareshop.de\/index.php\/wp-json\/wp\/v2\/types\/product"}],"replies":[{"embeddable":true,"href":"https:\/\/onlinehardwareshop.de\/index.php\/wp-json\/wp\/v2\/comments?post=74223"}],"wp:attachment":[{"href":"https:\/\/onlinehardwareshop.de\/index.php\/wp-json\/wp\/v2\/media?parent=74223"}],"wp:term":[{"taxonomy":"brand","embeddable":true,"href":"https:\/\/onlinehardwareshop.de\/index.php\/wp-json\/wp\/v2\/brand?post=74223"},{"taxonomy":"product_brand","embeddable":true,"href":"https:\/\/onlinehardwareshop.de\/index.php\/wp-json\/wp\/v2\/product_brand?post=74223"},{"taxonomy":"product_cat","embeddable":true,"href":"https:\/\/onlinehardwareshop.de\/index.php\/wp-json\/wp\/v2\/product_cat?post=74223"},{"taxonomy":"product_tag","embeddable":true,"href":"https:\/\/onlinehardwareshop.de\/index.php\/wp-json\/wp\/v2\/product_tag?post=74223"}],"curies":[{"name":"wp","href":"https:\/\/api.w.org\/{rel}","templated":true}]}}