{"id":74215,"date":"2025-04-19T07:11:04","date_gmt":"2025-04-19T07:11:04","guid":{"rendered":"https:\/\/onlinehardwareshop.de\/index.php\/produkt\/polaroid-cleaning-kit-2\/"},"modified":"2025-05-14T04:17:41","modified_gmt":"2025-05-14T04:17:41","slug":"polaroid-cleaning-kit","status":"publish","type":"product","link":"https:\/\/onlinehardwareshop.de\/index.php\/produkt\/polaroid-cleaning-kit\/","title":{"rendered":"Polaroid Cleaning Kit"},"content":{"rendered":"<p>Mit dem Polaroid Cleaning Kit ist es ganz einfach, deine Fotoausr\u00fcstung sauber zu halten. Dieses Set besteht aus einem Mikrofasertuch, einer Flasche Reinigungsmittel, Objektivreinigungst\u00fcchern, einem Blasebalg mit Objektivb\u00fcrste und 5 Wattest\u00e4bchen. \u00d6lige Fingerabdr\u00fccke auf dem Objektiv und der Kamera lassen sich leicht mit dem Fasertuch abwischen. Der Blasebalg entfernt Staub vom Objektiv und dem Sensor. Das verhindert Flecken auf deinen Fotos. Mit den Wattest\u00e4bchen reinigst du den Sucher und andere schwer zug\u00e4ngliche Stellen der Kamera m\u00fchelos. So bleibt deine Kamera in gutem Zustand und h\u00e4lt l\u00e4nger.<\/p>\n","protected":false},"excerpt":{"rendered":"<p>Mit dem Polaroid Cleaning Kit ist es ganz einfach, deine Fotoausr\u00fcstung sauber zu halten. Dieses Set besteht aus einem Mikrofasertuch, einer Flasche Reinigungsmittel, Objektivreinigungst\u00fcchern, einem Blasebalg mit Objektivb\u00fcrste und 5 Wattest\u00e4bchen. \u00d6lige Fingerabdr\u00fccke auf dem Objektiv und der Kamera lassen sich leicht mit dem Fasertuch abwischen. Der Blasebalg entfernt Staub vom Objektiv und dem Sensor. Das verhindert Flecken auf deinen Fotos. Mit den Wattest\u00e4bchen reinigst du den Sucher und andere schwer zug\u00e4ngliche Stellen der Kamera m\u00fchelos. So bleibt deine Kamera in gutem Zustand und h\u00e4lt l\u00e4nger.<\/p>\n","protected":false},"featured_media":0,"comment_status":"closed","ping_status":"open","template":"","meta":{"_acf_changed":false},"brand":[5251],"product_brand":[],"product_cat":[1414],"product_tag":[1415],"class_list":{"0":"post-74215","1":"product","2":"type-product","3":"status-publish","5":"brand-polaroid","6":"product_cat-reinigungssets-fr-kameras","7":"product_tag-schoonmaaksets-voor-cameras","8":"pa_condition-new","9":"pa_coolblue-de-verzending-morgen-gratis-geliefert","10":"pa_ean-8675","11":"pa_mpn-8676","13":"first","14":"instock","15":"product-type-external"},"acf":[],"_links":{"self":[{"href":"https:\/\/onlinehardwareshop.de\/index.php\/wp-json\/wp\/v2\/product\/74215","targetHints":{"allow":["GET"]}}],"collection":[{"href":"https:\/\/onlinehardwareshop.de\/index.php\/wp-json\/wp\/v2\/product"}],"about":[{"href":"https:\/\/onlinehardwareshop.de\/index.php\/wp-json\/wp\/v2\/types\/product"}],"replies":[{"embeddable":true,"href":"https:\/\/onlinehardwareshop.de\/index.php\/wp-json\/wp\/v2\/comments?post=74215"}],"wp:attachment":[{"href":"https:\/\/onlinehardwareshop.de\/index.php\/wp-json\/wp\/v2\/media?parent=74215"}],"wp:term":[{"taxonomy":"brand","embeddable":true,"href":"https:\/\/onlinehardwareshop.de\/index.php\/wp-json\/wp\/v2\/brand?post=74215"},{"taxonomy":"product_brand","embeddable":true,"href":"https:\/\/onlinehardwareshop.de\/index.php\/wp-json\/wp\/v2\/product_brand?post=74215"},{"taxonomy":"product_cat","embeddable":true,"href":"https:\/\/onlinehardwareshop.de\/index.php\/wp-json\/wp\/v2\/product_cat?post=74215"},{"taxonomy":"product_tag","embeddable":true,"href":"https:\/\/onlinehardwareshop.de\/index.php\/wp-json\/wp\/v2\/product_tag?post=74215"}],"curies":[{"name":"wp","href":"https:\/\/api.w.org\/{rel}","templated":true}]}}