{"id":74206,"date":"2024-11-08T16:54:18","date_gmt":"2024-11-08T16:54:18","guid":{"rendered":"https:\/\/onlinehardwareshop.de\/index.php\/produkt\/speedcomfort-mono-set-2\/"},"modified":"2025-05-14T04:16:53","modified_gmt":"2025-05-14T04:16:53","slug":"speedcomfort-mono-set","status":"publish","type":"product","link":"https:\/\/onlinehardwareshop.de\/index.php\/produkt\/speedcomfort-mono-set\/","title":{"rendered":"SpeedComfort Mono-Set"},"content":{"rendered":"<p>Mit dem SpeedComfort Mono-Set heizt du dein Schlafzimmer zweimal so schnell auf. Der Heizk\u00f6rperverst\u00e4rker verf\u00fcgt \u00fcber drei eingebaute Ventilatoren, die die W\u00e4rme des Heizk\u00f6rpers gleichm\u00e4\u00dfig im Raum verteilen. Da der Raum schneller erw\u00e4rmt wird, sparst du Gas und Energie. Mit der Magnetbefestigung kannst du das Ger\u00e4t ganz einfach an der Innenseite des Heizk\u00f6rpers oder Konvektors anbringen. Das Mono-Set ist f\u00fcr Heizk\u00f6rper mit einer L\u00e4nge von bis zu 50\u00a0Zentimetern geeignet. Nach der Installation brauchst du nichts mehr am Ventilator zu tun. Er schaltet sich n\u00e4mlich mit dem temperaturgesteuerten Schalter selbst ein und aus.<\/p>\n","protected":false},"excerpt":{"rendered":"<p>Mit dem SpeedComfort Mono-Set heizt du dein Schlafzimmer zweimal so schnell auf. Der Heizk\u00f6rperverst\u00e4rker verf\u00fcgt \u00fcber drei eingebaute Ventilatoren, die die W\u00e4rme des Heizk\u00f6rpers gleichm\u00e4\u00dfig im Raum verteilen. Da der Raum schneller erw\u00e4rmt wird, sparst du Gas und Energie. Mit der Magnetbefestigung kannst du das Ger\u00e4t ganz einfach an der Innenseite des Heizk\u00f6rpers oder Konvektors anbringen. Das Mono-Set ist f\u00fcr Heizk\u00f6rper mit einer L\u00e4nge von bis zu 50\u00a0Zentimetern geeignet. Nach der Installation brauchst du nichts mehr am Ventilator zu tun. Er schaltet sich n\u00e4mlich mit dem temperaturgesteuerten Schalter selbst ein und aus.<\/p>\n","protected":false},"featured_media":0,"comment_status":"closed","ping_status":"open","template":"","meta":{"_acf_changed":false},"brand":[8653],"product_brand":[],"product_cat":[8654],"product_tag":[8655],"class_list":{"0":"post-74206","1":"product","2":"type-product","3":"status-publish","5":"brand-speedcomfort","6":"product_cat-heizkrperverstrker","7":"product_tag-radiatorventilatoren","8":"pa_condition-new","9":"pa_coolblue-de-verzending-morgen-gratis-geliefert","10":"pa_ean-8651","11":"pa_mpn-8652","13":"first","14":"instock","15":"product-type-external"},"acf":[],"_links":{"self":[{"href":"https:\/\/onlinehardwareshop.de\/index.php\/wp-json\/wp\/v2\/product\/74206","targetHints":{"allow":["GET"]}}],"collection":[{"href":"https:\/\/onlinehardwareshop.de\/index.php\/wp-json\/wp\/v2\/product"}],"about":[{"href":"https:\/\/onlinehardwareshop.de\/index.php\/wp-json\/wp\/v2\/types\/product"}],"replies":[{"embeddable":true,"href":"https:\/\/onlinehardwareshop.de\/index.php\/wp-json\/wp\/v2\/comments?post=74206"}],"wp:attachment":[{"href":"https:\/\/onlinehardwareshop.de\/index.php\/wp-json\/wp\/v2\/media?parent=74206"}],"wp:term":[{"taxonomy":"brand","embeddable":true,"href":"https:\/\/onlinehardwareshop.de\/index.php\/wp-json\/wp\/v2\/brand?post=74206"},{"taxonomy":"product_brand","embeddable":true,"href":"https:\/\/onlinehardwareshop.de\/index.php\/wp-json\/wp\/v2\/product_brand?post=74206"},{"taxonomy":"product_cat","embeddable":true,"href":"https:\/\/onlinehardwareshop.de\/index.php\/wp-json\/wp\/v2\/product_cat?post=74206"},{"taxonomy":"product_tag","embeddable":true,"href":"https:\/\/onlinehardwareshop.de\/index.php\/wp-json\/wp\/v2\/product_tag?post=74206"}],"curies":[{"name":"wp","href":"https:\/\/api.w.org\/{rel}","templated":true}]}}