{"id":74180,"date":"2025-01-27T18:51:38","date_gmt":"2025-01-27T18:51:38","guid":{"rendered":"https:\/\/onlinehardwareshop.de\/index.php\/produkt\/thermal-grizzly-m-2-ssd-khler-2\/"},"modified":"2025-05-14T04:14:42","modified_gmt":"2025-05-14T04:14:42","slug":"thermal-grizzly-m-2-ssd-khler","status":"publish","type":"product","link":"https:\/\/onlinehardwareshop.de\/index.php\/produkt\/thermal-grizzly-m-2-ssd-khler\/","title":{"rendered":"Thermal Grizzly M.2 SSD-K&#xFC;hler"},"content":{"rendered":"<p>Behalte k\u00fchlen Kopf und eine gek\u00fchlte M.2 SSD mit dem Thermal Grizzly M.2 SSD-K\u00fchler. Dieses K\u00fchlgeh\u00e4use wird mit zwei W\u00e4rmeleitblechen geliefert und ist mit K\u00fchlk\u00f6rpern zur optimalen K\u00fchlung deiner M.2 SSD ausgestattet. Du schiebst deine M.2-SSD in das Geh\u00e4use und bringst sie dann auf dem Motherboard an. Die K\u00fchlung verl\u00e4ngert die Lebensdauer deiner M.2-SSD und verringert die Gefahr einer \u00dcberhitzung bei intensiven Aufgaben und Spielsitzungen. Die K\u00fchlung erfolgt passiv \u00fcber die im Geh\u00e4use eingebauten K\u00fchlk\u00f6rper. Durch das mattschwarze Design passt der K\u00fchler perfekt zu deinem anderen Nicht-RGB-Zubeh\u00f6r.<\/p>\n","protected":false},"excerpt":{"rendered":"<p>Behalte k\u00fchlen Kopf und eine gek\u00fchlte M.2 SSD mit dem Thermal Grizzly M.2 SSD-K\u00fchler. Dieses K\u00fchlgeh\u00e4use wird mit zwei W\u00e4rmeleitblechen geliefert und ist mit K\u00fchlk\u00f6rpern zur optimalen K\u00fchlung deiner M.2 SSD ausgestattet. Du schiebst deine M.2-SSD in das Geh\u00e4use und bringst sie dann auf dem Motherboard an. Die K\u00fchlung verl\u00e4ngert die Lebensdauer deiner M.2-SSD und verringert die Gefahr einer \u00dcberhitzung bei intensiven Aufgaben und Spielsitzungen. Die K\u00fchlung erfolgt passiv \u00fcber die im Geh\u00e4use eingebauten K\u00fchlk\u00f6rper. Durch das mattschwarze Design passt der K\u00fchler perfekt zu deinem anderen Nicht-RGB-Zubeh\u00f6r.<\/p>\n","protected":false},"featured_media":0,"comment_status":"closed","ping_status":"open","template":"","meta":{"_acf_changed":false},"brand":[4253],"product_brand":[],"product_cat":[8613],"product_tag":[8614],"class_list":{"0":"post-74180","1":"product","2":"type-product","3":"status-publish","5":"brand-thermal-grizzly","6":"product_cat-m-2-ssd-khlkrper","7":"product_tag-m2-ssd-heatsinks","8":"pa_condition-new","9":"pa_coolblue-de-verzending-morgen-gratis-geliefert","10":"pa_ean-8611","11":"pa_mpn-tg-m2ssd-abr","13":"first","14":"instock","15":"product-type-external"},"acf":[],"_links":{"self":[{"href":"https:\/\/onlinehardwareshop.de\/index.php\/wp-json\/wp\/v2\/product\/74180","targetHints":{"allow":["GET"]}}],"collection":[{"href":"https:\/\/onlinehardwareshop.de\/index.php\/wp-json\/wp\/v2\/product"}],"about":[{"href":"https:\/\/onlinehardwareshop.de\/index.php\/wp-json\/wp\/v2\/types\/product"}],"replies":[{"embeddable":true,"href":"https:\/\/onlinehardwareshop.de\/index.php\/wp-json\/wp\/v2\/comments?post=74180"}],"wp:attachment":[{"href":"https:\/\/onlinehardwareshop.de\/index.php\/wp-json\/wp\/v2\/media?parent=74180"}],"wp:term":[{"taxonomy":"brand","embeddable":true,"href":"https:\/\/onlinehardwareshop.de\/index.php\/wp-json\/wp\/v2\/brand?post=74180"},{"taxonomy":"product_brand","embeddable":true,"href":"https:\/\/onlinehardwareshop.de\/index.php\/wp-json\/wp\/v2\/product_brand?post=74180"},{"taxonomy":"product_cat","embeddable":true,"href":"https:\/\/onlinehardwareshop.de\/index.php\/wp-json\/wp\/v2\/product_cat?post=74180"},{"taxonomy":"product_tag","embeddable":true,"href":"https:\/\/onlinehardwareshop.de\/index.php\/wp-json\/wp\/v2\/product_tag?post=74180"}],"curies":[{"name":"wp","href":"https:\/\/api.w.org\/{rel}","templated":true}]}}