{"id":74140,"date":"2024-07-08T21:01:46","date_gmt":"2024-07-08T21:01:46","guid":{"rendered":"https:\/\/onlinehardwareshop.de\/index.php\/produkt\/jabra-evolve-20-ms-stereo-office-headset-2\/"},"modified":"2025-05-14T04:11:16","modified_gmt":"2025-05-14T04:11:16","slug":"jabra-evolve-20-ms-stereo-office-headset","status":"publish","type":"product","link":"https:\/\/onlinehardwareshop.de\/index.php\/produkt\/jabra-evolve-20-ms-stereo-office-headset\/","title":{"rendered":"Jabra Evolve 20 &#8211; MS Stereo Office-Headset"},"content":{"rendered":"<p>Mit dem Jabra Evolve 20 &#8211; MS Stereo Office-Headset telefonierst du stundenlang mit Kunden. Da dieses Office-Headset f\u00fcr Microsoft zertifiziert ist, ist Software wie Teams und Skype for Business direkt einsatzbereit. Dank des komfortablen Designs mit gepolsterten Ohrmuscheln tr\u00e4gst du das Headset, ohne schmerzende Ohren zu bekommen. Zwischendurch blendest du Kollegen mit dem Mikrofon mit Ger\u00e4uschunterdr\u00fcckung f\u00fcr den Kunden akustisch aus. Du nutzt zur Verbindung dieses Headsets mit dem Ger\u00e4t deiner Wahl den USB-Anschluss.<\/p>\n","protected":false},"excerpt":{"rendered":"<p>Mit dem Jabra Evolve 20 &#8211; MS Stereo Office-Headset telefonierst du stundenlang mit Kunden. Da dieses Office-Headset f\u00fcr Microsoft zertifiziert ist, ist Software wie Teams und Skype for Business direkt einsatzbereit. Dank des komfortablen Designs mit gepolsterten Ohrmuscheln tr\u00e4gst du das Headset, ohne schmerzende Ohren zu bekommen. Zwischendurch blendest du Kollegen mit dem Mikrofon mit Ger\u00e4uschunterdr\u00fcckung f\u00fcr den Kunden akustisch aus. Du nutzt zur Verbindung dieses Headsets mit dem Ger\u00e4t deiner Wahl den USB-Anschluss.<\/p>\n","protected":false},"featured_media":0,"comment_status":"closed","ping_status":"open","template":"","meta":{"_acf_changed":false},"brand":[815],"product_brand":[],"product_cat":[257],"product_tag":[258],"class_list":{"0":"post-74140","1":"product","2":"type-product","3":"status-publish","5":"brand-jabra","6":"product_cat-office-headsets","7":"product_tag-headsets-office","8":"pa_condition-new","9":"pa_coolblue-de-verzending-morgen-gratis-geliefert","10":"pa_ean-8518","11":"pa_mpn-4999-823-109","13":"first","14":"instock","15":"product-type-external"},"acf":[],"_links":{"self":[{"href":"https:\/\/onlinehardwareshop.de\/index.php\/wp-json\/wp\/v2\/product\/74140","targetHints":{"allow":["GET"]}}],"collection":[{"href":"https:\/\/onlinehardwareshop.de\/index.php\/wp-json\/wp\/v2\/product"}],"about":[{"href":"https:\/\/onlinehardwareshop.de\/index.php\/wp-json\/wp\/v2\/types\/product"}],"replies":[{"embeddable":true,"href":"https:\/\/onlinehardwareshop.de\/index.php\/wp-json\/wp\/v2\/comments?post=74140"}],"wp:attachment":[{"href":"https:\/\/onlinehardwareshop.de\/index.php\/wp-json\/wp\/v2\/media?parent=74140"}],"wp:term":[{"taxonomy":"brand","embeddable":true,"href":"https:\/\/onlinehardwareshop.de\/index.php\/wp-json\/wp\/v2\/brand?post=74140"},{"taxonomy":"product_brand","embeddable":true,"href":"https:\/\/onlinehardwareshop.de\/index.php\/wp-json\/wp\/v2\/product_brand?post=74140"},{"taxonomy":"product_cat","embeddable":true,"href":"https:\/\/onlinehardwareshop.de\/index.php\/wp-json\/wp\/v2\/product_cat?post=74140"},{"taxonomy":"product_tag","embeddable":true,"href":"https:\/\/onlinehardwareshop.de\/index.php\/wp-json\/wp\/v2\/product_tag?post=74140"}],"curies":[{"name":"wp","href":"https:\/\/api.w.org\/{rel}","templated":true}]}}