{"id":74127,"date":"2024-09-26T12:12:53","date_gmt":"2024-09-26T12:12:53","guid":{"rendered":"https:\/\/onlinehardwareshop.de\/index.php\/produkt\/tefal-eco-respect-bl46en-2\/"},"modified":"2025-05-14T04:10:23","modified_gmt":"2025-05-14T04:10:23","slug":"tefal-eco-respect-bl46en","status":"publish","type":"product","link":"https:\/\/onlinehardwareshop.de\/index.php\/produkt\/tefal-eco-respect-bl46en\/","title":{"rendered":"Tefal Eco Respect BL46EN"},"content":{"rendered":"<p>Der Tefal Eco Respect BL46EN ist ein umweltfreundlicher Standmixer. Der Standmixer wird aus recyceltem Kunststoff hergestellt. Au\u00dferdem verf\u00fcgt er \u00fcber zwei Geschwindigkeiten und eine Pulseinstellung. So kannst du die Geschwindigkeit ganz einfach an die Zubereitung anpassen. Der Pulsmodus bietet extra Power f\u00fcr das Mixen von harten Zutaten. So kannst du z. B. Eis im Standmixer zerkleinern. Neben Smoothies kannst du auch eine frische Suppe oder eine warme So\u00dfe herstellen. Der Mixbeh\u00e4lter ist bis zu 80 \u00b0C hitzebest\u00e4ndig. Beim Mixen kannst du \u00fcber die F\u00fcll\u00f6ffnung im Deckel einfach Zutaten hinzuf\u00fcgen. Bist du fertig? Dann nimm die Klingen einfach aus dem Standmixer, um sie zu reinigen.<\/p>\n","protected":false},"excerpt":{"rendered":"<p>Der Tefal Eco Respect BL46EN ist ein umweltfreundlicher Standmixer. Der Standmixer wird aus recyceltem Kunststoff hergestellt. Au\u00dferdem verf\u00fcgt er \u00fcber zwei Geschwindigkeiten und eine Pulseinstellung. So kannst du die Geschwindigkeit ganz einfach an die Zubereitung anpassen. Der Pulsmodus bietet extra Power f\u00fcr das Mixen von harten Zutaten. So kannst du z. B. Eis im Standmixer zerkleinern. Neben Smoothies kannst du auch eine frische Suppe oder eine warme So\u00dfe herstellen. Der Mixbeh\u00e4lter ist bis zu 80 \u00b0C hitzebest\u00e4ndig. Beim Mixen kannst du \u00fcber die F\u00fcll\u00f6ffnung im Deckel einfach Zutaten hinzuf\u00fcgen. Bist du fertig? Dann nimm die Klingen einfach aus dem Standmixer, um sie zu reinigen.<\/p>\n","protected":false},"featured_media":0,"comment_status":"closed","ping_status":"open","template":"","meta":{"_acf_changed":false},"brand":[506],"product_brand":[],"product_cat":[1606],"product_tag":[1607],"class_list":{"0":"post-74127","1":"product","2":"type-product","3":"status-publish","5":"brand-tefal","6":"product_cat-standmixer","7":"product_tag-blenders","8":"pa_condition-new","9":"pa_coolblue-de-verzending-morgen-gratis-geliefert","10":"pa_ean-8488","11":"pa_mpn-bl46en","13":"first","14":"instock","15":"product-type-external"},"acf":[],"_links":{"self":[{"href":"https:\/\/onlinehardwareshop.de\/index.php\/wp-json\/wp\/v2\/product\/74127","targetHints":{"allow":["GET"]}}],"collection":[{"href":"https:\/\/onlinehardwareshop.de\/index.php\/wp-json\/wp\/v2\/product"}],"about":[{"href":"https:\/\/onlinehardwareshop.de\/index.php\/wp-json\/wp\/v2\/types\/product"}],"replies":[{"embeddable":true,"href":"https:\/\/onlinehardwareshop.de\/index.php\/wp-json\/wp\/v2\/comments?post=74127"}],"wp:attachment":[{"href":"https:\/\/onlinehardwareshop.de\/index.php\/wp-json\/wp\/v2\/media?parent=74127"}],"wp:term":[{"taxonomy":"brand","embeddable":true,"href":"https:\/\/onlinehardwareshop.de\/index.php\/wp-json\/wp\/v2\/brand?post=74127"},{"taxonomy":"product_brand","embeddable":true,"href":"https:\/\/onlinehardwareshop.de\/index.php\/wp-json\/wp\/v2\/product_brand?post=74127"},{"taxonomy":"product_cat","embeddable":true,"href":"https:\/\/onlinehardwareshop.de\/index.php\/wp-json\/wp\/v2\/product_cat?post=74127"},{"taxonomy":"product_tag","embeddable":true,"href":"https:\/\/onlinehardwareshop.de\/index.php\/wp-json\/wp\/v2\/product_tag?post=74127"}],"curies":[{"name":"wp","href":"https:\/\/api.w.org\/{rel}","templated":true}]}}