{"id":74056,"date":"2024-02-25T19:44:44","date_gmt":"2024-02-25T19:44:44","guid":{"rendered":"https:\/\/onlinehardwareshop.de\/index.php\/produkt\/logitech-g435-lightspeed-wireless-gaming-headset-schwarz\/"},"modified":"2025-05-14T04:03:52","modified_gmt":"2025-05-14T04:03:52","slug":"logitech-g435-lightspeed-wireless-gaming-headset-schwarz","status":"publish","type":"product","link":"https:\/\/onlinehardwareshop.de\/index.php\/produkt\/logitech-g435-lightspeed-wireless-gaming-headset-schwarz\/","title":{"rendered":"Logitech G435 LIGHTSPEED Wireless Gaming-Headset Schwarz"},"content":{"rendered":"<p>Zocke, h\u00f6re Musik oder spiele den ganzen Tag bequem mit deinen Freunden mit dem Logitech G435 LIGHTSPEED Wireless Gaming-Headset. Dieses Headset verbindest du \u00fcber den USB-A-Dongle kabellos mit deinem PC oder deiner PlayStation. So hast du beim Zocken keinen Kabelsalat. Das Headset ist mit seinen 165 Gramm sehr leicht, sodass du es beim Tragen kaum sp\u00fcrst und stundenlang bequem weiterzockst. Dank des Surround Sounds in 360 Grad erlebst du dein Spiel intensiver und h\u00f6rst genau, aus welcher Richtung deine Gegner kommen. Damit bist du ihnen jederzeit einen Schritt voraus. Au\u00dferdem kommunizierst du dank der Rauschunterdr\u00fcckung des Mikrofons online ohne Hintergrundger\u00e4usche mit deinen Freunden. Deine Kommentare kommen also immer deutlich an. Die durchschnittliche Akkulaufzeit des Headsets betr\u00e4gt 18 Stunden. So erlebst du ausgiebigen Gaming-Spa\u00df, ohne das Headset zwischendurch zu laden.  Hinweis: Das Mikrofon von diesem Gaming-Headset ist nicht mit der Nintendo Switch kompatibel.<\/p>\n","protected":false},"excerpt":{"rendered":"<p>Zocke, h\u00f6re Musik oder spiele den ganzen Tag bequem mit deinen Freunden mit dem Logitech G435 LIGHTSPEED Wireless Gaming-Headset. Dieses Headset verbindest du \u00fcber den USB-A-Dongle kabellos mit deinem PC oder deiner PlayStation. So hast du beim Zocken keinen Kabelsalat. Das Headset ist mit seinen 165 Gramm sehr leicht, sodass du es beim Tragen kaum sp\u00fcrst und stundenlang bequem weiterzockst. Dank des Surround Sounds in 360 Grad erlebst du dein Spiel intensiver und h\u00f6rst genau, aus welcher Richtung deine Gegner kommen. Damit bist du ihnen jederzeit einen Schritt voraus. Au\u00dferdem kommunizierst du dank der Rauschunterdr\u00fcckung des Mikrofons online ohne Hintergrundger\u00e4usche mit deinen Freunden. Deine Kommentare kommen also immer deutlich an. Die durchschnittliche Akkulaufzeit des Headsets betr\u00e4gt 18 Stunden. So erlebst du ausgiebigen Gaming-Spa\u00df, ohne das Headset zwischendurch zu laden.  Hinweis: Das Mikrofon von diesem Gaming-Headset ist nicht mit der Nintendo Switch kompatibel.<\/p>\n","protected":false},"featured_media":0,"comment_status":"closed","ping_status":"open","template":"","meta":{"_acf_changed":false},"brand":[225],"product_brand":[],"product_cat":[3435],"product_tag":[3436],"class_list":{"0":"post-74056","1":"product","2":"type-product","3":"status-publish","5":"brand-logitech-g","6":"product_cat-gaming-headsets","7":"product_tag-gaming-headsets","8":"pa_condition-new","9":"pa_coolblue-de-verzending-morgen-gratis-geliefert","10":"pa_ean-8335","11":"pa_mpn-981-001050","13":"first","14":"instock","15":"product-type-external"},"acf":[],"_links":{"self":[{"href":"https:\/\/onlinehardwareshop.de\/index.php\/wp-json\/wp\/v2\/product\/74056","targetHints":{"allow":["GET"]}}],"collection":[{"href":"https:\/\/onlinehardwareshop.de\/index.php\/wp-json\/wp\/v2\/product"}],"about":[{"href":"https:\/\/onlinehardwareshop.de\/index.php\/wp-json\/wp\/v2\/types\/product"}],"replies":[{"embeddable":true,"href":"https:\/\/onlinehardwareshop.de\/index.php\/wp-json\/wp\/v2\/comments?post=74056"}],"wp:attachment":[{"href":"https:\/\/onlinehardwareshop.de\/index.php\/wp-json\/wp\/v2\/media?parent=74056"}],"wp:term":[{"taxonomy":"brand","embeddable":true,"href":"https:\/\/onlinehardwareshop.de\/index.php\/wp-json\/wp\/v2\/brand?post=74056"},{"taxonomy":"product_brand","embeddable":true,"href":"https:\/\/onlinehardwareshop.de\/index.php\/wp-json\/wp\/v2\/product_brand?post=74056"},{"taxonomy":"product_cat","embeddable":true,"href":"https:\/\/onlinehardwareshop.de\/index.php\/wp-json\/wp\/v2\/product_cat?post=74056"},{"taxonomy":"product_tag","embeddable":true,"href":"https:\/\/onlinehardwareshop.de\/index.php\/wp-json\/wp\/v2\/product_tag?post=74056"}],"curies":[{"name":"wp","href":"https:\/\/api.w.org\/{rel}","templated":true}]}}