{"id":74049,"date":"2024-07-31T01:29:02","date_gmt":"2024-07-31T01:29:02","guid":{"rendered":"https:\/\/onlinehardwareshop.de\/index.php\/produkt\/samsung-vg-soca05-one-invisible-cable-2\/"},"modified":"2025-05-14T04:03:07","modified_gmt":"2025-05-14T04:03:07","slug":"samsung-vg-soca05-one-invisible-cable","status":"publish","type":"product","link":"https:\/\/onlinehardwareshop.de\/index.php\/produkt\/samsung-vg-soca05-one-invisible-cable\/","title":{"rendered":"Samsung VG-SOCA05 One Invisible Cable"},"content":{"rendered":"<p>Das Samsung VG-SOCA05\/XC ist ein f\u00fcnf Meter langes Invisible Cable-Ersatzkabel. Dies ist n\u00fctzlich, wenn das Kabel, das standardm\u00e4\u00dfig mit deinem QLED-Fernseher geliefert wird, nicht mehr funktioniert und ersetzt werden muss. Du schlie\u00dft das Invisible Cable an den Fernseher und die One Connect Box an.  Hinweis: Dieses Kabel ist nur f\u00fcr das Samsung QN900A, QN800A und das QN95A aus dem Jahr 2021 sowie das QN900B, QN800B, QN95B, Q900B, Q800B und QN95B aus dem Jahr 2022 geeignet.<\/p>\n","protected":false},"excerpt":{"rendered":"<p>Das Samsung VG-SOCA05\/XC ist ein f\u00fcnf Meter langes Invisible Cable-Ersatzkabel. Dies ist n\u00fctzlich, wenn das Kabel, das standardm\u00e4\u00dfig mit deinem QLED-Fernseher geliefert wird, nicht mehr funktioniert und ersetzt werden muss. Du schlie\u00dft das Invisible Cable an den Fernseher und die One Connect Box an.  Hinweis: Dieses Kabel ist nur f\u00fcr das Samsung QN900A, QN800A und das QN95A aus dem Jahr 2021 sowie das QN900B, QN800B, QN95B, Q900B, Q800B und QN95B aus dem Jahr 2022 geeignet.<\/p>\n","protected":false},"featured_media":0,"comment_status":"closed","ping_status":"open","template":"","meta":{"_acf_changed":false},"brand":[1165],"product_brand":[],"product_cat":[1804],"product_tag":[1805],"class_list":{"0":"post-74049","1":"product","2":"type-product","3":"status-publish","5":"brand-samsung","6":"product_cat-av-kabel","7":"product_tag-kabels-overig","8":"pa_condition-new","9":"pa_coolblue-de-verzending-morgen-gratis-geliefert","10":"pa_ean-8320","11":"pa_mpn-vg-soca05-xc","13":"first","14":"instock","15":"product-type-external"},"acf":[],"_links":{"self":[{"href":"https:\/\/onlinehardwareshop.de\/index.php\/wp-json\/wp\/v2\/product\/74049","targetHints":{"allow":["GET"]}}],"collection":[{"href":"https:\/\/onlinehardwareshop.de\/index.php\/wp-json\/wp\/v2\/product"}],"about":[{"href":"https:\/\/onlinehardwareshop.de\/index.php\/wp-json\/wp\/v2\/types\/product"}],"replies":[{"embeddable":true,"href":"https:\/\/onlinehardwareshop.de\/index.php\/wp-json\/wp\/v2\/comments?post=74049"}],"wp:attachment":[{"href":"https:\/\/onlinehardwareshop.de\/index.php\/wp-json\/wp\/v2\/media?parent=74049"}],"wp:term":[{"taxonomy":"brand","embeddable":true,"href":"https:\/\/onlinehardwareshop.de\/index.php\/wp-json\/wp\/v2\/brand?post=74049"},{"taxonomy":"product_brand","embeddable":true,"href":"https:\/\/onlinehardwareshop.de\/index.php\/wp-json\/wp\/v2\/product_brand?post=74049"},{"taxonomy":"product_cat","embeddable":true,"href":"https:\/\/onlinehardwareshop.de\/index.php\/wp-json\/wp\/v2\/product_cat?post=74049"},{"taxonomy":"product_tag","embeddable":true,"href":"https:\/\/onlinehardwareshop.de\/index.php\/wp-json\/wp\/v2\/product_tag?post=74049"}],"curies":[{"name":"wp","href":"https:\/\/api.w.org\/{rel}","templated":true}]}}