{"id":74006,"date":"2024-10-03T18:49:02","date_gmt":"2024-10-03T18:49:02","guid":{"rendered":"https:\/\/onlinehardwareshop.de\/index.php\/produkt\/intenso-ssd-1tb-25-ssd-sata-iii-top-performance-2\/"},"modified":"2025-05-14T03:59:47","modified_gmt":"2025-05-14T03:59:47","slug":"intenso-ssd-1tb-25-ssd-sata-iii-top-performance","status":"publish","type":"product","link":"https:\/\/onlinehardwareshop.de\/index.php\/produkt\/intenso-ssd-1tb-25-ssd-sata-iii-top-performance\/","title":{"rendered":"Intenso SSD 1TB 2,5&#8220; SSD SATA III Top Performance"},"content":{"rendered":"<p>Hinweis: Diese 2,5-Zoll-SSD verf\u00fcgt \u00fcber eine SATA-Schnittstelle und funktioniert nur, wenn dein System SATA unterst\u00fctzt. \u00dcberpr\u00fcfe das in der Gebrauchsanleitung deines Laptops oder Motherboards.    Mit der internen SSD Intenso SSD 1 TB 2,5&#8220; SATA III Top Performance stattest du deinen PC mit schnellem Speicher aus. Diese SSD ist sowohl f\u00fcr den t\u00e4glichen Gebrauch als auch f\u00fcr Spiele geeignet und bietet dir verschiedene M\u00f6glichkeiten, die SSD zu verwenden. Mit einer Lesegeschwindigkeit von 520 Megabyte pro Sekunde und einer Schreibgeschwindigkeit von 500 Megabyte pro Sekunde kannst du ein Spiel von 30 Gigabyte in 1 Minute \u00fcbertragen. Die SSD verbraucht aufgrund des 3D-NAND-Speichers 2x weniger Energie als andere SSDs. Dadurch ist der Antrieb sparsam, leise und sto\u00dffest, ideal f\u00fcr den intensiven Einsatz. Diese Intenso Top Performance hat eine Lebensdauer von 480 Terabyte, sodass du 240 Terabyte pro Jahr auf die SSD schreiben kannst. Die kompakte 2,5-Zoll-Gr\u00f6\u00dfe macht diese Intenso SSD f\u00fcr jeden Windows-Laptop oder PC geeignet.<\/p>\n","protected":false},"excerpt":{"rendered":"<p>Hinweis: Diese 2,5-Zoll-SSD verf\u00fcgt \u00fcber eine SATA-Schnittstelle und funktioniert nur, wenn dein System SATA unterst\u00fctzt. \u00dcberpr\u00fcfe das in der Gebrauchsanleitung deines Laptops oder Motherboards.    Mit der internen SSD Intenso SSD 1 TB 2,5&#8220; SATA III Top Performance stattest du deinen PC mit schnellem Speicher aus. Diese SSD ist sowohl f\u00fcr den t\u00e4glichen Gebrauch als auch f\u00fcr Spiele geeignet und bietet dir verschiedene M\u00f6glichkeiten, die SSD zu verwenden. Mit einer Lesegeschwindigkeit von 520 Megabyte pro Sekunde und einer Schreibgeschwindigkeit von 500 Megabyte pro Sekunde kannst du ein Spiel von 30 Gigabyte in 1 Minute \u00fcbertragen. Die SSD verbraucht aufgrund des 3D-NAND-Speichers 2x weniger Energie als andere SSDs. Dadurch ist der Antrieb sparsam, leise und sto\u00dffest, ideal f\u00fcr den intensiven Einsatz. Diese Intenso Top Performance hat eine Lebensdauer von 480 Terabyte, sodass du 240 Terabyte pro Jahr auf die SSD schreiben kannst. Die kompakte 2,5-Zoll-Gr\u00f6\u00dfe macht diese Intenso SSD f\u00fcr jeden Windows-Laptop oder PC geeignet.<\/p>\n","protected":false},"featured_media":0,"comment_status":"closed","ping_status":"open","template":"","meta":{"_acf_changed":false},"brand":[6883],"product_brand":[],"product_cat":[2957],"product_tag":[2958],"class_list":{"0":"post-74006","1":"product","2":"type-product","3":"status-publish","5":"brand-intenso","6":"product_cat-solid-state-drives-ssd","7":"product_tag-25-inch-ssd","8":"pa_condition-new","9":"pa_coolblue-de-verzending-morgen-gratis-geliefert","10":"pa_ean-8239","11":"pa_mpn-8240","13":"first","14":"instock","15":"product-type-external"},"acf":[],"_links":{"self":[{"href":"https:\/\/onlinehardwareshop.de\/index.php\/wp-json\/wp\/v2\/product\/74006","targetHints":{"allow":["GET"]}}],"collection":[{"href":"https:\/\/onlinehardwareshop.de\/index.php\/wp-json\/wp\/v2\/product"}],"about":[{"href":"https:\/\/onlinehardwareshop.de\/index.php\/wp-json\/wp\/v2\/types\/product"}],"replies":[{"embeddable":true,"href":"https:\/\/onlinehardwareshop.de\/index.php\/wp-json\/wp\/v2\/comments?post=74006"}],"wp:attachment":[{"href":"https:\/\/onlinehardwareshop.de\/index.php\/wp-json\/wp\/v2\/media?parent=74006"}],"wp:term":[{"taxonomy":"brand","embeddable":true,"href":"https:\/\/onlinehardwareshop.de\/index.php\/wp-json\/wp\/v2\/brand?post=74006"},{"taxonomy":"product_brand","embeddable":true,"href":"https:\/\/onlinehardwareshop.de\/index.php\/wp-json\/wp\/v2\/product_brand?post=74006"},{"taxonomy":"product_cat","embeddable":true,"href":"https:\/\/onlinehardwareshop.de\/index.php\/wp-json\/wp\/v2\/product_cat?post=74006"},{"taxonomy":"product_tag","embeddable":true,"href":"https:\/\/onlinehardwareshop.de\/index.php\/wp-json\/wp\/v2\/product_tag?post=74006"}],"curies":[{"name":"wp","href":"https:\/\/api.w.org\/{rel}","templated":true}]}}