{"id":73987,"date":"2025-03-30T10:31:00","date_gmt":"2025-03-30T10:31:00","guid":{"rendered":"https:\/\/onlinehardwareshop.de\/index.php\/produkt\/bauknecht-ctar-9642-in-2\/"},"modified":"2025-05-14T03:58:12","modified_gmt":"2025-05-14T03:58:12","slug":"bauknecht-ctar-9642-in","status":"publish","type":"product","link":"https:\/\/onlinehardwareshop.de\/index.php\/produkt\/bauknecht-ctar-9642-in\/","title":{"rendered":"Bauknecht CTAR 9642 IN"},"content":{"rendered":"<p>Das Bauknecht CTAR 9642 IN Glaskeramikkochfeld ist dein flexibler Partner in der K\u00fcche. Zwei der vier Kochzonen passen sich der Gr\u00f6\u00dfe deiner T\u00f6pfe an, wodurch du auch f\u00fcr gr\u00f6\u00dfere T\u00f6pfe Platz findest. Kontrolliere die Hitze mit der intuitiven Slidertechnologie. Du stellst die Kochstufe einfach \u00fcber den Touchscreen ein. Danach l\u00e4sst sich die Anzeige verriegeln. Das ist eine gute Idee, wenn deine Kinder dich gerne in der K\u00fcche unterst\u00fctzen. Backst du gerne? Dann schmelze die Schokolade ganz ohne Wasserbad mit der Schmelzstufe. Das Kochfeld h\u00e4lt die Temperatur konstant niedrig, damit nichts anbrennt. \u00dcber die 4-fache Restw\u00e4rmeanzeige siehst du immer, wo noch etwas W\u00e4rme \u00fcbrig ist, was Energie spart und auch deine Finger vor Verbrennungen sch\u00fctzt.<\/p>\n","protected":false},"excerpt":{"rendered":"<p>Das Bauknecht CTAR 9642 IN Glaskeramikkochfeld ist dein flexibler Partner in der K\u00fcche. Zwei der vier Kochzonen passen sich der Gr\u00f6\u00dfe deiner T\u00f6pfe an, wodurch du auch f\u00fcr gr\u00f6\u00dfere T\u00f6pfe Platz findest. Kontrolliere die Hitze mit der intuitiven Slidertechnologie. Du stellst die Kochstufe einfach \u00fcber den Touchscreen ein. Danach l\u00e4sst sich die Anzeige verriegeln. Das ist eine gute Idee, wenn deine Kinder dich gerne in der K\u00fcche unterst\u00fctzen. Backst du gerne? Dann schmelze die Schokolade ganz ohne Wasserbad mit der Schmelzstufe. Das Kochfeld h\u00e4lt die Temperatur konstant niedrig, damit nichts anbrennt. \u00dcber die 4-fache Restw\u00e4rmeanzeige siehst du immer, wo noch etwas W\u00e4rme \u00fcbrig ist, was Energie spart und auch deine Finger vor Verbrennungen sch\u00fctzt.<\/p>\n","protected":false},"featured_media":0,"comment_status":"closed","ping_status":"open","template":"","meta":{"_acf_changed":false},"brand":[8187],"product_brand":[],"product_cat":[2595],"product_tag":[2596],"class_list":{"0":"post-73987","1":"product","2":"type-product","3":"status-publish","5":"brand-bauknecht","6":"product_cat-kochfelder","7":"product_tag-inbouw-keramische-kookplaten","8":"pa_condition-new","9":"pa_coolblue-de-verzending-morgen-gratis-geliefert","10":"pa_ean-8192","11":"pa_mpn-8193","13":"first","14":"instock","15":"product-type-external"},"acf":[],"_links":{"self":[{"href":"https:\/\/onlinehardwareshop.de\/index.php\/wp-json\/wp\/v2\/product\/73987","targetHints":{"allow":["GET"]}}],"collection":[{"href":"https:\/\/onlinehardwareshop.de\/index.php\/wp-json\/wp\/v2\/product"}],"about":[{"href":"https:\/\/onlinehardwareshop.de\/index.php\/wp-json\/wp\/v2\/types\/product"}],"replies":[{"embeddable":true,"href":"https:\/\/onlinehardwareshop.de\/index.php\/wp-json\/wp\/v2\/comments?post=73987"}],"wp:attachment":[{"href":"https:\/\/onlinehardwareshop.de\/index.php\/wp-json\/wp\/v2\/media?parent=73987"}],"wp:term":[{"taxonomy":"brand","embeddable":true,"href":"https:\/\/onlinehardwareshop.de\/index.php\/wp-json\/wp\/v2\/brand?post=73987"},{"taxonomy":"product_brand","embeddable":true,"href":"https:\/\/onlinehardwareshop.de\/index.php\/wp-json\/wp\/v2\/product_brand?post=73987"},{"taxonomy":"product_cat","embeddable":true,"href":"https:\/\/onlinehardwareshop.de\/index.php\/wp-json\/wp\/v2\/product_cat?post=73987"},{"taxonomy":"product_tag","embeddable":true,"href":"https:\/\/onlinehardwareshop.de\/index.php\/wp-json\/wp\/v2\/product_tag?post=73987"}],"curies":[{"name":"wp","href":"https:\/\/api.w.org\/{rel}","templated":true}]}}