{"id":73860,"date":"2025-02-17T00:49:19","date_gmt":"2025-02-17T00:49:19","guid":{"rendered":"https:\/\/onlinehardwareshop.de\/index.php\/produkt\/russell-hobbs-honeycomb-schwarz-26051-70-2\/"},"modified":"2025-05-14T03:48:06","modified_gmt":"2025-05-14T03:48:06","slug":"russell-hobbs-honeycomb-schwarz-26051-70","status":"publish","type":"product","link":"https:\/\/onlinehardwareshop.de\/index.php\/produkt\/russell-hobbs-honeycomb-schwarz-26051-70\/","title":{"rendered":"Russell Hobbs Honeycomb Schwarz 26051-70"},"content":{"rendered":"<p>Mit dem Russell Hobbs Honeycomb Schwarz 26051-70 kannst du dank des Fassungsverm\u00f6gens von 1,7\u00a0Litern bis zu sieben Tassen auf einmal zubereiten. M\u00f6chtest du nur ein zwei oder drei Tassen Tee aufbr\u00fchen? Dann verwende die praktische Markierung an der Innenseite des Wasserkochers. So wei\u00dft du genau, wie viel Wasser du einf\u00fcllen musst. Beim Einschenken h\u00e4lt der Kalkfilter eventuelle Kalkpartikel zur\u00fcck. Der Filter ist abnehmbar und dadurch einfach zu reinigen. Es ist sehr einfach, den Wasserkocher wieder auf seinen Sockel zu stellen, da dieser drehbar ist. Verwendest du den Wasserkocher eine Weile nicht? Dann schaltet er sich automatisch aus.<\/p>\n","protected":false},"excerpt":{"rendered":"<p>Mit dem Russell Hobbs Honeycomb Schwarz 26051-70 kannst du dank des Fassungsverm\u00f6gens von 1,7\u00a0Litern bis zu sieben Tassen auf einmal zubereiten. M\u00f6chtest du nur ein zwei oder drei Tassen Tee aufbr\u00fchen? Dann verwende die praktische Markierung an der Innenseite des Wasserkochers. So wei\u00dft du genau, wie viel Wasser du einf\u00fcllen musst. Beim Einschenken h\u00e4lt der Kalkfilter eventuelle Kalkpartikel zur\u00fcck. Der Filter ist abnehmbar und dadurch einfach zu reinigen. Es ist sehr einfach, den Wasserkocher wieder auf seinen Sockel zu stellen, da dieser drehbar ist. Verwendest du den Wasserkocher eine Weile nicht? Dann schaltet er sich automatisch aus.<\/p>\n","protected":false},"featured_media":0,"comment_status":"closed","ping_status":"open","template":"","meta":{"_acf_changed":false},"brand":[734],"product_brand":[],"product_cat":[716],"product_tag":[717],"class_list":{"0":"post-73860","1":"product","2":"type-product","3":"status-publish","5":"brand-russell-hobbs","6":"product_cat-wasserkocher","7":"product_tag-waterkokers","8":"pa_condition-new","9":"pa_coolblue-de-verzending-morgen-gratis-geliefert","10":"pa_ean-7926","11":"pa_mpn-26051-70","13":"first","14":"instock","15":"product-type-external"},"acf":[],"_links":{"self":[{"href":"https:\/\/onlinehardwareshop.de\/index.php\/wp-json\/wp\/v2\/product\/73860","targetHints":{"allow":["GET"]}}],"collection":[{"href":"https:\/\/onlinehardwareshop.de\/index.php\/wp-json\/wp\/v2\/product"}],"about":[{"href":"https:\/\/onlinehardwareshop.de\/index.php\/wp-json\/wp\/v2\/types\/product"}],"replies":[{"embeddable":true,"href":"https:\/\/onlinehardwareshop.de\/index.php\/wp-json\/wp\/v2\/comments?post=73860"}],"wp:attachment":[{"href":"https:\/\/onlinehardwareshop.de\/index.php\/wp-json\/wp\/v2\/media?parent=73860"}],"wp:term":[{"taxonomy":"brand","embeddable":true,"href":"https:\/\/onlinehardwareshop.de\/index.php\/wp-json\/wp\/v2\/brand?post=73860"},{"taxonomy":"product_brand","embeddable":true,"href":"https:\/\/onlinehardwareshop.de\/index.php\/wp-json\/wp\/v2\/product_brand?post=73860"},{"taxonomy":"product_cat","embeddable":true,"href":"https:\/\/onlinehardwareshop.de\/index.php\/wp-json\/wp\/v2\/product_cat?post=73860"},{"taxonomy":"product_tag","embeddable":true,"href":"https:\/\/onlinehardwareshop.de\/index.php\/wp-json\/wp\/v2\/product_tag?post=73860"}],"curies":[{"name":"wp","href":"https:\/\/api.w.org\/{rel}","templated":true}]}}