{"id":73808,"date":"2025-02-02T22:24:32","date_gmt":"2025-02-02T22:24:32","guid":{"rendered":"https:\/\/onlinehardwareshop.de\/index.php\/produkt\/rovary-rv2000p-co2-messgert-2\/"},"modified":"2025-05-14T03:43:42","modified_gmt":"2025-05-14T03:43:42","slug":"rovary-rv2000p-co2-messgert","status":"publish","type":"product","link":"https:\/\/onlinehardwareshop.de\/index.php\/produkt\/rovary-rv2000p-co2-messgert\/","title":{"rendered":"Rovary RV2000P CO2-Messger&#xE4;t"},"content":{"rendered":"<p>Mit dem Rovary RV2000P Luftqualit\u00e4tsmessger\u00e4t misst du den CO2-Wert, die Temperatur und die Luftfeuchtigkeit in deinem Haus. Sobald das Messger\u00e4t ein oranges oder rotes Licht anzeigt, sollte das Haus ventiliert werden. So bist du die ungesunde Luftqualit\u00e4t los und verringerst die Gefahr einer Virenverteilung und M\u00fcdigkeit. Auf dem gro\u00dfen Display siehst du alle Messwerte in Echtzeit. Sogar die Angaben der letzten sieben Tage kannst du in einer Grafik ablesen, damit du die Entwicklung der Luftqualit\u00e4t kontrollieren kannst. Weil der RV2000P mit Batterien funktioniert, kannst du das Messger\u00e4t \u00fcberall aufstellen, ohne dass du eine Steckdose in der N\u00e4he haben musst.<\/p>\n","protected":false},"excerpt":{"rendered":"<p>Mit dem Rovary RV2000P Luftqualit\u00e4tsmessger\u00e4t misst du den CO2-Wert, die Temperatur und die Luftfeuchtigkeit in deinem Haus. Sobald das Messger\u00e4t ein oranges oder rotes Licht anzeigt, sollte das Haus ventiliert werden. So bist du die ungesunde Luftqualit\u00e4t los und verringerst die Gefahr einer Virenverteilung und M\u00fcdigkeit. Auf dem gro\u00dfen Display siehst du alle Messwerte in Echtzeit. Sogar die Angaben der letzten sieben Tage kannst du in einer Grafik ablesen, damit du die Entwicklung der Luftqualit\u00e4t kontrollieren kannst. Weil der RV2000P mit Batterien funktioniert, kannst du das Messger\u00e4t \u00fcberall aufstellen, ohne dass du eine Steckdose in der N\u00e4he haben musst.<\/p>\n","protected":false},"featured_media":0,"comment_status":"closed","ping_status":"open","template":"","meta":{"_acf_changed":false},"brand":[7804],"product_brand":[],"product_cat":[3076],"product_tag":[3077],"class_list":{"0":"post-73808","1":"product","2":"type-product","3":"status-publish","5":"brand-rovary","6":"product_cat-luftqualittsmessgerte","7":"product_tag-luchtkwaliteitsmeters","8":"pa_condition-new","9":"pa_coolblue-de-verzending-morgen-gratis-geliefert","10":"pa_ean-7802","11":"pa_mpn-rv2000p","13":"first","14":"instock","15":"product-type-external"},"acf":[],"_links":{"self":[{"href":"https:\/\/onlinehardwareshop.de\/index.php\/wp-json\/wp\/v2\/product\/73808","targetHints":{"allow":["GET"]}}],"collection":[{"href":"https:\/\/onlinehardwareshop.de\/index.php\/wp-json\/wp\/v2\/product"}],"about":[{"href":"https:\/\/onlinehardwareshop.de\/index.php\/wp-json\/wp\/v2\/types\/product"}],"replies":[{"embeddable":true,"href":"https:\/\/onlinehardwareshop.de\/index.php\/wp-json\/wp\/v2\/comments?post=73808"}],"wp:attachment":[{"href":"https:\/\/onlinehardwareshop.de\/index.php\/wp-json\/wp\/v2\/media?parent=73808"}],"wp:term":[{"taxonomy":"brand","embeddable":true,"href":"https:\/\/onlinehardwareshop.de\/index.php\/wp-json\/wp\/v2\/brand?post=73808"},{"taxonomy":"product_brand","embeddable":true,"href":"https:\/\/onlinehardwareshop.de\/index.php\/wp-json\/wp\/v2\/product_brand?post=73808"},{"taxonomy":"product_cat","embeddable":true,"href":"https:\/\/onlinehardwareshop.de\/index.php\/wp-json\/wp\/v2\/product_cat?post=73808"},{"taxonomy":"product_tag","embeddable":true,"href":"https:\/\/onlinehardwareshop.de\/index.php\/wp-json\/wp\/v2\/product_tag?post=73808"}],"curies":[{"name":"wp","href":"https:\/\/api.w.org\/{rel}","templated":true}]}}