{"id":73807,"date":"2024-11-22T04:16:31","date_gmt":"2024-11-22T04:16:31","guid":{"rendered":"https:\/\/onlinehardwareshop.de\/index.php\/produkt\/sony-ecm-b1m-richtmikrofon-2\/"},"modified":"2025-05-14T03:43:37","modified_gmt":"2025-05-14T03:43:37","slug":"sony-ecm-b1m-richtmikrofon","status":"publish","type":"product","link":"https:\/\/onlinehardwareshop.de\/index.php\/produkt\/sony-ecm-b1m-richtmikrofon\/","title":{"rendered":"Sony ECM-B1M Richtmikrofon"},"content":{"rendered":"<p>Das Sony ECM-B1M Richtmikrofon ist ein vielseitiges Mikrofon, mit dem du die Tonqualit\u00e4t deiner Videos verbesserst. Das Modell hat eine digitale Signalverarbeitung, weswegen du aus drei direktionalen Richtcharakteristiken ausw\u00e4hlst: Superniere, Niere und Kugel. Diese Richtcharakteristiken geben an, wie empfindlich das Mikrofon f\u00fcr die Richtung ist, aus der der Ton kommt. So verwendest du ein Mikro mit Nierencharakteristik zum Beispiel in einem Interview, und eines mit Kugelcharakteristik wenn sich die Personen bei der Aufnahme mehr bewegen. Die acht einzelnen Mikrofoneinheiten haben einen speziellen Algorithmus, wodurch der seitlich auftreffende Ger\u00e4usche gut abschirmt. Auf diese Weise gelingen dir gerichtete Aufnahmen. Das kompakte Design bewirkt, dass sich das Mikrofon f\u00fcr Aufnahmen vor Ort eignet. Du steckst das Mikrofon an den Multi-Interface-Schuh deiner Sony Kamera und brauchst somit keine zus\u00e4tzlichen Kabel. Der Digital-\/Analog-Schalter sorgt daf\u00fcr, dass sich das Mikrofon nicht nur f\u00fcr neue Sony Kameras mit integriertem Digital-Audio-Interface eignet, sondern auch f\u00fcr \u00e4ltere Modelle.<\/p>\n","protected":false},"excerpt":{"rendered":"<p>Das Sony ECM-B1M Richtmikrofon ist ein vielseitiges Mikrofon, mit dem du die Tonqualit\u00e4t deiner Videos verbesserst. Das Modell hat eine digitale Signalverarbeitung, weswegen du aus drei direktionalen Richtcharakteristiken ausw\u00e4hlst: Superniere, Niere und Kugel. Diese Richtcharakteristiken geben an, wie empfindlich das Mikrofon f\u00fcr die Richtung ist, aus der der Ton kommt. So verwendest du ein Mikro mit Nierencharakteristik zum Beispiel in einem Interview, und eines mit Kugelcharakteristik wenn sich die Personen bei der Aufnahme mehr bewegen. Die acht einzelnen Mikrofoneinheiten haben einen speziellen Algorithmus, wodurch der seitlich auftreffende Ger\u00e4usche gut abschirmt. Auf diese Weise gelingen dir gerichtete Aufnahmen. Das kompakte Design bewirkt, dass sich das Mikrofon f\u00fcr Aufnahmen vor Ort eignet. Du steckst das Mikrofon an den Multi-Interface-Schuh deiner Sony Kamera und brauchst somit keine zus\u00e4tzlichen Kabel. Der Digital-\/Analog-Schalter sorgt daf\u00fcr, dass sich das Mikrofon nicht nur f\u00fcr neue Sony Kameras mit integriertem Digital-Audio-Interface eignet, sondern auch f\u00fcr \u00e4ltere Modelle.<\/p>\n","protected":false},"featured_media":0,"comment_status":"closed","ping_status":"open","template":"","meta":{"_acf_changed":false},"brand":[56],"product_brand":[],"product_cat":[1570],"product_tag":[1571],"class_list":{"0":"post-73807","1":"product","2":"type-product","3":"status-publish","5":"brand-sony","6":"product_cat-kameramikrofone","7":"product_tag-cameramicrofoons","8":"pa_condition-new","9":"pa_coolblue-de-verzending-morgen-gratis-geliefert","10":"pa_ean-7800","11":"pa_mpn-ecmb1m-syu","13":"first","14":"instock","15":"product-type-external"},"acf":[],"_links":{"self":[{"href":"https:\/\/onlinehardwareshop.de\/index.php\/wp-json\/wp\/v2\/product\/73807","targetHints":{"allow":["GET"]}}],"collection":[{"href":"https:\/\/onlinehardwareshop.de\/index.php\/wp-json\/wp\/v2\/product"}],"about":[{"href":"https:\/\/onlinehardwareshop.de\/index.php\/wp-json\/wp\/v2\/types\/product"}],"replies":[{"embeddable":true,"href":"https:\/\/onlinehardwareshop.de\/index.php\/wp-json\/wp\/v2\/comments?post=73807"}],"wp:attachment":[{"href":"https:\/\/onlinehardwareshop.de\/index.php\/wp-json\/wp\/v2\/media?parent=73807"}],"wp:term":[{"taxonomy":"brand","embeddable":true,"href":"https:\/\/onlinehardwareshop.de\/index.php\/wp-json\/wp\/v2\/brand?post=73807"},{"taxonomy":"product_brand","embeddable":true,"href":"https:\/\/onlinehardwareshop.de\/index.php\/wp-json\/wp\/v2\/product_brand?post=73807"},{"taxonomy":"product_cat","embeddable":true,"href":"https:\/\/onlinehardwareshop.de\/index.php\/wp-json\/wp\/v2\/product_cat?post=73807"},{"taxonomy":"product_tag","embeddable":true,"href":"https:\/\/onlinehardwareshop.de\/index.php\/wp-json\/wp\/v2\/product_tag?post=73807"}],"curies":[{"name":"wp","href":"https:\/\/api.w.org\/{rel}","templated":true}]}}