{"id":73794,"date":"2024-08-17T02:37:38","date_gmt":"2024-08-17T02:37:38","guid":{"rendered":"https:\/\/onlinehardwareshop.de\/index.php\/produkt\/eko-x-cube-2-x-20-liter-schwarz-2\/"},"modified":"2025-05-14T03:42:34","modified_gmt":"2025-05-14T03:42:34","slug":"eko-x-cube-2-x-20-liter-schwarz","status":"publish","type":"product","link":"https:\/\/onlinehardwareshop.de\/index.php\/produkt\/eko-x-cube-2-x-20-liter-schwarz\/","title":{"rendered":"EKO X-Cube 2 x 20 Liter Schwarz"},"content":{"rendered":"<p>Mit dem EKO X-Cube 2 x 20 Liter Schwarz kannst du ganz einfach zwei Sorten M\u00fcll trennen, zu Beispiel Plastik- und Restm\u00fcll. Dank Geruchsfilter musst du dich nicht \u00fcber schlechte Ger\u00fcche \u00e4rgern. Dieser Filter befindet sich im Deckel und sollte f\u00fcr ein optimales Ergebnis alle vier bis sechs Wochen ausgetauscht werden. Du \u00f6ffnest den M\u00fclleimer mit dem Fu\u00dfpedal. Praktisch, denn so hast du die H\u00e4nde f\u00fcr den Abfall frei und der Deckel bleibt sauber. \u00d6ffnest du den Deckel doch mal mit der Hand? Dank der speziellen Beschichtung siehst du keine schmutzigen Fingerabdr\u00fccke. Der M\u00fcllbeutel wird am Rand des Inneneimers befestigt. Um den M\u00fcllbeutel auszutauschen, hebt man den Rand des Deckels einfach an. Dank der Kapazit\u00e4t von 40 Litern ist dieser M\u00fclleimer sehr gut f\u00fcr einen Haushalt mit drei bis vier Personen geeignet.<\/p>\n","protected":false},"excerpt":{"rendered":"<p>Mit dem EKO X-Cube 2 x 20 Liter Schwarz kannst du ganz einfach zwei Sorten M\u00fcll trennen, zu Beispiel Plastik- und Restm\u00fcll. Dank Geruchsfilter musst du dich nicht \u00fcber schlechte Ger\u00fcche \u00e4rgern. Dieser Filter befindet sich im Deckel und sollte f\u00fcr ein optimales Ergebnis alle vier bis sechs Wochen ausgetauscht werden. Du \u00f6ffnest den M\u00fclleimer mit dem Fu\u00dfpedal. Praktisch, denn so hast du die H\u00e4nde f\u00fcr den Abfall frei und der Deckel bleibt sauber. \u00d6ffnest du den Deckel doch mal mit der Hand? Dank der speziellen Beschichtung siehst du keine schmutzigen Fingerabdr\u00fccke. Der M\u00fcllbeutel wird am Rand des Inneneimers befestigt. Um den M\u00fcllbeutel auszutauschen, hebt man den Rand des Deckels einfach an. Dank der Kapazit\u00e4t von 40 Litern ist dieser M\u00fclleimer sehr gut f\u00fcr einen Haushalt mit drei bis vier Personen geeignet.<\/p>\n","protected":false},"featured_media":0,"comment_status":"closed","ping_status":"open","template":"","meta":{"_acf_changed":false},"brand":[5674],"product_brand":[],"product_cat":[653],"product_tag":[654],"class_list":{"0":"post-73794","1":"product","2":"type-product","3":"status-publish","5":"brand-eko","6":"product_cat-mlleimer","7":"product_tag-prullenbakken-keuken-met-afvalscheiding","8":"pa_condition-new","9":"pa_coolblue-de-verzending-morgen-gratis-geliefert","10":"pa_ean-7773","11":"pa_mpn-7774","13":"first","14":"instock","15":"product-type-external"},"acf":[],"_links":{"self":[{"href":"https:\/\/onlinehardwareshop.de\/index.php\/wp-json\/wp\/v2\/product\/73794","targetHints":{"allow":["GET"]}}],"collection":[{"href":"https:\/\/onlinehardwareshop.de\/index.php\/wp-json\/wp\/v2\/product"}],"about":[{"href":"https:\/\/onlinehardwareshop.de\/index.php\/wp-json\/wp\/v2\/types\/product"}],"replies":[{"embeddable":true,"href":"https:\/\/onlinehardwareshop.de\/index.php\/wp-json\/wp\/v2\/comments?post=73794"}],"wp:attachment":[{"href":"https:\/\/onlinehardwareshop.de\/index.php\/wp-json\/wp\/v2\/media?parent=73794"}],"wp:term":[{"taxonomy":"brand","embeddable":true,"href":"https:\/\/onlinehardwareshop.de\/index.php\/wp-json\/wp\/v2\/brand?post=73794"},{"taxonomy":"product_brand","embeddable":true,"href":"https:\/\/onlinehardwareshop.de\/index.php\/wp-json\/wp\/v2\/product_brand?post=73794"},{"taxonomy":"product_cat","embeddable":true,"href":"https:\/\/onlinehardwareshop.de\/index.php\/wp-json\/wp\/v2\/product_cat?post=73794"},{"taxonomy":"product_tag","embeddable":true,"href":"https:\/\/onlinehardwareshop.de\/index.php\/wp-json\/wp\/v2\/product_tag?post=73794"}],"curies":[{"name":"wp","href":"https:\/\/api.w.org\/{rel}","templated":true}]}}