{"id":73791,"date":"2025-04-25T12:03:17","date_gmt":"2025-04-25T12:03:17","guid":{"rendered":"https:\/\/onlinehardwareshop.de\/index.php\/produkt\/eko-mirage-plus-sensor-30-2-x-15liter-matt-edelstahl-2\/"},"modified":"2025-05-14T03:42:24","modified_gmt":"2025-05-14T03:42:24","slug":"eko-mirage-plus-sensor-30-2-x-15liter-matt-edelstahl","status":"publish","type":"product","link":"https:\/\/onlinehardwareshop.de\/index.php\/produkt\/eko-mirage-plus-sensor-30-2-x-15liter-matt-edelstahl\/","title":{"rendered":"EKO Mirage Plus Sensor 30 + 2 x 15&#xA0;Liter Matt Edelstahl"},"content":{"rendered":"<p>Mit dem EKO Mirage Plus Sensor 30 + 2 x 15\u00a0Liter Matt Edelstahl trennst du ganz einfach drei Abfallarten. So sammelst du Restm\u00fcll im 30-Liter-Eimer und Biom\u00fcll und Papier in den kleineren 15-Liter-Eimern. Mit seiner Gr\u00f6\u00dfe ist der M\u00fclleimer f\u00fcr einen gro\u00dfen Haushalt ab f\u00fcnf Personen geeignet. Du \u00f6ffnest den Deckel anhand eines Sensors. So hast du die H\u00e4nde frei und der Deckel bleibt sauber. Den unteren 15-Liter-Beh\u00e4lter kannst du am Griff aufziehen. Schmutzige Fingerabdr\u00fccke hinterl\u00e4sst du dank der speziellen Beschichtung auch hier nicht.<\/p>\n","protected":false},"excerpt":{"rendered":"<p>Mit dem EKO Mirage Plus Sensor 30 + 2 x 15\u00a0Liter Matt Edelstahl trennst du ganz einfach drei Abfallarten. So sammelst du Restm\u00fcll im 30-Liter-Eimer und Biom\u00fcll und Papier in den kleineren 15-Liter-Eimern. Mit seiner Gr\u00f6\u00dfe ist der M\u00fclleimer f\u00fcr einen gro\u00dfen Haushalt ab f\u00fcnf Personen geeignet. Du \u00f6ffnest den Deckel anhand eines Sensors. So hast du die H\u00e4nde frei und der Deckel bleibt sauber. Den unteren 15-Liter-Beh\u00e4lter kannst du am Griff aufziehen. Schmutzige Fingerabdr\u00fccke hinterl\u00e4sst du dank der speziellen Beschichtung auch hier nicht.<\/p>\n","protected":false},"featured_media":0,"comment_status":"closed","ping_status":"open","template":"","meta":{"_acf_changed":false},"brand":[5674],"product_brand":[],"product_cat":[653],"product_tag":[654],"class_list":{"0":"post-73791","1":"product","2":"type-product","3":"status-publish","5":"brand-eko","6":"product_cat-mlleimer","7":"product_tag-prullenbakken-keuken-met-afvalscheiding","8":"pa_condition-new","9":"pa_coolblue-de-verzending-morgen-gratis-geliefert","10":"pa_ean-27280","11":"pa_mpn-27281","13":"first","14":"instock","15":"product-type-external"},"acf":[],"_links":{"self":[{"href":"https:\/\/onlinehardwareshop.de\/index.php\/wp-json\/wp\/v2\/product\/73791","targetHints":{"allow":["GET"]}}],"collection":[{"href":"https:\/\/onlinehardwareshop.de\/index.php\/wp-json\/wp\/v2\/product"}],"about":[{"href":"https:\/\/onlinehardwareshop.de\/index.php\/wp-json\/wp\/v2\/types\/product"}],"replies":[{"embeddable":true,"href":"https:\/\/onlinehardwareshop.de\/index.php\/wp-json\/wp\/v2\/comments?post=73791"}],"wp:attachment":[{"href":"https:\/\/onlinehardwareshop.de\/index.php\/wp-json\/wp\/v2\/media?parent=73791"}],"wp:term":[{"taxonomy":"brand","embeddable":true,"href":"https:\/\/onlinehardwareshop.de\/index.php\/wp-json\/wp\/v2\/brand?post=73791"},{"taxonomy":"product_brand","embeddable":true,"href":"https:\/\/onlinehardwareshop.de\/index.php\/wp-json\/wp\/v2\/product_brand?post=73791"},{"taxonomy":"product_cat","embeddable":true,"href":"https:\/\/onlinehardwareshop.de\/index.php\/wp-json\/wp\/v2\/product_cat?post=73791"},{"taxonomy":"product_tag","embeddable":true,"href":"https:\/\/onlinehardwareshop.de\/index.php\/wp-json\/wp\/v2\/product_tag?post=73791"}],"curies":[{"name":"wp","href":"https:\/\/api.w.org\/{rel}","templated":true}]}}