{"id":73775,"date":"2025-01-19T14:42:28","date_gmt":"2025-01-19T14:42:28","guid":{"rendered":"https:\/\/onlinehardwareshop.de\/index.php\/produkt\/sony-ecm-w2bt-kabelloses-mikrofon-2\/"},"modified":"2025-05-14T03:31:01","modified_gmt":"2025-05-14T03:31:01","slug":"sony-ecm-w2bt-kabelloses-mikrofon","status":"publish","type":"product","link":"https:\/\/onlinehardwareshop.de\/index.php\/produkt\/sony-ecm-w2bt-kabelloses-mikrofon\/","title":{"rendered":"Sony ECM-W2BT Kabelloses Mikrofon"},"content":{"rendered":"<p>Das Sony ECM-W2BT ist ein benutzerfreundliches Funkmikrofon, das beispielsweise Ton f\u00fcr Interviews und Vlogs aufzeichnet. Dank des kompakten Designs und des geringen Gewichts von 27 Gramm kannst du das Mikrofon problemlos vor Ort mitnehmen. Dieses Set enth\u00e4lt einen Sender mit integriertem Mikrofon und einen Empf\u00e4nger. Du befestigst den Empf\u00e4nger an deiner Kamera oder Kleidung, der Sender ist f\u00fcr den Interviewpartner. Beide Mikrofone haben auf der R\u00fcckseite einen Clip, mit dem sie ganz einfach an der Kleidung befestigt werden k\u00f6nnen. Dank des 3,5-mm-Klinkenanschlusses kannst du den Sender auch in Kombination mit einem anderen Lavaliermikrofon verwenden. Mit diesem kabellosen Mikrofon hast du eine Reichweite von 200 Metern. Dies gibt dir viel Bewegungsfreiheit w\u00e4hrend der Aufnahme. Beginnt es zu regnen? Keine Sorge, das Mikrofon ist spritzwassergesch\u00fctzt.<\/p>\n","protected":false},"excerpt":{"rendered":"<p>Das Sony ECM-W2BT ist ein benutzerfreundliches Funkmikrofon, das beispielsweise Ton f\u00fcr Interviews und Vlogs aufzeichnet. Dank des kompakten Designs und des geringen Gewichts von 27 Gramm kannst du das Mikrofon problemlos vor Ort mitnehmen. Dieses Set enth\u00e4lt einen Sender mit integriertem Mikrofon und einen Empf\u00e4nger. Du befestigst den Empf\u00e4nger an deiner Kamera oder Kleidung, der Sender ist f\u00fcr den Interviewpartner. Beide Mikrofone haben auf der R\u00fcckseite einen Clip, mit dem sie ganz einfach an der Kleidung befestigt werden k\u00f6nnen. Dank des 3,5-mm-Klinkenanschlusses kannst du den Sender auch in Kombination mit einem anderen Lavaliermikrofon verwenden. Mit diesem kabellosen Mikrofon hast du eine Reichweite von 200 Metern. Dies gibt dir viel Bewegungsfreiheit w\u00e4hrend der Aufnahme. Beginnt es zu regnen? Keine Sorge, das Mikrofon ist spritzwassergesch\u00fctzt.<\/p>\n","protected":false},"featured_media":0,"comment_status":"closed","ping_status":"open","template":"","meta":{"_acf_changed":false},"brand":[56],"product_brand":[],"product_cat":[1570],"product_tag":[1571],"class_list":{"0":"post-73775","1":"product","2":"type-product","3":"status-publish","5":"brand-sony","6":"product_cat-kameramikrofone","7":"product_tag-cameramicrofoons","8":"pa_condition-new","9":"pa_coolblue-de-verzending-morgen-gratis-geliefert","10":"pa_ean-7724","11":"pa_mpn-ecmw2bt-ce7","13":"first","14":"instock","15":"product-type-external"},"acf":[],"_links":{"self":[{"href":"https:\/\/onlinehardwareshop.de\/index.php\/wp-json\/wp\/v2\/product\/73775","targetHints":{"allow":["GET"]}}],"collection":[{"href":"https:\/\/onlinehardwareshop.de\/index.php\/wp-json\/wp\/v2\/product"}],"about":[{"href":"https:\/\/onlinehardwareshop.de\/index.php\/wp-json\/wp\/v2\/types\/product"}],"replies":[{"embeddable":true,"href":"https:\/\/onlinehardwareshop.de\/index.php\/wp-json\/wp\/v2\/comments?post=73775"}],"wp:attachment":[{"href":"https:\/\/onlinehardwareshop.de\/index.php\/wp-json\/wp\/v2\/media?parent=73775"}],"wp:term":[{"taxonomy":"brand","embeddable":true,"href":"https:\/\/onlinehardwareshop.de\/index.php\/wp-json\/wp\/v2\/brand?post=73775"},{"taxonomy":"product_brand","embeddable":true,"href":"https:\/\/onlinehardwareshop.de\/index.php\/wp-json\/wp\/v2\/product_brand?post=73775"},{"taxonomy":"product_cat","embeddable":true,"href":"https:\/\/onlinehardwareshop.de\/index.php\/wp-json\/wp\/v2\/product_cat?post=73775"},{"taxonomy":"product_tag","embeddable":true,"href":"https:\/\/onlinehardwareshop.de\/index.php\/wp-json\/wp\/v2\/product_tag?post=73775"}],"curies":[{"name":"wp","href":"https:\/\/api.w.org\/{rel}","templated":true}]}}