{"id":73773,"date":"2025-02-19T20:43:35","date_gmt":"2025-02-19T20:43:35","guid":{"rendered":"https:\/\/onlinehardwareshop.de\/index.php\/produkt\/bosch-advancedrecip-18-ohne-akku-2\/"},"modified":"2025-05-14T03:30:40","modified_gmt":"2025-05-14T03:30:40","slug":"bosch-advancedrecip-18-ohne-akku","status":"publish","type":"product","link":"https:\/\/onlinehardwareshop.de\/index.php\/produkt\/bosch-advancedrecip-18-ohne-akku\/","title":{"rendered":"Bosch AdvancedRecip 18 (ohne Akku)"},"content":{"rendered":"<p>M\u00f6chtest du im hinteren Teil des Gartens einige niedrig h\u00e4ngende \u00c4ste abs\u00e4gen? Oder m\u00fcssen Dielen zugeschnitten werden, ohne dass ein Stromkabel im Weg ist? Mit der S\u00e4bels\u00e4ge Bosch AdvancedRecip 18 ist das m\u00f6glich. Diese leistungsstarke S\u00e4ge arbeitet mit einem (bei dieser Version mitgelieferten) 18-Volt-Akku und ist somit \u00fcberall einsetzbar. Mit der AdvancedRecip 18 kannst du bis zu einer Tiefe von 100\u00a0Millimetern in Holz, Kunststoff oder Spanplatten schneiden und ein Metallrohr oder eine Metallleitung von maximal 20 Millimeter St\u00e4rke. Zudem wiegt die S\u00e4bels\u00e4ge nur 2,5\u00a0Kilogramm und reduziert Vibrationen auf ein Minimum. So arbeitest du angenehm und kontrolliert, bis die Arbeit erledigt ist.<\/p>\n","protected":false},"excerpt":{"rendered":"<p>M\u00f6chtest du im hinteren Teil des Gartens einige niedrig h\u00e4ngende \u00c4ste abs\u00e4gen? Oder m\u00fcssen Dielen zugeschnitten werden, ohne dass ein Stromkabel im Weg ist? Mit der S\u00e4bels\u00e4ge Bosch AdvancedRecip 18 ist das m\u00f6glich. Diese leistungsstarke S\u00e4ge arbeitet mit einem (bei dieser Version mitgelieferten) 18-Volt-Akku und ist somit \u00fcberall einsetzbar. Mit der AdvancedRecip 18 kannst du bis zu einer Tiefe von 100\u00a0Millimetern in Holz, Kunststoff oder Spanplatten schneiden und ein Metallrohr oder eine Metallleitung von maximal 20 Millimeter St\u00e4rke. Zudem wiegt die S\u00e4bels\u00e4ge nur 2,5\u00a0Kilogramm und reduziert Vibrationen auf ein Minimum. So arbeitest du angenehm und kontrolliert, bis die Arbeit erledigt ist.<\/p>\n","protected":false},"featured_media":0,"comment_status":"closed","ping_status":"open","template":"","meta":{"_acf_changed":false},"brand":[250],"product_brand":[],"product_cat":[585],"product_tag":[2028],"class_list":{"0":"post-73773","1":"product","2":"type-product","3":"status-publish","5":"brand-bosch","6":"product_cat-sbelsgen","7":"product_tag-accu-reciprozagen","8":"pa_condition-new","9":"pa_coolblue-de-verzending-morgen-gratis-geliefert","10":"pa_ean-7718","11":"pa_mpn-06033b2402","13":"first","14":"instock","15":"product-type-external"},"acf":[],"_links":{"self":[{"href":"https:\/\/onlinehardwareshop.de\/index.php\/wp-json\/wp\/v2\/product\/73773","targetHints":{"allow":["GET"]}}],"collection":[{"href":"https:\/\/onlinehardwareshop.de\/index.php\/wp-json\/wp\/v2\/product"}],"about":[{"href":"https:\/\/onlinehardwareshop.de\/index.php\/wp-json\/wp\/v2\/types\/product"}],"replies":[{"embeddable":true,"href":"https:\/\/onlinehardwareshop.de\/index.php\/wp-json\/wp\/v2\/comments?post=73773"}],"wp:attachment":[{"href":"https:\/\/onlinehardwareshop.de\/index.php\/wp-json\/wp\/v2\/media?parent=73773"}],"wp:term":[{"taxonomy":"brand","embeddable":true,"href":"https:\/\/onlinehardwareshop.de\/index.php\/wp-json\/wp\/v2\/brand?post=73773"},{"taxonomy":"product_brand","embeddable":true,"href":"https:\/\/onlinehardwareshop.de\/index.php\/wp-json\/wp\/v2\/product_brand?post=73773"},{"taxonomy":"product_cat","embeddable":true,"href":"https:\/\/onlinehardwareshop.de\/index.php\/wp-json\/wp\/v2\/product_cat?post=73773"},{"taxonomy":"product_tag","embeddable":true,"href":"https:\/\/onlinehardwareshop.de\/index.php\/wp-json\/wp\/v2\/product_tag?post=73773"}],"curies":[{"name":"wp","href":"https:\/\/api.w.org\/{rel}","templated":true}]}}