{"id":73759,"date":"2024-11-02T18:49:01","date_gmt":"2024-11-02T18:49:01","guid":{"rendered":"https:\/\/onlinehardwareshop.de\/index.php\/produkt\/vogels-tvs-3695-2\/"},"modified":"2025-05-14T03:29:24","modified_gmt":"2025-05-14T03:29:24","slug":"vogels-tvs-3695","status":"publish","type":"product","link":"https:\/\/onlinehardwareshop.de\/index.php\/produkt\/vogels-tvs-3695\/","title":{"rendered":"Vogel&#8217;s TVS 3695"},"content":{"rendered":"<p>Mit dem Vogel&#8217;s TVS 3695 holst du dir einen stilvollen TV-St\u00e4nder aus Eichenholz in dein Zuhause. Dieser sch\u00f6ne St\u00e4nder ist eine elegante Alternative f\u00fcr einen TV-St\u00e4nder. Du kannst ihn als Prunkst\u00fcck in der Mitte des Raumes oder in einer weniger auff\u00e4lligen Ecke platzieren. Du kannst den Fernseher bis zu 90 Grad in die gew\u00fcnschte Richtung drehen und mit dem Drehknopf auf der R\u00fcckseite einfach h\u00f6her oder niedriger einstellen. So hast du von verschiedenen Stellen in deinem Zimmer einen guten Blick auf den Fernseher. Schaue zum Beispiel vom Esstisch aus fern oder strecke dich auf der Couch aus. W\u00e4hrend du deinen Fernseher genie\u00dft, gibt es kein sichtbares Kabel, da du sie einfach im Kabelkanal verstecken kannst. Dieser TV-St\u00e4nder ist f\u00fcr Fernseher von 40 bis 77 Zoll mit einem maximalen Gewicht von 50 Kilo geeignet.<\/p>\n","protected":false},"excerpt":{"rendered":"<p>Mit dem Vogel&#8217;s TVS 3695 holst du dir einen stilvollen TV-St\u00e4nder aus Eichenholz in dein Zuhause. Dieser sch\u00f6ne St\u00e4nder ist eine elegante Alternative f\u00fcr einen TV-St\u00e4nder. Du kannst ihn als Prunkst\u00fcck in der Mitte des Raumes oder in einer weniger auff\u00e4lligen Ecke platzieren. Du kannst den Fernseher bis zu 90 Grad in die gew\u00fcnschte Richtung drehen und mit dem Drehknopf auf der R\u00fcckseite einfach h\u00f6her oder niedriger einstellen. So hast du von verschiedenen Stellen in deinem Zimmer einen guten Blick auf den Fernseher. Schaue zum Beispiel vom Esstisch aus fern oder strecke dich auf der Couch aus. W\u00e4hrend du deinen Fernseher genie\u00dft, gibt es kein sichtbares Kabel, da du sie einfach im Kabelkanal verstecken kannst. Dieser TV-St\u00e4nder ist f\u00fcr Fernseher von 40 bis 77 Zoll mit einem maximalen Gewicht von 50 Kilo geeignet.<\/p>\n","protected":false},"featured_media":0,"comment_status":"closed","ping_status":"open","template":"","meta":{"_acf_changed":false},"brand":[1237],"product_brand":[],"product_cat":[6935],"product_tag":[6936],"class_list":{"0":"post-73759","1":"product","2":"type-product","3":"status-publish","5":"brand-vogels","6":"product_cat-fernseherstnder","7":"product_tag-televisie-standaards","8":"pa_condition-new","9":"pa_coolblue-de-verzending-morgen-gratis-geliefert","10":"pa_ean-7685","11":"pa_mpn-7686","13":"first","14":"instock","15":"product-type-external"},"acf":[],"_links":{"self":[{"href":"https:\/\/onlinehardwareshop.de\/index.php\/wp-json\/wp\/v2\/product\/73759","targetHints":{"allow":["GET"]}}],"collection":[{"href":"https:\/\/onlinehardwareshop.de\/index.php\/wp-json\/wp\/v2\/product"}],"about":[{"href":"https:\/\/onlinehardwareshop.de\/index.php\/wp-json\/wp\/v2\/types\/product"}],"replies":[{"embeddable":true,"href":"https:\/\/onlinehardwareshop.de\/index.php\/wp-json\/wp\/v2\/comments?post=73759"}],"wp:attachment":[{"href":"https:\/\/onlinehardwareshop.de\/index.php\/wp-json\/wp\/v2\/media?parent=73759"}],"wp:term":[{"taxonomy":"brand","embeddable":true,"href":"https:\/\/onlinehardwareshop.de\/index.php\/wp-json\/wp\/v2\/brand?post=73759"},{"taxonomy":"product_brand","embeddable":true,"href":"https:\/\/onlinehardwareshop.de\/index.php\/wp-json\/wp\/v2\/product_brand?post=73759"},{"taxonomy":"product_cat","embeddable":true,"href":"https:\/\/onlinehardwareshop.de\/index.php\/wp-json\/wp\/v2\/product_cat?post=73759"},{"taxonomy":"product_tag","embeddable":true,"href":"https:\/\/onlinehardwareshop.de\/index.php\/wp-json\/wp\/v2\/product_tag?post=73759"}],"curies":[{"name":"wp","href":"https:\/\/api.w.org\/{rel}","templated":true}]}}