{"id":73753,"date":"2024-07-17T23:38:58","date_gmt":"2024-07-17T23:38:58","guid":{"rendered":"https:\/\/onlinehardwareshop.de\/index.php\/produkt\/ring-alarm-magnetkontakt-2\/"},"modified":"2025-05-14T03:28:55","modified_gmt":"2025-05-14T03:28:55","slug":"ring-alarm-magnetkontakt","status":"publish","type":"product","link":"https:\/\/onlinehardwareshop.de\/index.php\/produkt\/ring-alarm-magnetkontakt\/","title":{"rendered":"Ring Alarm Magnetkontakt"},"content":{"rendered":"<p>Die zweite Generation des Ring Alarm Kontaktsensors ist eine Erweiterung f\u00fcr deinen Ring Alarm. Der Sensor ist kleiner als sein Vorg\u00e4nger und enth\u00e4lt zwei Batterien, sodass er l\u00e4nger h\u00e4lt. Du platzierst den Sensor an einem Fensterrahmen oder einer T\u00fcr. \u00dcber den Alarm empf\u00e4ngst du eine Benachrichtigung, wenn das entsprechende Fenster oder die T\u00fcr ge\u00f6ffnet werden. Bestimme selbst, ob ein Alarmton im Haus ert\u00f6nen oder eine Benachrichtigung auf deinem Smartphone erscheinen soll. Um diese Erweiterung nutzen zu k\u00f6nnen, brauchst du immer eine Ring Basisstation. Der Alarmton ert\u00f6nt nur, wenn dieser am Bedienfeld eingeschaltet wurde.<\/p>\n","protected":false},"excerpt":{"rendered":"<p>Die zweite Generation des Ring Alarm Kontaktsensors ist eine Erweiterung f\u00fcr deinen Ring Alarm. Der Sensor ist kleiner als sein Vorg\u00e4nger und enth\u00e4lt zwei Batterien, sodass er l\u00e4nger h\u00e4lt. Du platzierst den Sensor an einem Fensterrahmen oder einer T\u00fcr. \u00dcber den Alarm empf\u00e4ngst du eine Benachrichtigung, wenn das entsprechende Fenster oder die T\u00fcr ge\u00f6ffnet werden. Bestimme selbst, ob ein Alarmton im Haus ert\u00f6nen oder eine Benachrichtigung auf deinem Smartphone erscheinen soll. Um diese Erweiterung nutzen zu k\u00f6nnen, brauchst du immer eine Ring Basisstation. Der Alarmton ert\u00f6nt nur, wenn dieser am Bedienfeld eingeschaltet wurde.<\/p>\n","protected":false},"featured_media":0,"comment_status":"closed","ping_status":"open","template":"","meta":{"_acf_changed":false},"brand":[3612],"product_brand":[],"product_cat":[5658],"product_tag":[5659],"class_list":{"0":"post-73753","1":"product","2":"type-product","3":"status-publish","5":"brand-ring","6":"product_cat-magnetkontakte","7":"product_tag-magneetcontacten","8":"pa_condition-new","9":"pa_coolblue-de-verzending-morgen-gratis-geliefert","10":"pa_ean-7675","11":"pa_mpn-4sd1sz-0eu0","13":"first","14":"instock","15":"product-type-external"},"acf":[],"_links":{"self":[{"href":"https:\/\/onlinehardwareshop.de\/index.php\/wp-json\/wp\/v2\/product\/73753","targetHints":{"allow":["GET"]}}],"collection":[{"href":"https:\/\/onlinehardwareshop.de\/index.php\/wp-json\/wp\/v2\/product"}],"about":[{"href":"https:\/\/onlinehardwareshop.de\/index.php\/wp-json\/wp\/v2\/types\/product"}],"replies":[{"embeddable":true,"href":"https:\/\/onlinehardwareshop.de\/index.php\/wp-json\/wp\/v2\/comments?post=73753"}],"wp:attachment":[{"href":"https:\/\/onlinehardwareshop.de\/index.php\/wp-json\/wp\/v2\/media?parent=73753"}],"wp:term":[{"taxonomy":"brand","embeddable":true,"href":"https:\/\/onlinehardwareshop.de\/index.php\/wp-json\/wp\/v2\/brand?post=73753"},{"taxonomy":"product_brand","embeddable":true,"href":"https:\/\/onlinehardwareshop.de\/index.php\/wp-json\/wp\/v2\/product_brand?post=73753"},{"taxonomy":"product_cat","embeddable":true,"href":"https:\/\/onlinehardwareshop.de\/index.php\/wp-json\/wp\/v2\/product_cat?post=73753"},{"taxonomy":"product_tag","embeddable":true,"href":"https:\/\/onlinehardwareshop.de\/index.php\/wp-json\/wp\/v2\/product_tag?post=73753"}],"curies":[{"name":"wp","href":"https:\/\/api.w.org\/{rel}","templated":true}]}}