{"id":73728,"date":"2024-07-12T21:33:00","date_gmt":"2024-07-12T21:33:00","guid":{"rendered":"https:\/\/onlinehardwareshop.de\/index.php\/produkt\/steelseries-rival-5-gaming-maus-2\/"},"modified":"2025-05-14T03:26:44","modified_gmt":"2025-05-14T03:26:44","slug":"steelseries-rival-5-gaming-maus","status":"publish","type":"product","link":"https:\/\/onlinehardwareshop.de\/index.php\/produkt\/steelseries-rival-5-gaming-maus\/","title":{"rendered":"SteelSeries Rival 5 Gaming-Maus"},"content":{"rendered":"<p>Die SteelSeries Rival\u00a05 Gaming-Maus verf\u00fcgt \u00fcber die Balance, Sensorik und RGB-Beleuchtung, welche auf dem Schreibtisch eines seri\u00f6sen Gamers nicht fehlen d\u00fcrfen. Mit dem Design der Rival Serie bleibt SteelSeries weiterhin der Linie treu, mit der sie schon seit Jahren die Herzen professioneller Gamer h\u00f6her schlagen lassen. Mit sage und schreibe 9 Tasten bietet dir diese Gaming-Maus mehr als genug M\u00f6glichkeiten zur Vergabe deiner Schnelltasten. Oder verwende die Maus, um schnell durch deinen Browser zu klicken und die vorherige oder folgende Seite aufzurufen. Da die Maus \u00fcber mechanische Tastenschalter verf\u00fcgt, wird jeder Klick registriert. So kannst du immer sicher sein, dass deine Aktion im Spiel auch ausgef\u00fchrt wird. \u00dcber die Software stellst du die Lift-Off-Distanzerkennung ein und w\u00e4hlst die Farbe aus, in der die Maus aufleuchten soll.<\/p>\n","protected":false},"excerpt":{"rendered":"<p>Die SteelSeries Rival\u00a05 Gaming-Maus verf\u00fcgt \u00fcber die Balance, Sensorik und RGB-Beleuchtung, welche auf dem Schreibtisch eines seri\u00f6sen Gamers nicht fehlen d\u00fcrfen. Mit dem Design der Rival Serie bleibt SteelSeries weiterhin der Linie treu, mit der sie schon seit Jahren die Herzen professioneller Gamer h\u00f6her schlagen lassen. Mit sage und schreibe 9 Tasten bietet dir diese Gaming-Maus mehr als genug M\u00f6glichkeiten zur Vergabe deiner Schnelltasten. Oder verwende die Maus, um schnell durch deinen Browser zu klicken und die vorherige oder folgende Seite aufzurufen. Da die Maus \u00fcber mechanische Tastenschalter verf\u00fcgt, wird jeder Klick registriert. So kannst du immer sicher sein, dass deine Aktion im Spiel auch ausgef\u00fchrt wird. \u00dcber die Software stellst du die Lift-Off-Distanzerkennung ein und w\u00e4hlst die Farbe aus, in der die Maus aufleuchten soll.<\/p>\n","protected":false},"featured_media":0,"comment_status":"closed","ping_status":"open","template":"","meta":{"_acf_changed":false},"brand":[3605],"product_brand":[],"product_cat":[33],"product_tag":[3752],"class_list":{"0":"post-73728","1":"product","2":"type-product","3":"status-publish","5":"brand-steelseries","6":"product_cat-muse","7":"product_tag-gaming-muizen","8":"pa_condition-new","9":"pa_coolblue-de-verzending-morgen-gratis-geliefert","10":"pa_ean-7620","11":"pa_mpn-7621","13":"first","14":"instock","15":"product-type-external"},"acf":[],"_links":{"self":[{"href":"https:\/\/onlinehardwareshop.de\/index.php\/wp-json\/wp\/v2\/product\/73728","targetHints":{"allow":["GET"]}}],"collection":[{"href":"https:\/\/onlinehardwareshop.de\/index.php\/wp-json\/wp\/v2\/product"}],"about":[{"href":"https:\/\/onlinehardwareshop.de\/index.php\/wp-json\/wp\/v2\/types\/product"}],"replies":[{"embeddable":true,"href":"https:\/\/onlinehardwareshop.de\/index.php\/wp-json\/wp\/v2\/comments?post=73728"}],"wp:attachment":[{"href":"https:\/\/onlinehardwareshop.de\/index.php\/wp-json\/wp\/v2\/media?parent=73728"}],"wp:term":[{"taxonomy":"brand","embeddable":true,"href":"https:\/\/onlinehardwareshop.de\/index.php\/wp-json\/wp\/v2\/brand?post=73728"},{"taxonomy":"product_brand","embeddable":true,"href":"https:\/\/onlinehardwareshop.de\/index.php\/wp-json\/wp\/v2\/product_brand?post=73728"},{"taxonomy":"product_cat","embeddable":true,"href":"https:\/\/onlinehardwareshop.de\/index.php\/wp-json\/wp\/v2\/product_cat?post=73728"},{"taxonomy":"product_tag","embeddable":true,"href":"https:\/\/onlinehardwareshop.de\/index.php\/wp-json\/wp\/v2\/product_tag?post=73728"}],"curies":[{"name":"wp","href":"https:\/\/api.w.org\/{rel}","templated":true}]}}