{"id":73718,"date":"2024-07-29T00:22:37","date_gmt":"2024-07-29T00:22:37","guid":{"rendered":"https:\/\/onlinehardwareshop.de\/index.php\/produkt\/tristar-vs-3920-45-liter-2\/"},"modified":"2025-05-14T03:25:51","modified_gmt":"2025-05-14T03:25:51","slug":"tristar-vs-3920-45-liter","status":"publish","type":"product","link":"https:\/\/onlinehardwareshop.de\/index.php\/produkt\/tristar-vs-3920-45-liter\/","title":{"rendered":"Tristar VS-3920 4,5 Liter"},"content":{"rendered":"<p>Mit dem Tristar VS-3920 4,5 Liter kannst du ganz einfach gesunde Gerichte zubereiten, ohne zu viel Zeit in der K\u00fcche zu verbringen. F\u00fcge einfach die Zutaten hinzu und der Slowcooker erledigt den Rest. Der Slowcooker gart das Essen langsam. Das bedeutet, dass die N\u00e4hrstoffe besser erhalten bleiben. Du kannst z. B. langsam gekochtes Fleisch oder einen leckeren Eintopf f\u00fcr 4 bis 5 Personen zubereiten. Der Slowcooker kann einfach \u00fcber das digitale Display bedient werden. Du kannst die gew\u00fcnschte Temperatur und die Zubereitungszeit bis zu maximal 20 Stunden einstellen. Sobald das Gericht fertig ist, schaltet sich die Warmhaltefunktion automatisch ein. So k\u00fchlt das Essen nicht aus. Die Keramik-Innenschale ist herausnehmbar und kann in der Sp\u00fclmaschine gereinigt werden.<\/p>\n","protected":false},"excerpt":{"rendered":"<p>Mit dem Tristar VS-3920 4,5 Liter kannst du ganz einfach gesunde Gerichte zubereiten, ohne zu viel Zeit in der K\u00fcche zu verbringen. F\u00fcge einfach die Zutaten hinzu und der Slowcooker erledigt den Rest. Der Slowcooker gart das Essen langsam. Das bedeutet, dass die N\u00e4hrstoffe besser erhalten bleiben. Du kannst z. B. langsam gekochtes Fleisch oder einen leckeren Eintopf f\u00fcr 4 bis 5 Personen zubereiten. Der Slowcooker kann einfach \u00fcber das digitale Display bedient werden. Du kannst die gew\u00fcnschte Temperatur und die Zubereitungszeit bis zu maximal 20 Stunden einstellen. Sobald das Gericht fertig ist, schaltet sich die Warmhaltefunktion automatisch ein. So k\u00fchlt das Essen nicht aus. Die Keramik-Innenschale ist herausnehmbar und kann in der Sp\u00fclmaschine gereinigt werden.<\/p>\n","protected":false},"featured_media":0,"comment_status":"closed","ping_status":"open","template":"","meta":{"_acf_changed":false},"brand":[3269],"product_brand":[],"product_cat":[536],"product_tag":[537],"class_list":{"0":"post-73718","1":"product","2":"type-product","3":"status-publish","5":"brand-tristar","6":"product_cat-slowcooker","7":"product_tag-slowcookers","8":"pa_condition-new","9":"pa_coolblue-de-verzending-morgen-gratis-geliefert","10":"pa_ean-7596","11":"pa_mpn-vs-3920","13":"first","14":"instock","15":"product-type-external"},"acf":[],"_links":{"self":[{"href":"https:\/\/onlinehardwareshop.de\/index.php\/wp-json\/wp\/v2\/product\/73718","targetHints":{"allow":["GET"]}}],"collection":[{"href":"https:\/\/onlinehardwareshop.de\/index.php\/wp-json\/wp\/v2\/product"}],"about":[{"href":"https:\/\/onlinehardwareshop.de\/index.php\/wp-json\/wp\/v2\/types\/product"}],"replies":[{"embeddable":true,"href":"https:\/\/onlinehardwareshop.de\/index.php\/wp-json\/wp\/v2\/comments?post=73718"}],"wp:attachment":[{"href":"https:\/\/onlinehardwareshop.de\/index.php\/wp-json\/wp\/v2\/media?parent=73718"}],"wp:term":[{"taxonomy":"brand","embeddable":true,"href":"https:\/\/onlinehardwareshop.de\/index.php\/wp-json\/wp\/v2\/brand?post=73718"},{"taxonomy":"product_brand","embeddable":true,"href":"https:\/\/onlinehardwareshop.de\/index.php\/wp-json\/wp\/v2\/product_brand?post=73718"},{"taxonomy":"product_cat","embeddable":true,"href":"https:\/\/onlinehardwareshop.de\/index.php\/wp-json\/wp\/v2\/product_cat?post=73718"},{"taxonomy":"product_tag","embeddable":true,"href":"https:\/\/onlinehardwareshop.de\/index.php\/wp-json\/wp\/v2\/product_tag?post=73718"}],"curies":[{"name":"wp","href":"https:\/\/api.w.org\/{rel}","templated":true}]}}