{"id":73715,"date":"2025-03-12T22:35:03","date_gmt":"2025-03-12T22:35:03","guid":{"rendered":"https:\/\/onlinehardwareshop.de\/index.php\/produkt\/gopro-the-remote-2\/"},"modified":"2025-05-14T03:25:29","modified_gmt":"2025-05-14T03:25:29","slug":"gopro-the-remote","status":"publish","type":"product","link":"https:\/\/onlinehardwareshop.de\/index.php\/produkt\/gopro-the-remote\/","title":{"rendered":"GoPro The Remote"},"content":{"rendered":"<p>Bediene deine GoPro Kamera aus einer Entfernung von 60 Metern mit dieser GoPro The Remote. Die Fernbedienung ist bis zu einer Tiefe von 5 Metern wasserdicht und eignet sich deshalb zum Beispiel f\u00fcr Action im und ums Wasser. Dank des Displays mit hoher Aufl\u00f6sung \u00fcberpr\u00fcfst du m\u00fchelos die Einstellungen deiner GoPro. Au\u00dferdem passt du auf Knopfdruck deine Einstellungen an und markierst die tollsten Videos. So findest du die Highlights problemlos wieder, um sie zu bearbeiten und in den sozialen Medien zu teilen. Mit dieser Fernbedienung steuerst du bis zu f\u00fcnf Action-Cams gleichzeitig. Dadurch startest und stoppst du die Aufnahmen aus f\u00fcnf verschiedenen Winkeln.<\/p>\n","protected":false},"excerpt":{"rendered":"<p>Bediene deine GoPro Kamera aus einer Entfernung von 60 Metern mit dieser GoPro The Remote. Die Fernbedienung ist bis zu einer Tiefe von 5 Metern wasserdicht und eignet sich deshalb zum Beispiel f\u00fcr Action im und ums Wasser. Dank des Displays mit hoher Aufl\u00f6sung \u00fcberpr\u00fcfst du m\u00fchelos die Einstellungen deiner GoPro. Au\u00dferdem passt du auf Knopfdruck deine Einstellungen an und markierst die tollsten Videos. So findest du die Highlights problemlos wieder, um sie zu bearbeiten und in den sozialen Medien zu teilen. Mit dieser Fernbedienung steuerst du bis zu f\u00fcnf Action-Cams gleichzeitig. Dadurch startest und stoppst du die Aufnahmen aus f\u00fcnf verschiedenen Winkeln.<\/p>\n","protected":false},"featured_media":0,"comment_status":"closed","ping_status":"open","template":"","meta":{"_acf_changed":false},"brand":[591],"product_brand":[],"product_cat":[6247],"product_tag":[6248],"class_list":{"0":"post-73715","1":"product","2":"type-product","3":"status-publish","5":"brand-gopro","6":"product_cat-fernbedienungen-fr-kameras","7":"product_tag-afstandsbedieningen-voor-cameras","8":"pa_condition-new","9":"pa_coolblue-de-verzending-morgen-gratis-geliefert","10":"pa_ean-7590","11":"pa_mpn-armte-003-eu","13":"first","14":"instock","15":"product-type-external"},"acf":[],"_links":{"self":[{"href":"https:\/\/onlinehardwareshop.de\/index.php\/wp-json\/wp\/v2\/product\/73715","targetHints":{"allow":["GET"]}}],"collection":[{"href":"https:\/\/onlinehardwareshop.de\/index.php\/wp-json\/wp\/v2\/product"}],"about":[{"href":"https:\/\/onlinehardwareshop.de\/index.php\/wp-json\/wp\/v2\/types\/product"}],"replies":[{"embeddable":true,"href":"https:\/\/onlinehardwareshop.de\/index.php\/wp-json\/wp\/v2\/comments?post=73715"}],"wp:attachment":[{"href":"https:\/\/onlinehardwareshop.de\/index.php\/wp-json\/wp\/v2\/media?parent=73715"}],"wp:term":[{"taxonomy":"brand","embeddable":true,"href":"https:\/\/onlinehardwareshop.de\/index.php\/wp-json\/wp\/v2\/brand?post=73715"},{"taxonomy":"product_brand","embeddable":true,"href":"https:\/\/onlinehardwareshop.de\/index.php\/wp-json\/wp\/v2\/product_brand?post=73715"},{"taxonomy":"product_cat","embeddable":true,"href":"https:\/\/onlinehardwareshop.de\/index.php\/wp-json\/wp\/v2\/product_cat?post=73715"},{"taxonomy":"product_tag","embeddable":true,"href":"https:\/\/onlinehardwareshop.de\/index.php\/wp-json\/wp\/v2\/product_tag?post=73715"}],"curies":[{"name":"wp","href":"https:\/\/api.w.org\/{rel}","templated":true}]}}