{"id":73709,"date":"2024-03-02T00:58:51","date_gmt":"2024-03-02T00:58:51","guid":{"rendered":"https:\/\/onlinehardwareshop.de\/index.php\/produkt\/garmin-fenix-7x-solar-schwarz-51mm-2\/"},"modified":"2025-05-14T03:25:00","modified_gmt":"2025-05-14T03:25:00","slug":"garmin-fenix-7x-solar-schwarz-51mm","status":"publish","type":"product","link":"https:\/\/onlinehardwareshop.de\/index.php\/produkt\/garmin-fenix-7x-solar-schwarz-51mm\/","title":{"rendered":"Garmin Fenix 7X Solar Schwarz 51&#xA0;mm"},"content":{"rendered":"<p>Die Garmin Fenix 7X Solar Schwarz 51\u00a0mm ist die Uhr mit der besten Akkulaufzeit aus der Fenix Reihe und dadurch auch das gr\u00f6\u00dfte Modell. Im Smartwatch Modus h\u00e4lt der Akku bis zu 37 Tage durch. Zudem l\u00e4dt sich die Uhr \u00fcber Solarenergie von alleine auf. \u00dcber das Touchscreen navigierst du bequem durch alle Apps. Auf der Uhr stehen \u00fcber 40 Sportprofile zur Verf\u00fcgung. Gehst du gerne abends eine Runde Joggen? Dann schalte die Taschenlampe ein, damit man dich gut sieht. Die Uhr misst deine sportliche Leistung pr\u00e4zise. Mit der Funktion Real-time Stamina misst du deine k\u00f6rperliche Anstrengung. Dadurch bekommst du Einblick in deine Ausdauer und verhinderst, dass du dich w\u00e4hrend der sportlichen Aktivit\u00e4t \u00fcbernimmst. Auf dem 16-GB-Speicher passen neben Musik auch Karten. Die Sportuhr ist extremen Bedingungen, wie gro\u00dfen H\u00f6hen und klirrender K\u00e4lte, gewachsen. Mit der Garmin Fenix 7X Solar lassen sich unter anderem Stresslevel, Wasserzufuhr, Schritte und Schlafverhalten messen.  Hinweis: Es wird kein Ladeger\u00e4t mitgeliefert. M\u00f6chtest du die Uhr an der Steckdose aufladen? Verwende dann das Ladeger\u00e4t deines Smartphones oder bestelle dir ein Ladeger\u00e4t einzeln dazu.   Diese Uhr wird f\u00fcr einen Handgelenkumfang von 19 bis 22\u00a0cm empfohlen.<\/p>\n","protected":false},"excerpt":{"rendered":"<p>Die Garmin Fenix 7X Solar Schwarz 51\u00a0mm ist die Uhr mit der besten Akkulaufzeit aus der Fenix Reihe und dadurch auch das gr\u00f6\u00dfte Modell. Im Smartwatch Modus h\u00e4lt der Akku bis zu 37 Tage durch. Zudem l\u00e4dt sich die Uhr \u00fcber Solarenergie von alleine auf. \u00dcber das Touchscreen navigierst du bequem durch alle Apps. Auf der Uhr stehen \u00fcber 40 Sportprofile zur Verf\u00fcgung. Gehst du gerne abends eine Runde Joggen? Dann schalte die Taschenlampe ein, damit man dich gut sieht. Die Uhr misst deine sportliche Leistung pr\u00e4zise. Mit der Funktion Real-time Stamina misst du deine k\u00f6rperliche Anstrengung. Dadurch bekommst du Einblick in deine Ausdauer und verhinderst, dass du dich w\u00e4hrend der sportlichen Aktivit\u00e4t \u00fcbernimmst. Auf dem 16-GB-Speicher passen neben Musik auch Karten. Die Sportuhr ist extremen Bedingungen, wie gro\u00dfen H\u00f6hen und klirrender K\u00e4lte, gewachsen. Mit der Garmin Fenix 7X Solar lassen sich unter anderem Stresslevel, Wasserzufuhr, Schritte und Schlafverhalten messen.  Hinweis: Es wird kein Ladeger\u00e4t mitgeliefert. M\u00f6chtest du die Uhr an der Steckdose aufladen? Verwende dann das Ladeger\u00e4t deines Smartphones oder bestelle dir ein Ladeger\u00e4t einzeln dazu.   Diese Uhr wird f\u00fcr einen Handgelenkumfang von 19 bis 22\u00a0cm empfohlen.<\/p>\n","protected":false},"featured_media":0,"comment_status":"closed","ping_status":"open","template":"","meta":{"_acf_changed":false},"brand":[3804],"product_brand":[],"product_cat":[6848],"product_tag":[6849],"class_list":{"0":"post-73709","1":"product","2":"type-product","3":"status-publish","5":"brand-garmin","6":"product_cat-smartwatches","7":"product_tag-slimme-horloges","8":"pa_condition-new","9":"pa_coolblue-de-verzending-morgen-gratis-geliefert","10":"pa_ean-7578","11":"pa_mpn-010-02541-01","13":"first","14":"instock","15":"product-type-external"},"acf":[],"_links":{"self":[{"href":"https:\/\/onlinehardwareshop.de\/index.php\/wp-json\/wp\/v2\/product\/73709","targetHints":{"allow":["GET"]}}],"collection":[{"href":"https:\/\/onlinehardwareshop.de\/index.php\/wp-json\/wp\/v2\/product"}],"about":[{"href":"https:\/\/onlinehardwareshop.de\/index.php\/wp-json\/wp\/v2\/types\/product"}],"replies":[{"embeddable":true,"href":"https:\/\/onlinehardwareshop.de\/index.php\/wp-json\/wp\/v2\/comments?post=73709"}],"wp:attachment":[{"href":"https:\/\/onlinehardwareshop.de\/index.php\/wp-json\/wp\/v2\/media?parent=73709"}],"wp:term":[{"taxonomy":"brand","embeddable":true,"href":"https:\/\/onlinehardwareshop.de\/index.php\/wp-json\/wp\/v2\/brand?post=73709"},{"taxonomy":"product_brand","embeddable":true,"href":"https:\/\/onlinehardwareshop.de\/index.php\/wp-json\/wp\/v2\/product_brand?post=73709"},{"taxonomy":"product_cat","embeddable":true,"href":"https:\/\/onlinehardwareshop.de\/index.php\/wp-json\/wp\/v2\/product_cat?post=73709"},{"taxonomy":"product_tag","embeddable":true,"href":"https:\/\/onlinehardwareshop.de\/index.php\/wp-json\/wp\/v2\/product_tag?post=73709"}],"curies":[{"name":"wp","href":"https:\/\/api.w.org\/{rel}","templated":true}]}}