{"id":73685,"date":"2024-08-17T15:28:51","date_gmt":"2024-08-17T15:28:51","guid":{"rendered":"https:\/\/onlinehardwareshop.de\/index.php\/produkt\/tefal-unlimited-bratpfannenset-24-28cm-2\/"},"modified":"2025-05-14T03:22:39","modified_gmt":"2025-05-14T03:22:39","slug":"tefal-unlimited-bratpfannenset-24-28cm","status":"publish","type":"product","link":"https:\/\/onlinehardwareshop.de\/index.php\/produkt\/tefal-unlimited-bratpfannenset-24-28cm\/","title":{"rendered":"Tefal Unlimited Bratpfannenset 24 + 28&#xA0;cm"},"content":{"rendered":"<p>Mit dem Tefal Unlimited Bratpfannenset 24 + 28\u00a0cm legst du dir ein langlebiges Pfannenset zu. Die Pfannen sind mit einer Titanbeschichtung versehen. Dadurch brennen deine Zutaten nicht an und es entstehen keine Kratzer in der Pfanne. Die 24\u00a0cm gro\u00dfe Bratpfanne verwendest du zum Beispiel zum Braten von drei Portionen Kartoffeln. Mit der 28\u00a0cm gro\u00dfen Pfanne br\u00e4tst du problemlos gro\u00dfe St\u00fccke Fleisch oder Fisch. Dank des Thermo-Signalpunkts, der sich gleichm\u00e4\u00dfig rot f\u00e4rbt, wei\u00dft du au\u00dferdem genau, wann die Pfanne die richtige Brattemperatur erreicht hat. F\u00fcr eine l\u00e4ngere Lebensdauer der Pfannen w\u00e4schst du sie am besten von Hand ab.<\/p>\n","protected":false},"excerpt":{"rendered":"<p>Mit dem Tefal Unlimited Bratpfannenset 24 + 28\u00a0cm legst du dir ein langlebiges Pfannenset zu. Die Pfannen sind mit einer Titanbeschichtung versehen. Dadurch brennen deine Zutaten nicht an und es entstehen keine Kratzer in der Pfanne. Die 24\u00a0cm gro\u00dfe Bratpfanne verwendest du zum Beispiel zum Braten von drei Portionen Kartoffeln. Mit der 28\u00a0cm gro\u00dfen Pfanne br\u00e4tst du problemlos gro\u00dfe St\u00fccke Fleisch oder Fisch. Dank des Thermo-Signalpunkts, der sich gleichm\u00e4\u00dfig rot f\u00e4rbt, wei\u00dft du au\u00dferdem genau, wann die Pfanne die richtige Brattemperatur erreicht hat. F\u00fcr eine l\u00e4ngere Lebensdauer der Pfannen w\u00e4schst du sie am besten von Hand ab.<\/p>\n","protected":false},"featured_media":0,"comment_status":"closed","ping_status":"open","template":"","meta":{"_acf_changed":false},"brand":[506],"product_brand":[],"product_cat":[372],"product_tag":[1788],"class_list":{"0":"post-73685","1":"product","2":"type-product","3":"status-publish","5":"brand-tefal","6":"product_cat-tpfe-und-pfannen","7":"product_tag-bakpannensets","8":"pa_condition-new","9":"pa_coolblue-de-verzending-morgen-gratis-geliefert","10":"pa_ean-7535","12":"first","13":"instock","14":"product-type-external"},"acf":[],"_links":{"self":[{"href":"https:\/\/onlinehardwareshop.de\/index.php\/wp-json\/wp\/v2\/product\/73685","targetHints":{"allow":["GET"]}}],"collection":[{"href":"https:\/\/onlinehardwareshop.de\/index.php\/wp-json\/wp\/v2\/product"}],"about":[{"href":"https:\/\/onlinehardwareshop.de\/index.php\/wp-json\/wp\/v2\/types\/product"}],"replies":[{"embeddable":true,"href":"https:\/\/onlinehardwareshop.de\/index.php\/wp-json\/wp\/v2\/comments?post=73685"}],"wp:attachment":[{"href":"https:\/\/onlinehardwareshop.de\/index.php\/wp-json\/wp\/v2\/media?parent=73685"}],"wp:term":[{"taxonomy":"brand","embeddable":true,"href":"https:\/\/onlinehardwareshop.de\/index.php\/wp-json\/wp\/v2\/brand?post=73685"},{"taxonomy":"product_brand","embeddable":true,"href":"https:\/\/onlinehardwareshop.de\/index.php\/wp-json\/wp\/v2\/product_brand?post=73685"},{"taxonomy":"product_cat","embeddable":true,"href":"https:\/\/onlinehardwareshop.de\/index.php\/wp-json\/wp\/v2\/product_cat?post=73685"},{"taxonomy":"product_tag","embeddable":true,"href":"https:\/\/onlinehardwareshop.de\/index.php\/wp-json\/wp\/v2\/product_tag?post=73685"}],"curies":[{"name":"wp","href":"https:\/\/api.w.org\/{rel}","templated":true}]}}