{"id":73669,"date":"2024-03-28T13:01:24","date_gmt":"2024-03-28T13:01:24","guid":{"rendered":"https:\/\/onlinehardwareshop.de\/index.php\/produkt\/garmin-forerunner-55-grau-2\/"},"modified":"2025-05-14T03:21:19","modified_gmt":"2025-05-14T03:21:19","slug":"garmin-forerunner-55-grau","status":"publish","type":"product","link":"https:\/\/onlinehardwareshop.de\/index.php\/produkt\/garmin-forerunner-55-grau\/","title":{"rendered":"Garmin Forerunner 55 Grau"},"content":{"rendered":"<p>Verbessere mit der Garmin Forerunner\u00a055 Grau deine Laufleistung. \u00dcber Garmin Coach erh\u00e4ltst du individuell gestaltete Trainingspl\u00e4ne. Anhand deiner sportlichen Leistung und Zielsetzungen gleicht die Forerunner\u00a055 die Trainingspl\u00e4ne entsprechend nach oben bzw. unten an. Dadurch erreichst du deine sportlichen Ziele in deinem eigenen Tempo. Die Forerunner\u00a055 begleitet dich dank einer Akkulaufzeit von bis zu 14 Tagen auf Schritt und Tritt. Hast du st\u00e4ndig GPS aktiviert? Dann h\u00e4lt die Sportuhr nur 20 Stunden durch. Neben Lauftrainings zeichnet die Forerunner\u00a055 auch weitere Trainings wie HIIT auf. Auch lassen sich mit dieser Smartwatch Gesundheitswerte tracken, beispielsweise die Schlaf\u00fcberwachung, Intensit\u00e4tsminuten und dein Fitnessalter. Dank anpassbarer Zifferbl\u00e4tter stellst du die Uhr ganz auf deinen pers\u00f6nlichen Geschmack und Stil ein.  Diese Uhr wird f\u00fcr einen Handgelenkumfang zwischen 17 und 19\u00a0cm empfohlen.<\/p>\n","protected":false},"excerpt":{"rendered":"<p>Verbessere mit der Garmin Forerunner\u00a055 Grau deine Laufleistung. \u00dcber Garmin Coach erh\u00e4ltst du individuell gestaltete Trainingspl\u00e4ne. Anhand deiner sportlichen Leistung und Zielsetzungen gleicht die Forerunner\u00a055 die Trainingspl\u00e4ne entsprechend nach oben bzw. unten an. Dadurch erreichst du deine sportlichen Ziele in deinem eigenen Tempo. Die Forerunner\u00a055 begleitet dich dank einer Akkulaufzeit von bis zu 14 Tagen auf Schritt und Tritt. Hast du st\u00e4ndig GPS aktiviert? Dann h\u00e4lt die Sportuhr nur 20 Stunden durch. Neben Lauftrainings zeichnet die Forerunner\u00a055 auch weitere Trainings wie HIIT auf. Auch lassen sich mit dieser Smartwatch Gesundheitswerte tracken, beispielsweise die Schlaf\u00fcberwachung, Intensit\u00e4tsminuten und dein Fitnessalter. Dank anpassbarer Zifferbl\u00e4tter stellst du die Uhr ganz auf deinen pers\u00f6nlichen Geschmack und Stil ein.  Diese Uhr wird f\u00fcr einen Handgelenkumfang zwischen 17 und 19\u00a0cm empfohlen.<\/p>\n","protected":false},"featured_media":0,"comment_status":"closed","ping_status":"open","template":"","meta":{"_acf_changed":false},"brand":[3804],"product_brand":[],"product_cat":[6848],"product_tag":[6849],"class_list":{"0":"post-73669","1":"product","2":"type-product","3":"status-publish","5":"brand-garmin","6":"product_cat-smartwatches","7":"product_tag-slimme-horloges","8":"pa_condition-new","9":"pa_coolblue-de-verzending-morgen-gratis-geliefert","10":"pa_ean-7513","11":"pa_mpn-010-02562-13","13":"first","14":"instock","15":"product-type-external"},"acf":[],"_links":{"self":[{"href":"https:\/\/onlinehardwareshop.de\/index.php\/wp-json\/wp\/v2\/product\/73669","targetHints":{"allow":["GET"]}}],"collection":[{"href":"https:\/\/onlinehardwareshop.de\/index.php\/wp-json\/wp\/v2\/product"}],"about":[{"href":"https:\/\/onlinehardwareshop.de\/index.php\/wp-json\/wp\/v2\/types\/product"}],"replies":[{"embeddable":true,"href":"https:\/\/onlinehardwareshop.de\/index.php\/wp-json\/wp\/v2\/comments?post=73669"}],"wp:attachment":[{"href":"https:\/\/onlinehardwareshop.de\/index.php\/wp-json\/wp\/v2\/media?parent=73669"}],"wp:term":[{"taxonomy":"brand","embeddable":true,"href":"https:\/\/onlinehardwareshop.de\/index.php\/wp-json\/wp\/v2\/brand?post=73669"},{"taxonomy":"product_brand","embeddable":true,"href":"https:\/\/onlinehardwareshop.de\/index.php\/wp-json\/wp\/v2\/product_brand?post=73669"},{"taxonomy":"product_cat","embeddable":true,"href":"https:\/\/onlinehardwareshop.de\/index.php\/wp-json\/wp\/v2\/product_cat?post=73669"},{"taxonomy":"product_tag","embeddable":true,"href":"https:\/\/onlinehardwareshop.de\/index.php\/wp-json\/wp\/v2\/product_tag?post=73669"}],"curies":[{"name":"wp","href":"https:\/\/api.w.org\/{rel}","templated":true}]}}