{"id":73661,"date":"2024-11-11T08:21:26","date_gmt":"2024-11-11T08:21:26","guid":{"rendered":"https:\/\/onlinehardwareshop.de\/index.php\/produkt\/wmf-kitchenmini-413190011-glas-2\/"},"modified":"2025-05-14T03:20:41","modified_gmt":"2025-05-14T03:20:41","slug":"wmf-kitchenmini-413190011-glas","status":"publish","type":"product","link":"https:\/\/onlinehardwareshop.de\/index.php\/produkt\/wmf-kitchenmini-413190011-glas\/","title":{"rendered":"WMF KITCHENmini 413190011 Glas"},"content":{"rendered":"<p>Der WMF KITCHENmini 413190011 Glas ist ein kompakter, gl\u00e4serner Wasserkocher. Du kannst diesen Edelstahl-Wasserkocher leicht f\u00fcllen. Der Deckel l\u00e4sst sich n\u00e4mlich durch Dr\u00fccken des Knopfes am Griff schnell und einfach \u00f6ffnen. Mit der Literanzeige seitlich auf der Kanne kannst du die Wassermenge direkt abmessen. Der Wasserkocher ist durch Kochtrockenschutz und Deckelverschluss sicher. Mit einer Kapazit\u00e4t von 1 Liter kannst du 4 gro\u00dfe Tassen Tee auf einmal zubereiten. Der herausnehmbare Kalkfilter l\u00e4sst sich leicht in den Ausguss schieben. Er verhindert, dass Kalkpartikel in deine Tasse gelangen. Ab und zu kannst du den Filter unter dem Wasserhahn absp\u00fclen.<\/p>\n","protected":false},"excerpt":{"rendered":"<p>Der WMF KITCHENmini 413190011 Glas ist ein kompakter, gl\u00e4serner Wasserkocher. Du kannst diesen Edelstahl-Wasserkocher leicht f\u00fcllen. Der Deckel l\u00e4sst sich n\u00e4mlich durch Dr\u00fccken des Knopfes am Griff schnell und einfach \u00f6ffnen. Mit der Literanzeige seitlich auf der Kanne kannst du die Wassermenge direkt abmessen. Der Wasserkocher ist durch Kochtrockenschutz und Deckelverschluss sicher. Mit einer Kapazit\u00e4t von 1 Liter kannst du 4 gro\u00dfe Tassen Tee auf einmal zubereiten. Der herausnehmbare Kalkfilter l\u00e4sst sich leicht in den Ausguss schieben. Er verhindert, dass Kalkpartikel in deine Tasse gelangen. Ab und zu kannst du den Filter unter dem Wasserhahn absp\u00fclen.<\/p>\n","protected":false},"featured_media":0,"comment_status":"closed","ping_status":"open","template":"","meta":{"_acf_changed":false},"brand":[5738],"product_brand":[],"product_cat":[716],"product_tag":[717],"class_list":{"0":"post-73661","1":"product","2":"type-product","3":"status-publish","5":"brand-wmf","6":"product_cat-wasserkocher","7":"product_tag-waterkokers","8":"pa_condition-new","9":"pa_coolblue-de-verzending-morgen-gratis-geliefert","10":"pa_ean-7492","11":"pa_mpn-7493","13":"first","14":"instock","15":"product-type-external"},"acf":[],"_links":{"self":[{"href":"https:\/\/onlinehardwareshop.de\/index.php\/wp-json\/wp\/v2\/product\/73661","targetHints":{"allow":["GET"]}}],"collection":[{"href":"https:\/\/onlinehardwareshop.de\/index.php\/wp-json\/wp\/v2\/product"}],"about":[{"href":"https:\/\/onlinehardwareshop.de\/index.php\/wp-json\/wp\/v2\/types\/product"}],"replies":[{"embeddable":true,"href":"https:\/\/onlinehardwareshop.de\/index.php\/wp-json\/wp\/v2\/comments?post=73661"}],"wp:attachment":[{"href":"https:\/\/onlinehardwareshop.de\/index.php\/wp-json\/wp\/v2\/media?parent=73661"}],"wp:term":[{"taxonomy":"brand","embeddable":true,"href":"https:\/\/onlinehardwareshop.de\/index.php\/wp-json\/wp\/v2\/brand?post=73661"},{"taxonomy":"product_brand","embeddable":true,"href":"https:\/\/onlinehardwareshop.de\/index.php\/wp-json\/wp\/v2\/product_brand?post=73661"},{"taxonomy":"product_cat","embeddable":true,"href":"https:\/\/onlinehardwareshop.de\/index.php\/wp-json\/wp\/v2\/product_cat?post=73661"},{"taxonomy":"product_tag","embeddable":true,"href":"https:\/\/onlinehardwareshop.de\/index.php\/wp-json\/wp\/v2\/product_tag?post=73661"}],"curies":[{"name":"wp","href":"https:\/\/api.w.org\/{rel}","templated":true}]}}