{"id":73655,"date":"2024-10-13T04:42:57","date_gmt":"2024-10-13T04:42:57","guid":{"rendered":"https:\/\/onlinehardwareshop.de\/index.php\/produkt\/nikon-af-s-85mm-f-3-5g-micro-2\/"},"modified":"2025-05-14T03:20:04","modified_gmt":"2025-05-14T03:20:04","slug":"nikon-af-s-85mm-f-3-5g-micro","status":"publish","type":"product","link":"https:\/\/onlinehardwareshop.de\/index.php\/produkt\/nikon-af-s-85mm-f-3-5g-micro\/","title":{"rendered":"Nikon AF-S 85mm f\/3.5G Micro"},"content":{"rendered":"<p>Das Nikon AF-S 85mm f\/3.5G ED VR DX Micro ist ein Makroobjektiv f\u00fcr deine Nikon Spiegelreflexkamera. Mit diesem Objektiv kannst du dein Motiv in Lebensgr\u00f6\u00dfe ablichten. Dein Motiv, zum Beispiel ein Insekt oder ein anderes Tier, wird beim Fotografieren nicht gest\u00f6rt, denn der Fokusantrieb fokussiert leise und schnell. Au\u00dferdem erfolgt die Fokussierung im Objektiv selbst, damit sich das vordere Glaselement nicht pl\u00f6tzlich bewegt. Das Objektiv verf\u00fcgt \u00fcber eine integrierte Bildstabilisierung, sodass du kein Stativ brauchst, damit Fotos nicht verwackeln.<\/p>\n","protected":false},"excerpt":{"rendered":"<p>Das Nikon AF-S 85mm f\/3.5G ED VR DX Micro ist ein Makroobjektiv f\u00fcr deine Nikon Spiegelreflexkamera. Mit diesem Objektiv kannst du dein Motiv in Lebensgr\u00f6\u00dfe ablichten. Dein Motiv, zum Beispiel ein Insekt oder ein anderes Tier, wird beim Fotografieren nicht gest\u00f6rt, denn der Fokusantrieb fokussiert leise und schnell. Au\u00dferdem erfolgt die Fokussierung im Objektiv selbst, damit sich das vordere Glaselement nicht pl\u00f6tzlich bewegt. Das Objektiv verf\u00fcgt \u00fcber eine integrierte Bildstabilisierung, sodass du kein Stativ brauchst, damit Fotos nicht verwackeln.<\/p>\n","protected":false},"featured_media":0,"comment_status":"closed","ping_status":"open","template":"","meta":{"_acf_changed":false},"brand":[133],"product_brand":[],"product_cat":[187],"product_tag":[188],"class_list":{"0":"post-73655","1":"product","2":"type-product","3":"status-publish","5":"brand-nikon","6":"product_cat-kameraobjektive","7":"product_tag-lenzen-voor-slr-cameras","8":"pa_condition-new","9":"pa_coolblue-de-verzending-morgen-gratis-geliefert","10":"pa_ean-7478","11":"pa_mpn-jaa637da","13":"first","14":"instock","15":"product-type-external"},"acf":[],"_links":{"self":[{"href":"https:\/\/onlinehardwareshop.de\/index.php\/wp-json\/wp\/v2\/product\/73655","targetHints":{"allow":["GET"]}}],"collection":[{"href":"https:\/\/onlinehardwareshop.de\/index.php\/wp-json\/wp\/v2\/product"}],"about":[{"href":"https:\/\/onlinehardwareshop.de\/index.php\/wp-json\/wp\/v2\/types\/product"}],"replies":[{"embeddable":true,"href":"https:\/\/onlinehardwareshop.de\/index.php\/wp-json\/wp\/v2\/comments?post=73655"}],"wp:attachment":[{"href":"https:\/\/onlinehardwareshop.de\/index.php\/wp-json\/wp\/v2\/media?parent=73655"}],"wp:term":[{"taxonomy":"brand","embeddable":true,"href":"https:\/\/onlinehardwareshop.de\/index.php\/wp-json\/wp\/v2\/brand?post=73655"},{"taxonomy":"product_brand","embeddable":true,"href":"https:\/\/onlinehardwareshop.de\/index.php\/wp-json\/wp\/v2\/product_brand?post=73655"},{"taxonomy":"product_cat","embeddable":true,"href":"https:\/\/onlinehardwareshop.de\/index.php\/wp-json\/wp\/v2\/product_cat?post=73655"},{"taxonomy":"product_tag","embeddable":true,"href":"https:\/\/onlinehardwareshop.de\/index.php\/wp-json\/wp\/v2\/product_tag?post=73655"}],"curies":[{"name":"wp","href":"https:\/\/api.w.org\/{rel}","templated":true}]}}