{"id":73650,"date":"2024-03-24T22:41:07","date_gmt":"2024-03-24T22:41:07","guid":{"rendered":"https:\/\/onlinehardwareshop.de\/index.php\/produkt\/canon-maxify-gx7050-2\/"},"modified":"2025-05-14T03:19:40","modified_gmt":"2025-05-14T03:19:40","slug":"canon-maxify-gx7050","status":"publish","type":"product","link":"https:\/\/onlinehardwareshop.de\/index.php\/produkt\/canon-maxify-gx7050\/","title":{"rendered":"Canon MAXIFY GX7050"},"content":{"rendered":"<p>Der Canon MAXIFY GX7050 ist ein Business-4-in-1-Farbtintenstrahldrucker, der druckt, scannt, kopiert und faxt. Beim MAXIFY-Drucker fallen die Tintentanks auf der Vorderseite sofort auf. Jede Farbe hat einen eigenen Tank und durch das Sichtfenster erkennst du schnell, wie viel Tinte sich noch in den Tanks befindet. Wenn eine der Farben beinahe aufgebraucht ist, f\u00fcllst du sie aus einem der Tintenfl\u00e4schchen nach. Du \u00f6ffnest die Klappe und dr\u00fcckst die Tinte direkt hinein. Mit den vollen Tintentanks druckst du locker viele tausend Seiten. Das macht den Drucker kosteng\u00fcnstig. Dieser Canon-Drucker nutzt eine spezielle Tinte, womit er die Qualit\u00e4t der Ausdrucke garantiert. Du legst bis zu 50 Bl\u00e4tter in den automatischen Duplex-Dokumenteneinzug (DADF), sodass der Drucker automatisch und in einem Durchgang den gesamten Stapel doppelseitig scannt oder kopiert.<\/p>\n","protected":false},"excerpt":{"rendered":"<p>Der Canon MAXIFY GX7050 ist ein Business-4-in-1-Farbtintenstrahldrucker, der druckt, scannt, kopiert und faxt. Beim MAXIFY-Drucker fallen die Tintentanks auf der Vorderseite sofort auf. Jede Farbe hat einen eigenen Tank und durch das Sichtfenster erkennst du schnell, wie viel Tinte sich noch in den Tanks befindet. Wenn eine der Farben beinahe aufgebraucht ist, f\u00fcllst du sie aus einem der Tintenfl\u00e4schchen nach. Du \u00f6ffnest die Klappe und dr\u00fcckst die Tinte direkt hinein. Mit den vollen Tintentanks druckst du locker viele tausend Seiten. Das macht den Drucker kosteng\u00fcnstig. Dieser Canon-Drucker nutzt eine spezielle Tinte, womit er die Qualit\u00e4t der Ausdrucke garantiert. Du legst bis zu 50 Bl\u00e4tter in den automatischen Duplex-Dokumenteneinzug (DADF), sodass der Drucker automatisch und in einem Durchgang den gesamten Stapel doppelseitig scannt oder kopiert.<\/p>\n","protected":false},"featured_media":0,"comment_status":"closed","ping_status":"open","template":"","meta":{"_acf_changed":false},"brand":[61],"product_brand":[],"product_cat":[2205],"product_tag":[4745],"class_list":{"0":"post-73650","1":"product","2":"type-product","3":"status-publish","5":"brand-canon","6":"product_cat-drucker","7":"product_tag-inkttank-printers","8":"pa_condition-new","9":"pa_coolblue-de-verzending-morgen-gratis-geliefert","10":"pa_ean-7465","11":"pa_mpn-4471c006aa","13":"first","14":"instock","15":"product-type-external"},"acf":[],"_links":{"self":[{"href":"https:\/\/onlinehardwareshop.de\/index.php\/wp-json\/wp\/v2\/product\/73650","targetHints":{"allow":["GET"]}}],"collection":[{"href":"https:\/\/onlinehardwareshop.de\/index.php\/wp-json\/wp\/v2\/product"}],"about":[{"href":"https:\/\/onlinehardwareshop.de\/index.php\/wp-json\/wp\/v2\/types\/product"}],"replies":[{"embeddable":true,"href":"https:\/\/onlinehardwareshop.de\/index.php\/wp-json\/wp\/v2\/comments?post=73650"}],"wp:attachment":[{"href":"https:\/\/onlinehardwareshop.de\/index.php\/wp-json\/wp\/v2\/media?parent=73650"}],"wp:term":[{"taxonomy":"brand","embeddable":true,"href":"https:\/\/onlinehardwareshop.de\/index.php\/wp-json\/wp\/v2\/brand?post=73650"},{"taxonomy":"product_brand","embeddable":true,"href":"https:\/\/onlinehardwareshop.de\/index.php\/wp-json\/wp\/v2\/product_brand?post=73650"},{"taxonomy":"product_cat","embeddable":true,"href":"https:\/\/onlinehardwareshop.de\/index.php\/wp-json\/wp\/v2\/product_cat?post=73650"},{"taxonomy":"product_tag","embeddable":true,"href":"https:\/\/onlinehardwareshop.de\/index.php\/wp-json\/wp\/v2\/product_tag?post=73650"}],"curies":[{"name":"wp","href":"https:\/\/api.w.org\/{rel}","templated":true}]}}