{"id":73637,"date":"2024-04-27T16:27:28","date_gmt":"2024-04-27T16:27:28","guid":{"rendered":"https:\/\/onlinehardwareshop.de\/index.php\/produkt\/kensington-smartfit-solemate-pro-elite-fusttze-2\/"},"modified":"2025-05-14T03:18:34","modified_gmt":"2025-05-14T03:18:34","slug":"kensington-smartfit-solemate-pro-elite-fusttze","status":"publish","type":"product","link":"https:\/\/onlinehardwareshop.de\/index.php\/produkt\/kensington-smartfit-solemate-pro-elite-fusttze\/","title":{"rendered":"Kensington SmartFit SoleMate Pro Elite Fu&#xDF;st&#xFC;tze"},"content":{"rendered":"<p>Stelle die Kensington SmartFit SoleMate Pro Elite Fu\u00dfst\u00fctze in die richtige H\u00f6he und in den richtigen Winkel, so dass du eine ergonomische Haltung einnimmst. Die H\u00f6he verstellst du von 9 auf 12 cm, den Winkel passt du von 0 bis 18 Grad an. Eine verstellbare Fu\u00dfst\u00fctze ist gut f\u00fcr die Ergonomie, so dass du die Gefahr physischer Beschwerden verringerst. Du verriegelst die Fu\u00dfst\u00fctze mit dem Fu\u00dfpedal. Bist du eine Haltung satt, dann \u00e4nderst du mit einem Druck deines Fu\u00dfes auf das Fu\u00dfpedal die H\u00f6he. Ober- wie Unterseite sind rutschfest. Dadurch bleiben nicht nur deine F\u00fc\u00dfe, sondern auch ihre St\u00fctze an ihrem Platz.<\/p>\n","protected":false},"excerpt":{"rendered":"<p>Stelle die Kensington SmartFit SoleMate Pro Elite Fu\u00dfst\u00fctze in die richtige H\u00f6he und in den richtigen Winkel, so dass du eine ergonomische Haltung einnimmst. Die H\u00f6he verstellst du von 9 auf 12 cm, den Winkel passt du von 0 bis 18 Grad an. Eine verstellbare Fu\u00dfst\u00fctze ist gut f\u00fcr die Ergonomie, so dass du die Gefahr physischer Beschwerden verringerst. Du verriegelst die Fu\u00dfst\u00fctze mit dem Fu\u00dfpedal. Bist du eine Haltung satt, dann \u00e4nderst du mit einem Druck deines Fu\u00dfes auf das Fu\u00dfpedal die H\u00f6he. Ober- wie Unterseite sind rutschfest. Dadurch bleiben nicht nur deine F\u00fc\u00dfe, sondern auch ihre St\u00fctze an ihrem Platz.<\/p>\n","protected":false},"featured_media":0,"comment_status":"closed","ping_status":"open","template":"","meta":{"_acf_changed":false},"brand":[509],"product_brand":[],"product_cat":[278],"product_tag":[279],"class_list":{"0":"post-73637","1":"product","2":"type-product","3":"status-publish","5":"brand-kensington","6":"product_cat-fusttzen","7":"product_tag-voetensteunen-voor-bureaustoelen","8":"pa_condition-new","9":"pa_coolblue-de-verzending-morgen-gratis-geliefert","10":"pa_ean-7433","11":"pa_mpn-k50345eu","13":"first","14":"instock","15":"product-type-external"},"acf":[],"_links":{"self":[{"href":"https:\/\/onlinehardwareshop.de\/index.php\/wp-json\/wp\/v2\/product\/73637","targetHints":{"allow":["GET"]}}],"collection":[{"href":"https:\/\/onlinehardwareshop.de\/index.php\/wp-json\/wp\/v2\/product"}],"about":[{"href":"https:\/\/onlinehardwareshop.de\/index.php\/wp-json\/wp\/v2\/types\/product"}],"replies":[{"embeddable":true,"href":"https:\/\/onlinehardwareshop.de\/index.php\/wp-json\/wp\/v2\/comments?post=73637"}],"wp:attachment":[{"href":"https:\/\/onlinehardwareshop.de\/index.php\/wp-json\/wp\/v2\/media?parent=73637"}],"wp:term":[{"taxonomy":"brand","embeddable":true,"href":"https:\/\/onlinehardwareshop.de\/index.php\/wp-json\/wp\/v2\/brand?post=73637"},{"taxonomy":"product_brand","embeddable":true,"href":"https:\/\/onlinehardwareshop.de\/index.php\/wp-json\/wp\/v2\/product_brand?post=73637"},{"taxonomy":"product_cat","embeddable":true,"href":"https:\/\/onlinehardwareshop.de\/index.php\/wp-json\/wp\/v2\/product_cat?post=73637"},{"taxonomy":"product_tag","embeddable":true,"href":"https:\/\/onlinehardwareshop.de\/index.php\/wp-json\/wp\/v2\/product_tag?post=73637"}],"curies":[{"name":"wp","href":"https:\/\/api.w.org\/{rel}","templated":true}]}}