{"id":73636,"date":"2024-12-07T14:56:49","date_gmt":"2024-12-07T14:56:49","guid":{"rendered":"https:\/\/onlinehardwareshop.de\/index.php\/produkt\/omron-complete-ecg-recorder-2\/"},"modified":"2025-05-14T03:18:30","modified_gmt":"2025-05-14T03:18:30","slug":"omron-complete-ecg-recorder","status":"publish","type":"product","link":"https:\/\/onlinehardwareshop.de\/index.php\/produkt\/omron-complete-ecg-recorder\/","title":{"rendered":"Omron Complete + ECG Recorder"},"content":{"rendered":"<p>Das Omron Complete + ECG Recorder ist ein Blutdruckmessger\u00e4t und Elektrokardiogramm in einem. Befestige die gro\u00dfe Manschette an deinem Oberarm und lege dein Smartphone in die spezielle Halterung. Stelle sicher, dass dein Smartphone \u00fcber Bluetooth mit der Omron Connect-App verbunden ist, um deine Ergebnisse anzuzeigen. Lege f\u00fcr eine umfassende Herzfrequenzmessung deine Daumen auf die EKG-Messer. In der App siehst du sofort deine Herzfrequenz und innerhalb von 30 Sekunden, ob eine m\u00f6gliche Herzrhythmusst\u00f6rung erkannt wurde. Das Omron Complete + ECG Recorder speichert insgesamt 90 Messungen zur sp\u00e4teren \u00dcberpr\u00fcfung.<\/p>\n","protected":false},"excerpt":{"rendered":"<p>Das Omron Complete + ECG Recorder ist ein Blutdruckmessger\u00e4t und Elektrokardiogramm in einem. Befestige die gro\u00dfe Manschette an deinem Oberarm und lege dein Smartphone in die spezielle Halterung. Stelle sicher, dass dein Smartphone \u00fcber Bluetooth mit der Omron Connect-App verbunden ist, um deine Ergebnisse anzuzeigen. Lege f\u00fcr eine umfassende Herzfrequenzmessung deine Daumen auf die EKG-Messer. In der App siehst du sofort deine Herzfrequenz und innerhalb von 30 Sekunden, ob eine m\u00f6gliche Herzrhythmusst\u00f6rung erkannt wurde. Das Omron Complete + ECG Recorder speichert insgesamt 90 Messungen zur sp\u00e4teren \u00dcberpr\u00fcfung.<\/p>\n","protected":false},"featured_media":0,"comment_status":"closed","ping_status":"open","template":"","meta":{"_acf_changed":false},"brand":[1048],"product_brand":[],"product_cat":[838],"product_tag":[839],"class_list":{"0":"post-73636","1":"product","2":"type-product","3":"status-publish","5":"brand-omron","6":"product_cat-blutdruckmessgerte","7":"product_tag-bovenarm-bloeddrukmeters","8":"pa_condition-new","9":"pa_coolblue-de-verzending-morgen-gratis-geliefert","10":"pa_ean-7431","11":"pa_mpn-hem-7530t-e3","13":"first","14":"instock","15":"product-type-external"},"acf":[],"_links":{"self":[{"href":"https:\/\/onlinehardwareshop.de\/index.php\/wp-json\/wp\/v2\/product\/73636","targetHints":{"allow":["GET"]}}],"collection":[{"href":"https:\/\/onlinehardwareshop.de\/index.php\/wp-json\/wp\/v2\/product"}],"about":[{"href":"https:\/\/onlinehardwareshop.de\/index.php\/wp-json\/wp\/v2\/types\/product"}],"replies":[{"embeddable":true,"href":"https:\/\/onlinehardwareshop.de\/index.php\/wp-json\/wp\/v2\/comments?post=73636"}],"wp:attachment":[{"href":"https:\/\/onlinehardwareshop.de\/index.php\/wp-json\/wp\/v2\/media?parent=73636"}],"wp:term":[{"taxonomy":"brand","embeddable":true,"href":"https:\/\/onlinehardwareshop.de\/index.php\/wp-json\/wp\/v2\/brand?post=73636"},{"taxonomy":"product_brand","embeddable":true,"href":"https:\/\/onlinehardwareshop.de\/index.php\/wp-json\/wp\/v2\/product_brand?post=73636"},{"taxonomy":"product_cat","embeddable":true,"href":"https:\/\/onlinehardwareshop.de\/index.php\/wp-json\/wp\/v2\/product_cat?post=73636"},{"taxonomy":"product_tag","embeddable":true,"href":"https:\/\/onlinehardwareshop.de\/index.php\/wp-json\/wp\/v2\/product_tag?post=73636"}],"curies":[{"name":"wp","href":"https:\/\/api.w.org\/{rel}","templated":true}]}}