{"id":73630,"date":"2024-06-23T08:21:21","date_gmt":"2024-06-23T08:21:21","guid":{"rendered":"https:\/\/onlinehardwareshop.de\/index.php\/produkt\/tefal-unlimited-bratpfanne-32-cm-2\/"},"modified":"2025-05-14T03:18:01","modified_gmt":"2025-05-14T03:18:01","slug":"tefal-unlimited-bratpfanne-32-cm","status":"publish","type":"product","link":"https:\/\/onlinehardwareshop.de\/index.php\/produkt\/tefal-unlimited-bratpfanne-32-cm\/","title":{"rendered":"Tefal Unlimited Bratpfanne 32 cm"},"content":{"rendered":"<p>Die Tefal Unlimited Bratpfanne 32\u00a0cm ist ideal f\u00fcr das Braten gro\u00dfer St\u00fccke Fleisch oder Fisch oder von Kartoffeln f\u00fcr 6 Personen. Diese Pfanne ist solide und h\u00e4lt lange. Sie ist n\u00e4mlich mit Titan beschichtet. Dadurch brennt nichts an und du brauchst dir keine Sorgen um Kratzer zu machen. Du wei\u00dft genau, wann die Pfanne die richtige Temperatur erreicht hat, dank des Thermo-Signal, das sich dann gleichm\u00e4\u00dfig rot f\u00e4rbt. F\u00fcr eine l\u00e4ngere Lebensdauer der Pfanne w\u00e4schst du sie am besten mit der Hand ab.<\/p>\n","protected":false},"excerpt":{"rendered":"<p>Die Tefal Unlimited Bratpfanne 32\u00a0cm ist ideal f\u00fcr das Braten gro\u00dfer St\u00fccke Fleisch oder Fisch oder von Kartoffeln f\u00fcr 6 Personen. Diese Pfanne ist solide und h\u00e4lt lange. Sie ist n\u00e4mlich mit Titan beschichtet. Dadurch brennt nichts an und du brauchst dir keine Sorgen um Kratzer zu machen. Du wei\u00dft genau, wann die Pfanne die richtige Temperatur erreicht hat, dank des Thermo-Signal, das sich dann gleichm\u00e4\u00dfig rot f\u00e4rbt. F\u00fcr eine l\u00e4ngere Lebensdauer der Pfanne w\u00e4schst du sie am besten mit der Hand ab.<\/p>\n","protected":false},"featured_media":0,"comment_status":"closed","ping_status":"open","template":"","meta":{"_acf_changed":false},"brand":[506],"product_brand":[],"product_cat":[372],"product_tag":[384],"class_list":{"0":"post-73630","1":"product","2":"type-product","3":"status-publish","5":"brand-tefal","6":"product_cat-tpfe-und-pfannen","7":"product_tag-koekenpannen","8":"pa_condition-new","9":"pa_coolblue-de-verzending-morgen-gratis-geliefert","10":"pa_ean-26881","11":"pa_mpn-g2550853","13":"first","14":"instock","15":"product-type-external"},"acf":[],"_links":{"self":[{"href":"https:\/\/onlinehardwareshop.de\/index.php\/wp-json\/wp\/v2\/product\/73630","targetHints":{"allow":["GET"]}}],"collection":[{"href":"https:\/\/onlinehardwareshop.de\/index.php\/wp-json\/wp\/v2\/product"}],"about":[{"href":"https:\/\/onlinehardwareshop.de\/index.php\/wp-json\/wp\/v2\/types\/product"}],"replies":[{"embeddable":true,"href":"https:\/\/onlinehardwareshop.de\/index.php\/wp-json\/wp\/v2\/comments?post=73630"}],"wp:attachment":[{"href":"https:\/\/onlinehardwareshop.de\/index.php\/wp-json\/wp\/v2\/media?parent=73630"}],"wp:term":[{"taxonomy":"brand","embeddable":true,"href":"https:\/\/onlinehardwareshop.de\/index.php\/wp-json\/wp\/v2\/brand?post=73630"},{"taxonomy":"product_brand","embeddable":true,"href":"https:\/\/onlinehardwareshop.de\/index.php\/wp-json\/wp\/v2\/product_brand?post=73630"},{"taxonomy":"product_cat","embeddable":true,"href":"https:\/\/onlinehardwareshop.de\/index.php\/wp-json\/wp\/v2\/product_cat?post=73630"},{"taxonomy":"product_tag","embeddable":true,"href":"https:\/\/onlinehardwareshop.de\/index.php\/wp-json\/wp\/v2\/product_tag?post=73630"}],"curies":[{"name":"wp","href":"https:\/\/api.w.org\/{rel}","templated":true}]}}