{"id":73626,"date":"2025-03-20T22:58:16","date_gmt":"2025-03-20T22:58:16","guid":{"rendered":"https:\/\/onlinehardwareshop.de\/index.php\/produkt\/tefal-unlimited-bratpfannenset-24-28cm-wok-28cm-2\/"},"modified":"2025-05-14T03:17:41","modified_gmt":"2025-05-14T03:17:41","slug":"tefal-unlimited-bratpfannenset-24-28cm-wok-28cm","status":"publish","type":"product","link":"https:\/\/onlinehardwareshop.de\/index.php\/produkt\/tefal-unlimited-bratpfannenset-24-28cm-wok-28cm\/","title":{"rendered":"Tefal Unlimited Bratpfannenset 24 + 28&#xA0;cm + Wok 28&#xA0;cm"},"content":{"rendered":"<p>Mit dem Tefal Unlimited Bratpfannenset 24 + 28\u00a0cm + Wok 28\u00a0cm br\u00e4tst du dank des Woks auch Zutaten unter R\u00fchren. Das Set umfasst au\u00dferdem zwei 24 und 28\u00a0cm gro\u00dfe Bratpfannen. Diese sind praktisch f\u00fcr das Braten von Fleisch, Fisch und Kartoffeln. Du legst dir ein langlebiges Pfannenset zu, da die Pfannen eine Titanbeschichtung haben. Dadurch brennen deine Zutaten nicht an und es entstehen keine Kratzer in der Pfanne. Dank des Thermo-Signalpunkts, der sich gleichm\u00e4\u00dfig rot f\u00e4rbt, wei\u00dft du au\u00dferdem genau, wann die Pfanne die richtige Brattemperatur erreicht hat. F\u00fcr eine l\u00e4ngere Lebensdauer der Pfannen w\u00e4schst du sie am besten von Hand ab.<\/p>\n","protected":false},"excerpt":{"rendered":"<p>Mit dem Tefal Unlimited Bratpfannenset 24 + 28\u00a0cm + Wok 28\u00a0cm br\u00e4tst du dank des Woks auch Zutaten unter R\u00fchren. Das Set umfasst au\u00dferdem zwei 24 und 28\u00a0cm gro\u00dfe Bratpfannen. Diese sind praktisch f\u00fcr das Braten von Fleisch, Fisch und Kartoffeln. Du legst dir ein langlebiges Pfannenset zu, da die Pfannen eine Titanbeschichtung haben. Dadurch brennen deine Zutaten nicht an und es entstehen keine Kratzer in der Pfanne. Dank des Thermo-Signalpunkts, der sich gleichm\u00e4\u00dfig rot f\u00e4rbt, wei\u00dft du au\u00dferdem genau, wann die Pfanne die richtige Brattemperatur erreicht hat. F\u00fcr eine l\u00e4ngere Lebensdauer der Pfannen w\u00e4schst du sie am besten von Hand ab.<\/p>\n","protected":false},"featured_media":0,"comment_status":"closed","ping_status":"open","template":"","meta":{"_acf_changed":false},"brand":[506],"product_brand":[],"product_cat":[372],"product_tag":[1788],"class_list":{"0":"post-73626","1":"product","2":"type-product","3":"status-publish","5":"brand-tefal","6":"product_cat-tpfe-und-pfannen","7":"product_tag-bakpannensets","8":"pa_condition-new","9":"pa_coolblue-de-verzending-morgen-gratis-geliefert","10":"pa_ean-7411","11":"pa_mpn-g2559123","13":"first","14":"instock","15":"product-type-external"},"acf":[],"_links":{"self":[{"href":"https:\/\/onlinehardwareshop.de\/index.php\/wp-json\/wp\/v2\/product\/73626","targetHints":{"allow":["GET"]}}],"collection":[{"href":"https:\/\/onlinehardwareshop.de\/index.php\/wp-json\/wp\/v2\/product"}],"about":[{"href":"https:\/\/onlinehardwareshop.de\/index.php\/wp-json\/wp\/v2\/types\/product"}],"replies":[{"embeddable":true,"href":"https:\/\/onlinehardwareshop.de\/index.php\/wp-json\/wp\/v2\/comments?post=73626"}],"wp:attachment":[{"href":"https:\/\/onlinehardwareshop.de\/index.php\/wp-json\/wp\/v2\/media?parent=73626"}],"wp:term":[{"taxonomy":"brand","embeddable":true,"href":"https:\/\/onlinehardwareshop.de\/index.php\/wp-json\/wp\/v2\/brand?post=73626"},{"taxonomy":"product_brand","embeddable":true,"href":"https:\/\/onlinehardwareshop.de\/index.php\/wp-json\/wp\/v2\/product_brand?post=73626"},{"taxonomy":"product_cat","embeddable":true,"href":"https:\/\/onlinehardwareshop.de\/index.php\/wp-json\/wp\/v2\/product_cat?post=73626"},{"taxonomy":"product_tag","embeddable":true,"href":"https:\/\/onlinehardwareshop.de\/index.php\/wp-json\/wp\/v2\/product_tag?post=73626"}],"curies":[{"name":"wp","href":"https:\/\/api.w.org\/{rel}","templated":true}]}}