{"id":73618,"date":"2024-07-29T14:28:21","date_gmt":"2024-07-29T14:28:21","guid":{"rendered":"https:\/\/onlinehardwareshop.de\/index.php\/produkt\/kenwood-multipro-compact-fdm315ss-2\/"},"modified":"2025-05-14T03:16:55","modified_gmt":"2025-05-14T03:16:55","slug":"kenwood-multipro-compact-fdm315ss","status":"publish","type":"product","link":"https:\/\/onlinehardwareshop.de\/index.php\/produkt\/kenwood-multipro-compact-fdm315ss\/","title":{"rendered":"Kenwood Multipro Compact+ FDM315SS"},"content":{"rendered":"<p>Mit dem Kenwood Multipro Compact+ FDM315SS Food-Processor wiegst du dank der eingebauten Waage die Zutaten direkt in der R\u00fchrsch\u00fcssel ab. Dadurch musst du nicht so viel abwaschen. Mit dem Mixeraufsatz machst du frische Smoothies. Der praktische Servierdeckel sorgt daf\u00fcr, dass die geschnittenen Zutaten direkt in einer Sch\u00fcssel landen. Mit diesem Food-Processor kannst du nat\u00fcrlich auch Zutaten hacken, schneiden, reiben und kneten. Wenn du harte Zutaten wie N\u00fcsse verarbeitest, verwendest du den Pulsmodus, der kurzzeitig zus\u00e4tzliche Leistung bietet. Nach Gebrauch reinigst du die einzelnen Teile problemlos in der Sp\u00fclmaschine.<\/p>\n","protected":false},"excerpt":{"rendered":"<p>Mit dem Kenwood Multipro Compact+ FDM315SS Food-Processor wiegst du dank der eingebauten Waage die Zutaten direkt in der R\u00fchrsch\u00fcssel ab. Dadurch musst du nicht so viel abwaschen. Mit dem Mixeraufsatz machst du frische Smoothies. Der praktische Servierdeckel sorgt daf\u00fcr, dass die geschnittenen Zutaten direkt in einer Sch\u00fcssel landen. Mit diesem Food-Processor kannst du nat\u00fcrlich auch Zutaten hacken, schneiden, reiben und kneten. Wenn du harte Zutaten wie N\u00fcsse verarbeitest, verwendest du den Pulsmodus, der kurzzeitig zus\u00e4tzliche Leistung bietet. Nach Gebrauch reinigst du die einzelnen Teile problemlos in der Sp\u00fclmaschine.<\/p>\n","protected":false},"featured_media":0,"comment_status":"closed","ping_status":"open","template":"","meta":{"_acf_changed":false},"brand":[234],"product_brand":[],"product_cat":[209],"product_tag":[210],"class_list":{"0":"post-73618","1":"product","2":"type-product","3":"status-publish","5":"brand-kenwood","6":"product_cat-food-processors","7":"product_tag-foodprocessors-zonder-kookfunctie","8":"pa_condition-new","9":"pa_coolblue-de-verzending-morgen-gratis-geliefert","10":"pa_ean-7391","11":"pa_mpn-0w22011052","13":"first","14":"instock","15":"product-type-external"},"acf":[],"_links":{"self":[{"href":"https:\/\/onlinehardwareshop.de\/index.php\/wp-json\/wp\/v2\/product\/73618","targetHints":{"allow":["GET"]}}],"collection":[{"href":"https:\/\/onlinehardwareshop.de\/index.php\/wp-json\/wp\/v2\/product"}],"about":[{"href":"https:\/\/onlinehardwareshop.de\/index.php\/wp-json\/wp\/v2\/types\/product"}],"replies":[{"embeddable":true,"href":"https:\/\/onlinehardwareshop.de\/index.php\/wp-json\/wp\/v2\/comments?post=73618"}],"wp:attachment":[{"href":"https:\/\/onlinehardwareshop.de\/index.php\/wp-json\/wp\/v2\/media?parent=73618"}],"wp:term":[{"taxonomy":"brand","embeddable":true,"href":"https:\/\/onlinehardwareshop.de\/index.php\/wp-json\/wp\/v2\/brand?post=73618"},{"taxonomy":"product_brand","embeddable":true,"href":"https:\/\/onlinehardwareshop.de\/index.php\/wp-json\/wp\/v2\/product_brand?post=73618"},{"taxonomy":"product_cat","embeddable":true,"href":"https:\/\/onlinehardwareshop.de\/index.php\/wp-json\/wp\/v2\/product_cat?post=73618"},{"taxonomy":"product_tag","embeddable":true,"href":"https:\/\/onlinehardwareshop.de\/index.php\/wp-json\/wp\/v2\/product_tag?post=73618"}],"curies":[{"name":"wp","href":"https:\/\/api.w.org\/{rel}","templated":true}]}}